{"id":17191,"date":"2021-03-10T15:05:46","date_gmt":"2021-03-10T07:05:46","guid":{"rendered":"https:\/\/www.fjpremium.com\/?post_type=product&#038;p=17191"},"modified":"2023-09-20T10:54:18","modified_gmt":"2023-09-20T02:54:18","slug":"usb-c-male-to-hdmi-female-adapter4k-ready","status":"publish","type":"product","link":"https:\/\/www.fjpremium.com\/es\/product\/usb-c-male-to-hdmi-female-adapter4k-ready\/","title":{"rendered":"Adaptador USB C a HDMI 4K"},"content":{"rendered":"<p>Nuestro adaptador de primer nivel conecta eficazmente dispositivos equipados con USB-C, como smartphones, tabletas u ordenadores, a pantallas con HDMI, como televisores HD, monitores o proyectores.<\/p>\n<p>Aprovechando las capacidades de audio\/v\u00eddeo inherentes a los puertos USB Type-C, proporciona una impresionante se\u00f1al de audio\/v\u00eddeo a pantallas equipadas con HDMI.<\/p>\n<p>Adem\u00e1s, al ser compatible con una resoluci\u00f3n de hasta 4K (3840\u00d72160 a 60 Hz), garantiza una calidad de v\u00eddeo estelar en la pantalla que elijas.<\/p>\n<p>El tama\u00f1o compacto del adaptador complementa las aplicaciones BYOD en entornos educativos y corporativos, mientras que su dise\u00f1o ligero mejora la portabilidad.<\/p>\n<p>Su conector USB tipo C sim\u00e9trico y reversible garantiza un uso sin complicaciones, y con una funci\u00f3n plug-and-play, no se necesitan controladores adicionales.<\/p>\n<p>Sus especificaciones:<\/p>\n<ul>\n<li>Conector 1: USB Tipo-C macho<\/li>\n<li>Conector 2: HDMI 19 clavijas hembra<\/li>\n<li>Conductor del cable: Cobre esta\u00f1ado<\/li>\n<li>Aislamiento: PE SKIN\/HDPE espumado<\/li>\n<li>Calibre del cable: 32\/32\/26AWG<\/li>\n<li>Chipset: RTD2171U\/RTD2172U\/AG9310\/LT8711EH<\/li>\n<li>Di\u00e1metro exterior: 4,5\u00b10,2 mm<\/li>\n<\/ul>\n<p>Adem\u00e1s, respaldado por una garant\u00eda Farsince de dos a\u00f1os, este adaptador USB C a HDMI 4K cumple con los est\u00e1ndares del sector y con las normas RoHS, REACH y CE.<\/p>\n<p>Adem\u00e1s, cuenta con conectores chapados en oro, triple blindaje, revestimiento de PVC y carcasa de ABS, lo que demuestra su calidad y durabilidad. Por lo tanto, p\u00f3ngase en contacto con nosotros hoy mismo y solicite nuestro adaptador de USB C a HDMI 4K.<\/p>","protected":false},"excerpt":{"rendered":"<p>Saca el m\u00e1ximo partido a tus dispositivos con el adaptador USB C a HDMI 4K de alta calidad de Farsince, perfecto para enlazar dispositivos equipados con USB-C.<\/p>","protected":false},"featured_media":17192,"template":"","meta":{"_acf_changed":false,"_seopress_robots_primary_cat":"","_seopress_titles_title":"Best USB C to 4K HDMI Adapter - FARSINCE","_seopress_titles_desc":"","_seopress_robots_index":"","site-sidebar-layout":"default","site-content-layout":"default","ast-site-content-layout":"default","site-content-style":"default","site-sidebar-style":"default","ast-global-header-display":"","ast-banner-title-visibility":"","ast-main-header-display":"","ast-hfb-above-header-display":"","ast-hfb-below-header-display":"","ast-hfb-mobile-header-display":"","site-post-title":"","ast-breadcrumbs-content":"","ast-featured-img":"","footer-sml-layout":"","ast-disable-related-posts":"","theme-transparent-header-meta":"default","adv-header-id-meta":"","stick-header-meta":"","header-above-stick-meta":"","header-main-stick-meta":"","header-below-stick-meta":"","astra-migrate-meta-layouts":"set","ast-page-background-enabled":"default","ast-page-background-meta":{"desktop":{"background-color":"","background-image":"","background-repeat":"repeat","background-position":"center center","background-size":"auto","background-attachment":"scroll","background-type":"","background-media":"","overlay-type":"","overlay-color":"","overlay-opacity":"","overlay-gradient":""},"tablet":{"background-color":"","background-image":"","background-repeat":"repeat","background-position":"center center","background-size":"auto","background-attachment":"scroll","background-type":"","background-media":"","overlay-type":"","overlay-color":"","overlay-opacity":"","overlay-gradient":""},"mobile":{"background-color":"","background-image":"","background-repeat":"repeat","background-position":"center center","background-size":"auto","background-attachment":"scroll","background-type":"","background-media":"","overlay-type":"","overlay-color":"","overlay-opacity":"","overlay-gradient":""}},"ast-content-background-meta":{"desktop":{"background-color":"var(--ast-global-color-5)","background-image":"","background-repeat":"repeat","background-position":"center center","background-size":"auto","background-attachment":"scroll","background-type":"","background-media":"","overlay-type":"","overlay-color":"","overlay-opacity":"","overlay-gradient":""},"tablet":{"background-color":"var(--ast-global-color-5)","background-image":"","background-repeat":"repeat","background-position":"center center","background-size":"auto","background-attachment":"scroll","background-type":"","background-media":"","overlay-type":"","overlay-color":"","overlay-opacity":"","overlay-gradient":""},"mobile":{"background-color":"var(--ast-global-color-5)","background-image":"","background-repeat":"repeat","background-position":"center center","background-size":"auto","background-attachment":"scroll","background-type":"","background-media":"","overlay-type":"","overlay-color":"","overlay-opacity":"","overlay-gradient":""}},"iawp_total_views":7},"product_brand":[],"product_cat":[222],"product_tag":[],"class_list":{"0":"post-17191","1":"product","2":"type-product","3":"status-publish","4":"has-post-thumbnail","6":"product_cat-usb-c-cables","7":"desktop-align-left","8":"tablet-align-left","9":"mobile-align-left","11":"first","12":"instock","13":"shipping-taxable","14":"purchasable","15":"product-type-simple"},"acf":[],"_links":{"self":[{"href":"https:\/\/www.fjpremium.com\/es\/wp-json\/wp\/v2\/product\/17191","targetHints":{"allow":["GET"]}}],"collection":[{"href":"https:\/\/www.fjpremium.com\/es\/wp-json\/wp\/v2\/product"}],"about":[{"href":"https:\/\/www.fjpremium.com\/es\/wp-json\/wp\/v2\/types\/product"}],"wp:featuredmedia":[{"embeddable":true,"href":"https:\/\/www.fjpremium.com\/es\/wp-json\/wp\/v2\/media\/17192"}],"wp:attachment":[{"href":"https:\/\/www.fjpremium.com\/es\/wp-json\/wp\/v2\/media?parent=17191"}],"wp:term":[{"taxonomy":"product_brand","embeddable":true,"href":"https:\/\/www.fjpremium.com\/es\/wp-json\/wp\/v2\/product_brand?post=17191"},{"taxonomy":"product_cat","embeddable":true,"href":"https:\/\/www.fjpremium.com\/es\/wp-json\/wp\/v2\/product_cat?post=17191"},{"taxonomy":"product_tag","embeddable":true,"href":"https:\/\/www.fjpremium.com\/es\/wp-json\/wp\/v2\/product_tag?post=17191"}],"curies":[{"name":"wp","href":"https:\/\/api.w.org\/{rel}","templated":true}]}}