{"id":17174,"date":"2021-03-10T15:02:25","date_gmt":"2021-03-10T07:02:25","guid":{"rendered":"https:\/\/www.fjpremium.com\/?post_type=product&#038;p=17174"},"modified":"2023-09-18T15:47:09","modified_gmt":"2023-09-18T07:47:09","slug":"usb-c-male-to-hdmi-male-adapter-cable-up-to-8k60hz","status":"publish","type":"product","link":"https:\/\/www.fjpremium.com\/es\/product\/usb-c-male-to-hdmi-male-adapter-cable-up-to-8k60hz\/","title":{"rendered":"Cable adaptador HDMI USB tipo C macho a macho, hasta 8K@60Hz"},"content":{"rendered":"<p>Este cable proporciona una conexi\u00f3n fiable y de alta calidad desde dispositivos equipados con puertos USB Type-C a pantallas con HDMI, como televisores HD, monitores o proyectores.<\/p>\n<p>Con una impresionante resoluci\u00f3n de hasta 8K@60Hz, garantiza una fidelidad visual excepcional. Adem\u00e1s, sus dispositivos compatibles incluyen smartphones, tabletas y ordenadores.<\/p>\n<p>El cable cuenta con contactos y carcasa chapados en oro, y un conector USB Type-C reversible y sim\u00e9trico para facilitar su uso.<\/p>\n<p>Tambi\u00e9n destaca su robusta construcci\u00f3n, que incluye un conductor de cobre esta\u00f1ado y triple apantallamiento.<\/p>\n<p>Sus especificaciones:<\/p>\n<ul>\n<li>Conector 1: USB Tipo-C macho<\/li>\n<li>Conector 2: HDMI 19 patillas macho<\/li>\n<li>Aislamiento: PE SKIN\/HDPE espumado<\/li>\n<li>Calibre del cable: 32\/32\/26AWG<\/li>\n<li>Carcasa: Carcasa ABS\/Aluminio<\/li>\n<li>Chipset: RTD2171U o AG9310 o RTD2172U<\/li>\n<li>Cubierta: PVC<\/li>\n<li>Di\u00e1metro exterior: 4,5\u00b10,2 mm<\/li>\n<\/ul>\n<p>Adem\u00e1s, todas estas caracter\u00edsticas vienen en un paquete que cumple las normas RoHS, REACH y CE, lo que refuerza su calidad superior.<\/p>\n<p>Por lo tanto, p\u00f3ngase en contacto con nosotros hoy mismo e invierta en nuestro cable adaptador USB Tipo C HDMI.<\/p>","protected":false},"excerpt":{"rendered":"<p>Presentamos nuestro cable adaptador USB Tipo C HDMI, que garantiza una calidad de v\u00eddeo \u00f3ptima de hasta 8K@60Hz, perfecto para dispositivos con puerto USB-C para conectar con pantallas HDMI.<\/p>","protected":false},"featured_media":17176,"template":"","meta":{"_acf_changed":false,"_seopress_robots_primary_cat":"","_seopress_titles_title":"Best Male to Male USB Type C HDMI Adapter Cable - Farsince","_seopress_titles_desc":"","_seopress_robots_index":"","_seopress_analysis_target_kw":"usb type c hdmi adapter","site-sidebar-layout":"default","site-content-layout":"default","ast-site-content-layout":"default","site-content-style":"default","site-sidebar-style":"default","ast-global-header-display":"","ast-banner-title-visibility":"","ast-main-header-display":"","ast-hfb-above-header-display":"","ast-hfb-below-header-display":"","ast-hfb-mobile-header-display":"","site-post-title":"","ast-breadcrumbs-content":"","ast-featured-img":"","footer-sml-layout":"","ast-disable-related-posts":"","theme-transparent-header-meta":"default","adv-header-id-meta":"","stick-header-meta":"","header-above-stick-meta":"","header-main-stick-meta":"","header-below-stick-meta":"","astra-migrate-meta-layouts":"set","ast-page-background-enabled":"default","ast-page-background-meta":{"desktop":{"background-color":"","background-image":"","background-repeat":"repeat","background-position":"center center","background-size":"auto","background-attachment":"scroll","background-type":"","background-media":"","overlay-type":"","overlay-color":"","overlay-opacity":"","overlay-gradient":""},"tablet":{"background-color":"","background-image":"","background-repeat":"repeat","background-position":"center center","background-size":"auto","background-attachment":"scroll","background-type":"","background-media":"","overlay-type":"","overlay-color":"","overlay-opacity":"","overlay-gradient":""},"mobile":{"background-color":"","background-image":"","background-repeat":"repeat","background-position":"center center","background-size":"auto","background-attachment":"scroll","background-type":"","background-media":"","overlay-type":"","overlay-color":"","overlay-opacity":"","overlay-gradient":""}},"ast-content-background-meta":{"desktop":{"background-color":"var(--ast-global-color-5)","background-image":"","background-repeat":"repeat","background-position":"center center","background-size":"auto","background-attachment":"scroll","background-type":"","background-media":"","overlay-type":"","overlay-color":"","overlay-opacity":"","overlay-gradient":""},"tablet":{"background-color":"var(--ast-global-color-5)","background-image":"","background-repeat":"repeat","background-position":"center center","background-size":"auto","background-attachment":"scroll","background-type":"","background-media":"","overlay-type":"","overlay-color":"","overlay-opacity":"","overlay-gradient":""},"mobile":{"background-color":"var(--ast-global-color-5)","background-image":"","background-repeat":"repeat","background-position":"center center","background-size":"auto","background-attachment":"scroll","background-type":"","background-media":"","overlay-type":"","overlay-color":"","overlay-opacity":"","overlay-gradient":""}},"iawp_total_views":10},"product_brand":[],"product_cat":[222],"product_tag":[],"class_list":{"0":"post-17174","1":"product","2":"type-product","3":"status-publish","4":"has-post-thumbnail","6":"product_cat-usb-c-cables","7":"desktop-align-left","8":"tablet-align-left","9":"mobile-align-left","11":"first","12":"instock","13":"shipping-taxable","14":"purchasable","15":"product-type-simple"},"acf":[],"_links":{"self":[{"href":"https:\/\/www.fjpremium.com\/es\/wp-json\/wp\/v2\/product\/17174","targetHints":{"allow":["GET"]}}],"collection":[{"href":"https:\/\/www.fjpremium.com\/es\/wp-json\/wp\/v2\/product"}],"about":[{"href":"https:\/\/www.fjpremium.com\/es\/wp-json\/wp\/v2\/types\/product"}],"wp:featuredmedia":[{"embeddable":true,"href":"https:\/\/www.fjpremium.com\/es\/wp-json\/wp\/v2\/media\/17176"}],"wp:attachment":[{"href":"https:\/\/www.fjpremium.com\/es\/wp-json\/wp\/v2\/media?parent=17174"}],"wp:term":[{"taxonomy":"product_brand","embeddable":true,"href":"https:\/\/www.fjpremium.com\/es\/wp-json\/wp\/v2\/product_brand?post=17174"},{"taxonomy":"product_cat","embeddable":true,"href":"https:\/\/www.fjpremium.com\/es\/wp-json\/wp\/v2\/product_cat?post=17174"},{"taxonomy":"product_tag","embeddable":true,"href":"https:\/\/www.fjpremium.com\/es\/wp-json\/wp\/v2\/product_tag?post=17174"}],"curies":[{"name":"wp","href":"https:\/\/api.w.org\/{rel}","templated":true}]}}