{"id":17165,"date":"2021-03-10T14:59:53","date_gmt":"2021-03-10T06:59:53","guid":{"rendered":"https:\/\/www.fjpremium.com\/?post_type=product&#038;p=17165"},"modified":"2023-09-20T10:38:56","modified_gmt":"2023-09-20T02:38:56","slug":"usb-type-c-11-in-1-hub-usb-c-to-hdmi-3usb-3-0-gigabit-lan-vga-displayport-or-mini-displayport-sd-tf-3-5mm-audio-and-pd-adapter-2","status":"publish","type":"product","link":"https:\/\/www.fjpremium.com\/es\/product\/usb-type-c-11-in-1-hub-usb-c-to-hdmi-3usb-3-0-gigabit-lan-vga-displayport-or-mini-displayport-sd-tf-3-5mm-audio-and-pd-adapter-2\/","title":{"rendered":"USB Tipo C 11 en 1 Hub USB C a HDMI 3USB 3.0 Gigabit lan VGA, DisplayPort\/or Mini DisplayPort SD TF 3.5mm Audio, y adaptador PD"},"content":{"rendered":"<p>Nuestro Hub USB Tipo C 11 en 1 es una soluci\u00f3n vers\u00e1til para ampliar las capacidades de tu dispositivo.<\/p>\n<p>Se conecta a tu dispositivo a trav\u00e9s de un conector USB Type-C macho y ofrece una serie de conexiones, como HDMI, VGA, tres puertos USB 3.0, Gigabit LAN, DisplayPort\/Mini DisplayPort, SD, TF, audio de 3,5 mm y PD.<\/p>\n<p>Y ofrece resoluci\u00f3n 4K a 30 Hz a trav\u00e9s de HDMI y DisplayPort\/Mini DisplayPort, 1080P a trav\u00e9s de VGA, transferencia USB 3.0 de alta velocidad de hasta 5 Gbps, soporte Gigabit Ethernet de hasta 1000 Mbps y carga PD de hasta 87 W.<\/p>\n<p>Sus especificaciones:<\/p>\n<ul>\n<li>Contacto dorado, carcasa dorada<\/li>\n<li>Conductor del cable: Cobre esta\u00f1ado<\/li>\n<li>Aislamiento: PE SKIN\/HDPE espumado<\/li>\n<li>Calibre del cable: 32\/32\/26AWG<\/li>\n<li>Triple apantallado: par trenzado de papel de aluminio, papel de aluminio general, trenzado<\/li>\n<li>Carcasa: Carcasa de aluminio<\/li>\n<li>Chip: Opcional<\/li>\n<li>Cubierta: PVC<\/li>\n<li>Di\u00e1metro exterior: 4,2\u00b10,2 mm<\/li>\n<li>Conformidad: RoHS, REACH, CE<\/li>\n<\/ul>\n<p>Adem\u00e1s, no se necesita ning\u00fan controlador adicional para su funcionamiento. P\u00f3ngase en contacto con nosotros hoy mismo y solicite nuestro compacto pero potente concentrador.<\/p>","protected":false},"excerpt":{"rendered":"<p>El concentrador USB tipo C 11 en 1 de Farsince es el accesorio de conectividad definitivo, que ofrece conexiones HDMI, VGA, USB 3.0, Gigabit LAN, DisplayPort\/Mini DisplayPort, SD, TF, audio y PD.<\/p>","protected":false},"featured_media":17166,"template":"","meta":{"_acf_changed":false,"_seopress_robots_primary_cat":"","_seopress_titles_title":"Best USB Type C 11 in 1 Hub - Farsince","_seopress_titles_desc":"","_seopress_robots_index":"","site-sidebar-layout":"default","site-content-layout":"default","ast-site-content-layout":"default","site-content-style":"default","site-sidebar-style":"default","ast-global-header-display":"","ast-banner-title-visibility":"","ast-main-header-display":"","ast-hfb-above-header-display":"","ast-hfb-below-header-display":"","ast-hfb-mobile-header-display":"","site-post-title":"","ast-breadcrumbs-content":"","ast-featured-img":"","footer-sml-layout":"","ast-disable-related-posts":"","theme-transparent-header-meta":"default","adv-header-id-meta":"","stick-header-meta":"","header-above-stick-meta":"","header-main-stick-meta":"","header-below-stick-meta":"","astra-migrate-meta-layouts":"set","ast-page-background-enabled":"default","ast-page-background-meta":{"desktop":{"background-color":"","background-image":"","background-repeat":"repeat","background-position":"center center","background-size":"auto","background-attachment":"scroll","background-type":"","background-media":"","overlay-type":"","overlay-color":"","overlay-opacity":"","overlay-gradient":""},"tablet":{"background-color":"","background-image":"","background-repeat":"repeat","background-position":"center center","background-size":"auto","background-attachment":"scroll","background-type":"","background-media":"","overlay-type":"","overlay-color":"","overlay-opacity":"","overlay-gradient":""},"mobile":{"background-color":"","background-image":"","background-repeat":"repeat","background-position":"center center","background-size":"auto","background-attachment":"scroll","background-type":"","background-media":"","overlay-type":"","overlay-color":"","overlay-opacity":"","overlay-gradient":""}},"ast-content-background-meta":{"desktop":{"background-color":"var(--ast-global-color-5)","background-image":"","background-repeat":"repeat","background-position":"center center","background-size":"auto","background-attachment":"scroll","background-type":"","background-media":"","overlay-type":"","overlay-color":"","overlay-opacity":"","overlay-gradient":""},"tablet":{"background-color":"var(--ast-global-color-5)","background-image":"","background-repeat":"repeat","background-position":"center center","background-size":"auto","background-attachment":"scroll","background-type":"","background-media":"","overlay-type":"","overlay-color":"","overlay-opacity":"","overlay-gradient":""},"mobile":{"background-color":"var(--ast-global-color-5)","background-image":"","background-repeat":"repeat","background-position":"center center","background-size":"auto","background-attachment":"scroll","background-type":"","background-media":"","overlay-type":"","overlay-color":"","overlay-opacity":"","overlay-gradient":""}},"iawp_total_views":10},"product_brand":[],"product_cat":[222],"product_tag":[],"class_list":{"0":"post-17165","1":"product","2":"type-product","3":"status-publish","4":"has-post-thumbnail","6":"product_cat-usb-c-cables","7":"desktop-align-left","8":"tablet-align-left","9":"mobile-align-left","11":"first","12":"instock","13":"shipping-taxable","14":"purchasable","15":"product-type-simple"},"acf":[],"_links":{"self":[{"href":"https:\/\/www.fjpremium.com\/es\/wp-json\/wp\/v2\/product\/17165","targetHints":{"allow":["GET"]}}],"collection":[{"href":"https:\/\/www.fjpremium.com\/es\/wp-json\/wp\/v2\/product"}],"about":[{"href":"https:\/\/www.fjpremium.com\/es\/wp-json\/wp\/v2\/types\/product"}],"wp:featuredmedia":[{"embeddable":true,"href":"https:\/\/www.fjpremium.com\/es\/wp-json\/wp\/v2\/media\/17166"}],"wp:attachment":[{"href":"https:\/\/www.fjpremium.com\/es\/wp-json\/wp\/v2\/media?parent=17165"}],"wp:term":[{"taxonomy":"product_brand","embeddable":true,"href":"https:\/\/www.fjpremium.com\/es\/wp-json\/wp\/v2\/product_brand?post=17165"},{"taxonomy":"product_cat","embeddable":true,"href":"https:\/\/www.fjpremium.com\/es\/wp-json\/wp\/v2\/product_cat?post=17165"},{"taxonomy":"product_tag","embeddable":true,"href":"https:\/\/www.fjpremium.com\/es\/wp-json\/wp\/v2\/product_tag?post=17165"}],"curies":[{"name":"wp","href":"https:\/\/api.w.org\/{rel}","templated":true}]}}