{"id":17148,"date":"2021-03-10T14:54:26","date_gmt":"2021-03-10T06:54:26","guid":{"rendered":"https:\/\/www.fjpremium.com\/?post_type=product&#038;p=17148"},"modified":"2023-09-18T15:35:30","modified_gmt":"2023-09-18T07:35:30","slug":"usb-type-c-10-in-1-hub-usb-c-to-hdmi-3usb-3-0-gigabit-ethernet-vga-sd-tf-audio-and-pd-adapter","status":"publish","type":"product","link":"https:\/\/www.fjpremium.com\/es\/product\/usb-type-c-10-in-1-hub-usb-c-to-hdmi-3usb-3-0-gigabit-ethernet-vga-sd-tf-audio-and-pd-adapter\/","title":{"rendered":"Hub 10 en 1 USB C a HDMI 3USB 3.0, Gigabit Ethernet, VGA, SD, TF, audio y adaptador PD"},"content":{"rendered":"<p>Los 3 puertos USB 3.0 de nuestro concentrador proporcionan una velocidad de transferencia de datos de hasta 5 Gbps, ideal para perif\u00e9ricos como teclados, ratones y unidades flash.<\/p>\n<p>Las ranuras para tarjetas SD y TF facilitan la transferencia r\u00e1pida de archivos a velocidades de hasta 100 M\/s, mientras que el puerto Gigabit Ethernet garantiza una conexi\u00f3n de red por cable estable.<\/p>\n<p>Y puedes obtener impresionantes im\u00e1genes 4K@30Hz a trav\u00e9s de HDMI y 1080P@60Hz con VGA.<\/p>\n<p>Este concentrador mantiene tu dispositivo alimentado con el adaptador PD que admite una carga r\u00e1pida de hasta 87 W.<\/p>\n<p>Sus especificaciones:<\/p>\n<ul>\n<li>Contacto chapado en oro; carcasa chapada en oro<\/li>\n<li>Conductor del cable: Cobre esta\u00f1ado<\/li>\n<li>Aislamiento: PE SKIN\/HDPE espumado<\/li>\n<li>Calibre del cable: 32\/32\/26AWG<\/li>\n<li>Triple apantallado: par trenzado de papel de aluminio, papel de aluminio general, trenzado<\/li>\n<li>Chip: Opcional<\/li>\n<li>Cubierta: PVC<\/li>\n<li>Di\u00e1metro exterior: 4,2\u00b10,2 mm<\/li>\n<li>Conformidad: RoHS, REACH, CE<\/li>\n<\/ul>\n<p>Adem\u00e1s, plug-and-play, est\u00e1 encerrado en una carcasa de aluminio compacta y ligera y es el compa\u00f1ero digital perfecto para su port\u00e1til, ordenador, tableta o tel\u00e9fono m\u00f3vil.<\/p>\n<p>Por lo tanto, p\u00f3ngase en contacto con nosotros hoy mismo e invierta en nuestro Hub 10 en 1 USB C a HDMI.<\/p>","protected":false},"excerpt":{"rendered":"<p>Experimente una conectividad incomparable con el concentrador USB C a HDMI 10 en 1 de Farsince, dise\u00f1ado para optimizar las necesidades digitales de sus dispositivos.<\/p>","protected":false},"featured_media":17149,"template":"","meta":{"_acf_changed":false,"_seopress_robots_primary_cat":"","_seopress_titles_title":"Best 10 in 1 Hub USB C to HDMI 3USB 3.0 - Farsince","_seopress_titles_desc":"","_seopress_robots_index":"","site-sidebar-layout":"default","site-content-layout":"default","ast-site-content-layout":"default","site-content-style":"default","site-sidebar-style":"default","ast-global-header-display":"","ast-banner-title-visibility":"","ast-main-header-display":"","ast-hfb-above-header-display":"","ast-hfb-below-header-display":"","ast-hfb-mobile-header-display":"","site-post-title":"","ast-breadcrumbs-content":"","ast-featured-img":"","footer-sml-layout":"","ast-disable-related-posts":"","theme-transparent-header-meta":"default","adv-header-id-meta":"","stick-header-meta":"","header-above-stick-meta":"","header-main-stick-meta":"","header-below-stick-meta":"","astra-migrate-meta-layouts":"set","ast-page-background-enabled":"default","ast-page-background-meta":{"desktop":{"background-color":"","background-image":"","background-repeat":"repeat","background-position":"center center","background-size":"auto","background-attachment":"scroll","background-type":"","background-media":"","overlay-type":"","overlay-color":"","overlay-opacity":"","overlay-gradient":""},"tablet":{"background-color":"","background-image":"","background-repeat":"repeat","background-position":"center center","background-size":"auto","background-attachment":"scroll","background-type":"","background-media":"","overlay-type":"","overlay-color":"","overlay-opacity":"","overlay-gradient":""},"mobile":{"background-color":"","background-image":"","background-repeat":"repeat","background-position":"center center","background-size":"auto","background-attachment":"scroll","background-type":"","background-media":"","overlay-type":"","overlay-color":"","overlay-opacity":"","overlay-gradient":""}},"ast-content-background-meta":{"desktop":{"background-color":"var(--ast-global-color-5)","background-image":"","background-repeat":"repeat","background-position":"center center","background-size":"auto","background-attachment":"scroll","background-type":"","background-media":"","overlay-type":"","overlay-color":"","overlay-opacity":"","overlay-gradient":""},"tablet":{"background-color":"var(--ast-global-color-5)","background-image":"","background-repeat":"repeat","background-position":"center center","background-size":"auto","background-attachment":"scroll","background-type":"","background-media":"","overlay-type":"","overlay-color":"","overlay-opacity":"","overlay-gradient":""},"mobile":{"background-color":"var(--ast-global-color-5)","background-image":"","background-repeat":"repeat","background-position":"center center","background-size":"auto","background-attachment":"scroll","background-type":"","background-media":"","overlay-type":"","overlay-color":"","overlay-opacity":"","overlay-gradient":""}},"iawp_total_views":12},"product_brand":[],"product_cat":[222],"product_tag":[],"class_list":{"0":"post-17148","1":"product","2":"type-product","3":"status-publish","4":"has-post-thumbnail","6":"product_cat-usb-c-cables","7":"desktop-align-left","8":"tablet-align-left","9":"mobile-align-left","11":"first","12":"instock","13":"shipping-taxable","14":"purchasable","15":"product-type-simple"},"acf":[],"_links":{"self":[{"href":"https:\/\/www.fjpremium.com\/es\/wp-json\/wp\/v2\/product\/17148","targetHints":{"allow":["GET"]}}],"collection":[{"href":"https:\/\/www.fjpremium.com\/es\/wp-json\/wp\/v2\/product"}],"about":[{"href":"https:\/\/www.fjpremium.com\/es\/wp-json\/wp\/v2\/types\/product"}],"wp:featuredmedia":[{"embeddable":true,"href":"https:\/\/www.fjpremium.com\/es\/wp-json\/wp\/v2\/media\/17149"}],"wp:attachment":[{"href":"https:\/\/www.fjpremium.com\/es\/wp-json\/wp\/v2\/media?parent=17148"}],"wp:term":[{"taxonomy":"product_brand","embeddable":true,"href":"https:\/\/www.fjpremium.com\/es\/wp-json\/wp\/v2\/product_brand?post=17148"},{"taxonomy":"product_cat","embeddable":true,"href":"https:\/\/www.fjpremium.com\/es\/wp-json\/wp\/v2\/product_cat?post=17148"},{"taxonomy":"product_tag","embeddable":true,"href":"https:\/\/www.fjpremium.com\/es\/wp-json\/wp\/v2\/product_tag?post=17148"}],"curies":[{"name":"wp","href":"https:\/\/api.w.org\/{rel}","templated":true}]}}