{"id":17124,"date":"2021-03-10T14:48:50","date_gmt":"2021-03-10T06:48:50","guid":{"rendered":"https:\/\/www.fjpremium.com\/?post_type=product&#038;p=17124"},"modified":"2023-09-18T15:10:05","modified_gmt":"2023-09-18T07:10:05","slug":"usb-type-c-to-hdm-gigabit-ethernet-2usb3-0-sd-tf-and-pd-7-in-1-usb-c-hub-adapter","status":"publish","type":"product","link":"https:\/\/www.fjpremium.com\/es\/product\/usb-type-c-to-hdm-gigabit-ethernet-2usb3-0-sd-tf-and-pd-7-in-1-usb-c-hub-adapter\/","title":{"rendered":"Adaptador Hub USB C 7 en 1, USB Tipo C a HDM Gigabit Ethernet 2USB3.0 SD TF y PD"},"content":{"rendered":"<p>Con su incomparable rendimiento, nuestro compacto adaptador de concentrador admite visualizaci\u00f3n HDMI de alta definici\u00f3n de hasta 4K@30Hz, velocidades de transferencia USB 3.0 ultrarr\u00e1pidas de 5 Gbps y una veloz transmisi\u00f3n de datos de tarjetas SD\/TF a la asombrosa velocidad de 100 M\/s.<\/p>\n<p>Se mantiene perfectamente conectado con un puerto Gigabit Ethernet, que promete una red 10\/100\/1000 Mbps ininterrumpida. Adem\u00e1s, su funci\u00f3n PD garantiza una carga r\u00e1pida de hasta 87 W, lo que elimina el temor a los cortes de corriente en momentos cr\u00edticos.<\/p>\n<p>Este concentrador tambi\u00e9n ofrece la comodidad plug-and-play, y no se necesitan controladores adicionales.<\/p>\n<p>Sus especificaciones:<\/p>\n<ul>\n<li>Contacto chapado en oro; carcasa chapada en oro<\/li>\n<li>Conductor del cable: Cobre esta\u00f1ado<\/li>\n<li>Aislamiento: PE SKIN\/HDPE espumado<\/li>\n<li>Calibre del cable: 32\/32\/26AWG<\/li>\n<li>Triple apantallado: par trenzado de papel de aluminio, papel de aluminio general, trenzado<\/li>\n<li>Chip: Opcional<\/li>\n<li>Cubierta: PVC<\/li>\n<li>Di\u00e1metro exterior: 4,2\u00b10,2 mm<\/li>\n<li>Conformidad: RoHS, REACH, CE<\/li>\n<\/ul>\n<p>Y su elegante dise\u00f1o que ahorra espacio, envuelto en elegante aluminio gris espacial. En conclusi\u00f3n, p\u00f3ngase en contacto con nosotros hoy mismo e invierta en el adaptador concentrador USB C 7 en 1.<\/p>","protected":false},"excerpt":{"rendered":"<p>Aumente la eficiencia con el adaptador concentrador USB C 7 en 1 de Farsince. Experimente una pantalla HDMI 4K incomparable, USB 3.0 ultrarr\u00e1pido y transferencias r\u00e1pidas de tarjetas SD\/TF.<\/p>","protected":false},"featured_media":17125,"template":"","meta":{"_acf_changed":false,"_seopress_robots_primary_cat":"","_seopress_titles_title":"Best 7 in 1 USB C Hub Adapter - Farsince","_seopress_titles_desc":"","_seopress_robots_index":"","site-sidebar-layout":"default","site-content-layout":"default","ast-site-content-layout":"default","site-content-style":"default","site-sidebar-style":"default","ast-global-header-display":"","ast-banner-title-visibility":"","ast-main-header-display":"","ast-hfb-above-header-display":"","ast-hfb-below-header-display":"","ast-hfb-mobile-header-display":"","site-post-title":"","ast-breadcrumbs-content":"","ast-featured-img":"","footer-sml-layout":"","ast-disable-related-posts":"","theme-transparent-header-meta":"default","adv-header-id-meta":"","stick-header-meta":"","header-above-stick-meta":"","header-main-stick-meta":"","header-below-stick-meta":"","astra-migrate-meta-layouts":"set","ast-page-background-enabled":"default","ast-page-background-meta":{"desktop":{"background-color":"","background-image":"","background-repeat":"repeat","background-position":"center center","background-size":"auto","background-attachment":"scroll","background-type":"","background-media":"","overlay-type":"","overlay-color":"","overlay-opacity":"","overlay-gradient":""},"tablet":{"background-color":"","background-image":"","background-repeat":"repeat","background-position":"center center","background-size":"auto","background-attachment":"scroll","background-type":"","background-media":"","overlay-type":"","overlay-color":"","overlay-opacity":"","overlay-gradient":""},"mobile":{"background-color":"","background-image":"","background-repeat":"repeat","background-position":"center center","background-size":"auto","background-attachment":"scroll","background-type":"","background-media":"","overlay-type":"","overlay-color":"","overlay-opacity":"","overlay-gradient":""}},"ast-content-background-meta":{"desktop":{"background-color":"var(--ast-global-color-5)","background-image":"","background-repeat":"repeat","background-position":"center center","background-size":"auto","background-attachment":"scroll","background-type":"","background-media":"","overlay-type":"","overlay-color":"","overlay-opacity":"","overlay-gradient":""},"tablet":{"background-color":"var(--ast-global-color-5)","background-image":"","background-repeat":"repeat","background-position":"center center","background-size":"auto","background-attachment":"scroll","background-type":"","background-media":"","overlay-type":"","overlay-color":"","overlay-opacity":"","overlay-gradient":""},"mobile":{"background-color":"var(--ast-global-color-5)","background-image":"","background-repeat":"repeat","background-position":"center center","background-size":"auto","background-attachment":"scroll","background-type":"","background-media":"","overlay-type":"","overlay-color":"","overlay-opacity":"","overlay-gradient":""}},"iawp_total_views":8},"product_brand":[],"product_cat":[222],"product_tag":[],"class_list":{"0":"post-17124","1":"product","2":"type-product","3":"status-publish","4":"has-post-thumbnail","6":"product_cat-usb-c-cables","7":"desktop-align-left","8":"tablet-align-left","9":"mobile-align-left","11":"first","12":"instock","13":"shipping-taxable","14":"purchasable","15":"product-type-simple"},"acf":[],"_links":{"self":[{"href":"https:\/\/www.fjpremium.com\/es\/wp-json\/wp\/v2\/product\/17124","targetHints":{"allow":["GET"]}}],"collection":[{"href":"https:\/\/www.fjpremium.com\/es\/wp-json\/wp\/v2\/product"}],"about":[{"href":"https:\/\/www.fjpremium.com\/es\/wp-json\/wp\/v2\/types\/product"}],"wp:featuredmedia":[{"embeddable":true,"href":"https:\/\/www.fjpremium.com\/es\/wp-json\/wp\/v2\/media\/17125"}],"wp:attachment":[{"href":"https:\/\/www.fjpremium.com\/es\/wp-json\/wp\/v2\/media?parent=17124"}],"wp:term":[{"taxonomy":"product_brand","embeddable":true,"href":"https:\/\/www.fjpremium.com\/es\/wp-json\/wp\/v2\/product_brand?post=17124"},{"taxonomy":"product_cat","embeddable":true,"href":"https:\/\/www.fjpremium.com\/es\/wp-json\/wp\/v2\/product_cat?post=17124"},{"taxonomy":"product_tag","embeddable":true,"href":"https:\/\/www.fjpremium.com\/es\/wp-json\/wp\/v2\/product_tag?post=17124"}],"curies":[{"name":"wp","href":"https:\/\/api.w.org\/{rel}","templated":true}]}}