{"id":17106,"date":"2021-03-10T14:45:53","date_gmt":"2021-03-10T06:45:53","guid":{"rendered":"https:\/\/www.fjpremium.com\/?post_type=product&#038;p=17106"},"modified":"2023-09-18T15:05:11","modified_gmt":"2023-09-18T07:05:11","slug":"usb-type-c-to-hdm-3usb3-0-sd-tf-and-pd-7-in-1-usb-c-hub-adapter","status":"publish","type":"product","link":"https:\/\/www.fjpremium.com\/es\/product\/usb-type-c-to-hdm-3usb3-0-sd-tf-and-pd-7-in-1-usb-c-hub-adapter\/","title":{"rendered":"Adaptador USB Tipo C a HDMI SD TF y PD Hub 7 en 1"},"content":{"rendered":"<p>Ofreciendo una envidiable mezcla de tecnolog\u00eda superior y utilidad pr\u00e1ctica, nuestro adaptador admite visualizaci\u00f3n HDMI a 4K@30Hz, r\u00e1pidas transferencias USB 3.0 a una velocidad de 5Gbps, y veloces transferencias de datos de tarjetas SD\/TF que alcanzan hasta 100M\/s.<\/p>\n<p>Puede ampliar su productividad con tres puertos USB 3.0, dise\u00f1ados para conectar perif\u00e9ricos f\u00e1cilmente.<\/p>\n<p>Este fiable compa\u00f1ero se asegura de que nunca se quede sin energ\u00eda, ofreciendo una funci\u00f3n PD que admite una extraordinaria carga r\u00e1pida de 87 W. Simplifica tus interacciones tecnol\u00f3gicas con la funci\u00f3n plug-and-play, eliminando la necesidad de controladores adicionales.<\/p>\n<p>Sus especificaciones:<\/p>\n<ul>\n<li>Contacto dorado; carcasa dorada<\/li>\n<li>Conductor del cable: Cobre esta\u00f1ado<\/li>\n<li>Aislamiento: PE SKIN\/HDPE espumado<\/li>\n<li>Calibre del cable: 32\/32\/26AWG<\/li>\n<li>Triple apantallado: par trenzado de papel de aluminio, papel de aluminio general, trenzado<\/li>\n<li>Carcasa: Carcasa de aluminio<\/li>\n<li>Chip: AG9311, GL3510, GL3224<\/li>\n<li>Cubierta: PVC<\/li>\n<li>Di\u00e1metro exterior: 4,2\u00b10,2 mm<\/li>\n<li>Conformidad: RoHS, REACH, CE<\/li>\n<\/ul>\n<p>Adem\u00e1s, su tama\u00f1o compacto, su peso ligero como una pluma y su impresionante acabado en aluminio gris espacial definen la elegancia y la portabilidad. P\u00f3ngase en contacto con nosotros hoy mismo e invierta en el adaptador 7 en 1 USB tipo C a HDMI.<\/p>","protected":false},"excerpt":{"rendered":"<p>Supera los l\u00edmites de la innovaci\u00f3n con este adaptador USB tipo C a HDMI, que cuenta con una pantalla HDMI 4K, r\u00e1pidas transferencias USB 3.0 y mucho m\u00e1s.<\/p>","protected":false},"featured_media":17107,"template":"","meta":{"_acf_changed":false,"_seopress_robots_primary_cat":"","_seopress_titles_title":"Best USB Type C to HDMI Adapter - Farsince","_seopress_titles_desc":"","_seopress_robots_index":"","site-sidebar-layout":"default","site-content-layout":"default","ast-site-content-layout":"default","site-content-style":"default","site-sidebar-style":"default","ast-global-header-display":"","ast-banner-title-visibility":"","ast-main-header-display":"","ast-hfb-above-header-display":"","ast-hfb-below-header-display":"","ast-hfb-mobile-header-display":"","site-post-title":"","ast-breadcrumbs-content":"","ast-featured-img":"","footer-sml-layout":"","ast-disable-related-posts":"","theme-transparent-header-meta":"default","adv-header-id-meta":"","stick-header-meta":"","header-above-stick-meta":"","header-main-stick-meta":"","header-below-stick-meta":"","astra-migrate-meta-layouts":"set","ast-page-background-enabled":"default","ast-page-background-meta":{"desktop":{"background-color":"","background-image":"","background-repeat":"repeat","background-position":"center center","background-size":"auto","background-attachment":"scroll","background-type":"","background-media":"","overlay-type":"","overlay-color":"","overlay-opacity":"","overlay-gradient":""},"tablet":{"background-color":"","background-image":"","background-repeat":"repeat","background-position":"center center","background-size":"auto","background-attachment":"scroll","background-type":"","background-media":"","overlay-type":"","overlay-color":"","overlay-opacity":"","overlay-gradient":""},"mobile":{"background-color":"","background-image":"","background-repeat":"repeat","background-position":"center center","background-size":"auto","background-attachment":"scroll","background-type":"","background-media":"","overlay-type":"","overlay-color":"","overlay-opacity":"","overlay-gradient":""}},"ast-content-background-meta":{"desktop":{"background-color":"var(--ast-global-color-5)","background-image":"","background-repeat":"repeat","background-position":"center center","background-size":"auto","background-attachment":"scroll","background-type":"","background-media":"","overlay-type":"","overlay-color":"","overlay-opacity":"","overlay-gradient":""},"tablet":{"background-color":"var(--ast-global-color-5)","background-image":"","background-repeat":"repeat","background-position":"center center","background-size":"auto","background-attachment":"scroll","background-type":"","background-media":"","overlay-type":"","overlay-color":"","overlay-opacity":"","overlay-gradient":""},"mobile":{"background-color":"var(--ast-global-color-5)","background-image":"","background-repeat":"repeat","background-position":"center center","background-size":"auto","background-attachment":"scroll","background-type":"","background-media":"","overlay-type":"","overlay-color":"","overlay-opacity":"","overlay-gradient":""}},"iawp_total_views":5},"product_brand":[],"product_cat":[222],"product_tag":[],"class_list":{"0":"post-17106","1":"product","2":"type-product","3":"status-publish","4":"has-post-thumbnail","6":"product_cat-usb-c-cables","7":"desktop-align-left","8":"tablet-align-left","9":"mobile-align-left","11":"first","12":"instock","13":"shipping-taxable","14":"purchasable","15":"product-type-simple"},"acf":[],"_links":{"self":[{"href":"https:\/\/www.fjpremium.com\/es\/wp-json\/wp\/v2\/product\/17106","targetHints":{"allow":["GET"]}}],"collection":[{"href":"https:\/\/www.fjpremium.com\/es\/wp-json\/wp\/v2\/product"}],"about":[{"href":"https:\/\/www.fjpremium.com\/es\/wp-json\/wp\/v2\/types\/product"}],"wp:featuredmedia":[{"embeddable":true,"href":"https:\/\/www.fjpremium.com\/es\/wp-json\/wp\/v2\/media\/17107"}],"wp:attachment":[{"href":"https:\/\/www.fjpremium.com\/es\/wp-json\/wp\/v2\/media?parent=17106"}],"wp:term":[{"taxonomy":"product_brand","embeddable":true,"href":"https:\/\/www.fjpremium.com\/es\/wp-json\/wp\/v2\/product_brand?post=17106"},{"taxonomy":"product_cat","embeddable":true,"href":"https:\/\/www.fjpremium.com\/es\/wp-json\/wp\/v2\/product_cat?post=17106"},{"taxonomy":"product_tag","embeddable":true,"href":"https:\/\/www.fjpremium.com\/es\/wp-json\/wp\/v2\/product_tag?post=17106"}],"curies":[{"name":"wp","href":"https:\/\/api.w.org\/{rel}","templated":true}]}}