{"id":17090,"date":"2021-03-10T14:42:24","date_gmt":"2021-03-10T06:42:24","guid":{"rendered":"https:\/\/www.fjpremium.com\/?post_type=product&#038;p=17090"},"modified":"2023-09-18T15:00:19","modified_gmt":"2023-09-18T07:00:19","slug":"usb-c-to-hdm-gigabit-ethernet-3-usb3-0-and-pd-6-in-1-hub-adapter","status":"publish","type":"product","link":"https:\/\/www.fjpremium.com\/es\/product\/usb-c-to-hdm-gigabit-ethernet-3-usb3-0-and-pd-6-in-1-hub-adapter\/","title":{"rendered":"Adaptador USB 3.0 Gigabit Ethernet USB C a HDMI"},"content":{"rendered":"<p>Dise\u00f1ado para ofrecer un rendimiento de primera categor\u00eda, este dispositivo admite pantalla HDMI a 4K@30Hz y Gigabit Ethernet a trav\u00e9s del puerto RJ45 para una conectividad r\u00e1pida y estable.<\/p>\n<p>Sus tres puertos USB 3.0 garantizan transferencias de datos de alta velocidad a 5 Gbps, dando cabida a una gran variedad de dispositivos.<\/p>\n<p>El concentrador cuenta con un puerto PD que suministra hasta 87 W para mantener sus aparatos operativos durante todo el d\u00eda. Y su funci\u00f3n plug-and-play hace innecesarios los controladores adicionales, ofreciendo un uso sin problemas.<\/p>\n<p>Sus especificaciones:<\/p>\n<ul>\n<li>Contacto chapado en oro; carcasa chapada en oro<\/li>\n<li>Conductor del cable: Cobre esta\u00f1ado<\/li>\n<li>Aislamiento: PE SKIN\/HDPE espumado<\/li>\n<li>Calibre del cable: 32\/32\/26AWG<\/li>\n<li>Triple apantallado: par trenzado de papel de aluminio, papel de aluminio general, trenzado<\/li>\n<li>Chip: Opcional<\/li>\n<li>Cubierta: PVC<\/li>\n<li>Di\u00e1metro exterior: 4,2\u00b10,2 mm<\/li>\n<li>Conformidad: RoHS, REACH, CE<\/li>\n<\/ul>\n<p>Adem\u00e1s, compacto, ligero y revestido de elegante aluminio gris espacial, es el aliado perfecto para usted. En consecuencia, p\u00f3ngase en contacto con nosotros hoy mismo y solicite nuestro adaptador USB 3.0 Gigabit Ethernet.<\/p>","protected":false},"excerpt":{"rendered":"<p>Mejore su proyecto tecnol\u00f3gico con el adaptador USB 3.0 Gigabit Ethernet, que ofrece una pantalla HDMI 4K, Gigabit Ethernet y r\u00e1pidas transferencias de datos USB 3.0.<\/p>","protected":false},"featured_media":17098,"template":"","meta":{"_acf_changed":false,"_seopress_robots_primary_cat":"","_seopress_titles_title":"Best USB 3.0 Gigabit Ethernet Adapter USB C to HDMI - FARSINCE","_seopress_titles_desc":"","_seopress_robots_index":"","site-sidebar-layout":"default","site-content-layout":"default","ast-site-content-layout":"default","site-content-style":"default","site-sidebar-style":"default","ast-global-header-display":"","ast-banner-title-visibility":"","ast-main-header-display":"","ast-hfb-above-header-display":"","ast-hfb-below-header-display":"","ast-hfb-mobile-header-display":"","site-post-title":"","ast-breadcrumbs-content":"","ast-featured-img":"","footer-sml-layout":"","ast-disable-related-posts":"","theme-transparent-header-meta":"default","adv-header-id-meta":"","stick-header-meta":"","header-above-stick-meta":"","header-main-stick-meta":"","header-below-stick-meta":"","astra-migrate-meta-layouts":"set","ast-page-background-enabled":"default","ast-page-background-meta":{"desktop":{"background-color":"","background-image":"","background-repeat":"repeat","background-position":"center center","background-size":"auto","background-attachment":"scroll","background-type":"","background-media":"","overlay-type":"","overlay-color":"","overlay-opacity":"","overlay-gradient":""},"tablet":{"background-color":"","background-image":"","background-repeat":"repeat","background-position":"center center","background-size":"auto","background-attachment":"scroll","background-type":"","background-media":"","overlay-type":"","overlay-color":"","overlay-opacity":"","overlay-gradient":""},"mobile":{"background-color":"","background-image":"","background-repeat":"repeat","background-position":"center center","background-size":"auto","background-attachment":"scroll","background-type":"","background-media":"","overlay-type":"","overlay-color":"","overlay-opacity":"","overlay-gradient":""}},"ast-content-background-meta":{"desktop":{"background-color":"var(--ast-global-color-5)","background-image":"","background-repeat":"repeat","background-position":"center center","background-size":"auto","background-attachment":"scroll","background-type":"","background-media":"","overlay-type":"","overlay-color":"","overlay-opacity":"","overlay-gradient":""},"tablet":{"background-color":"var(--ast-global-color-5)","background-image":"","background-repeat":"repeat","background-position":"center center","background-size":"auto","background-attachment":"scroll","background-type":"","background-media":"","overlay-type":"","overlay-color":"","overlay-opacity":"","overlay-gradient":""},"mobile":{"background-color":"var(--ast-global-color-5)","background-image":"","background-repeat":"repeat","background-position":"center center","background-size":"auto","background-attachment":"scroll","background-type":"","background-media":"","overlay-type":"","overlay-color":"","overlay-opacity":"","overlay-gradient":""}},"iawp_total_views":4},"product_brand":[],"product_cat":[222],"product_tag":[],"class_list":{"0":"post-17090","1":"product","2":"type-product","3":"status-publish","4":"has-post-thumbnail","6":"product_cat-usb-c-cables","7":"desktop-align-left","8":"tablet-align-left","9":"mobile-align-left","11":"first","12":"instock","13":"shipping-taxable","14":"purchasable","15":"product-type-simple"},"acf":[],"_links":{"self":[{"href":"https:\/\/www.fjpremium.com\/es\/wp-json\/wp\/v2\/product\/17090","targetHints":{"allow":["GET"]}}],"collection":[{"href":"https:\/\/www.fjpremium.com\/es\/wp-json\/wp\/v2\/product"}],"about":[{"href":"https:\/\/www.fjpremium.com\/es\/wp-json\/wp\/v2\/types\/product"}],"wp:featuredmedia":[{"embeddable":true,"href":"https:\/\/www.fjpremium.com\/es\/wp-json\/wp\/v2\/media\/17098"}],"wp:attachment":[{"href":"https:\/\/www.fjpremium.com\/es\/wp-json\/wp\/v2\/media?parent=17090"}],"wp:term":[{"taxonomy":"product_brand","embeddable":true,"href":"https:\/\/www.fjpremium.com\/es\/wp-json\/wp\/v2\/product_brand?post=17090"},{"taxonomy":"product_cat","embeddable":true,"href":"https:\/\/www.fjpremium.com\/es\/wp-json\/wp\/v2\/product_cat?post=17090"},{"taxonomy":"product_tag","embeddable":true,"href":"https:\/\/www.fjpremium.com\/es\/wp-json\/wp\/v2\/product_tag?post=17090"}],"curies":[{"name":"wp","href":"https:\/\/api.w.org\/{rel}","templated":true}]}}