{"id":17074,"date":"2021-03-10T14:39:08","date_gmt":"2021-03-10T06:39:08","guid":{"rendered":"https:\/\/www.fjpremium.com\/?post_type=product&#038;p=17074"},"modified":"2023-09-18T14:56:22","modified_gmt":"2023-09-18T06:56:22","slug":"usb-c-to-hdm-2-usb3-0-sd-tf-5-in-1-hub-combo","status":"publish","type":"product","link":"https:\/\/www.fjpremium.com\/es\/product\/usb-c-to-hdm-2-usb3-0-sd-tf-5-in-1-hub-combo\/","title":{"rendered":"USB3.0 HDMI a USB Tipo C, SD TF 5 en 1 Hub Combo"},"content":{"rendered":"<p>Nuestro concentrador est\u00e1 equipado con un puerto HDMI de alta definici\u00f3n compatible con 4K@30Hz, que ofrece una experiencia visual excepcional directamente en su pantalla.<\/p>\n<p>Viene con dos puertos USB 3.0 de alta velocidad, que facilitan una r\u00e1pida transmisi\u00f3n de datos de hasta 5 Gbps, lo que permite una conectividad perfecta para teclados, ratones o unidades flash.<\/p>\n<p>Este concentrador dispone de ranuras para tarjetas SD y TF con velocidades de transferencia de hasta 100M\/s que garantizan un almacenamiento y uso compartido de archivos eficaz. Adem\u00e1s, es un dispositivo plug-and-play, por lo que no necesita controladores adicionales.<\/p>\n<p>Sus especificaciones:<\/p>\n<ul>\n<li>Contacto dorado; carcasa dorada<\/li>\n<li>Conductor del cable: Cobre esta\u00f1ado<\/li>\n<li>Aislamiento: PE SKIN\/HDPE espumado<\/li>\n<li>Calibre del cable: 32\/32\/26AWG<\/li>\n<li>Triple apantallado: par trenzado de papel de aluminio, papel de aluminio general, trenzado<\/li>\n<li>Carcasa: Carcasa de aluminio<\/li>\n<li>Chip: Opcional<\/li>\n<li>Cubierta: PVC<\/li>\n<li>Di\u00e1metro exterior: 4,2\u00b10,2 mm<\/li>\n<li>Conformidad: RoHS, REACH, CE<\/li>\n<\/ul>\n<p>Adem\u00e1s, ligero, compacto y con una elegante carcasa de aluminio gris espacial, es el complemento ideal para tus dispositivos Apple.<\/p>\n<p>En general, p\u00f3ngase en contacto con nosotros hoy mismo y solicite el concentrador USB 3.0 HDMI a USB de tipo C.<\/p>","protected":false},"excerpt":{"rendered":"<p>Libere el poder de la conectividad vers\u00e1til con el concentrador USB 3.0 HDMI a USB tipo C, dise\u00f1ado para ser un accesorio indispensable para su port\u00e1til, ordenador, etc.<\/p>","protected":false},"featured_media":17084,"template":"","meta":{"_acf_changed":false,"_seopress_robots_primary_cat":"","_seopress_titles_title":"USB3.0 HDMI to Type C USB, SD TF 5 in 1 Hub Combo - FARSINCE","_seopress_titles_desc":"","_seopress_robots_index":"","site-sidebar-layout":"default","site-content-layout":"default","ast-site-content-layout":"default","site-content-style":"default","site-sidebar-style":"default","ast-global-header-display":"","ast-banner-title-visibility":"","ast-main-header-display":"","ast-hfb-above-header-display":"","ast-hfb-below-header-display":"","ast-hfb-mobile-header-display":"","site-post-title":"","ast-breadcrumbs-content":"","ast-featured-img":"","footer-sml-layout":"","ast-disable-related-posts":"","theme-transparent-header-meta":"default","adv-header-id-meta":"","stick-header-meta":"","header-above-stick-meta":"","header-main-stick-meta":"","header-below-stick-meta":"","astra-migrate-meta-layouts":"set","ast-page-background-enabled":"default","ast-page-background-meta":{"desktop":{"background-color":"","background-image":"","background-repeat":"repeat","background-position":"center center","background-size":"auto","background-attachment":"scroll","background-type":"","background-media":"","overlay-type":"","overlay-color":"","overlay-opacity":"","overlay-gradient":""},"tablet":{"background-color":"","background-image":"","background-repeat":"repeat","background-position":"center center","background-size":"auto","background-attachment":"scroll","background-type":"","background-media":"","overlay-type":"","overlay-color":"","overlay-opacity":"","overlay-gradient":""},"mobile":{"background-color":"","background-image":"","background-repeat":"repeat","background-position":"center center","background-size":"auto","background-attachment":"scroll","background-type":"","background-media":"","overlay-type":"","overlay-color":"","overlay-opacity":"","overlay-gradient":""}},"ast-content-background-meta":{"desktop":{"background-color":"var(--ast-global-color-5)","background-image":"","background-repeat":"repeat","background-position":"center center","background-size":"auto","background-attachment":"scroll","background-type":"","background-media":"","overlay-type":"","overlay-color":"","overlay-opacity":"","overlay-gradient":""},"tablet":{"background-color":"var(--ast-global-color-5)","background-image":"","background-repeat":"repeat","background-position":"center center","background-size":"auto","background-attachment":"scroll","background-type":"","background-media":"","overlay-type":"","overlay-color":"","overlay-opacity":"","overlay-gradient":""},"mobile":{"background-color":"var(--ast-global-color-5)","background-image":"","background-repeat":"repeat","background-position":"center center","background-size":"auto","background-attachment":"scroll","background-type":"","background-media":"","overlay-type":"","overlay-color":"","overlay-opacity":"","overlay-gradient":""}},"iawp_total_views":2},"product_brand":[],"product_cat":[222],"product_tag":[],"class_list":{"0":"post-17074","1":"product","2":"type-product","3":"status-publish","4":"has-post-thumbnail","6":"product_cat-usb-c-cables","7":"desktop-align-left","8":"tablet-align-left","9":"mobile-align-left","11":"first","12":"instock","13":"shipping-taxable","14":"purchasable","15":"product-type-simple"},"acf":[],"_links":{"self":[{"href":"https:\/\/www.fjpremium.com\/es\/wp-json\/wp\/v2\/product\/17074","targetHints":{"allow":["GET"]}}],"collection":[{"href":"https:\/\/www.fjpremium.com\/es\/wp-json\/wp\/v2\/product"}],"about":[{"href":"https:\/\/www.fjpremium.com\/es\/wp-json\/wp\/v2\/types\/product"}],"wp:featuredmedia":[{"embeddable":true,"href":"https:\/\/www.fjpremium.com\/es\/wp-json\/wp\/v2\/media\/17084"}],"wp:attachment":[{"href":"https:\/\/www.fjpremium.com\/es\/wp-json\/wp\/v2\/media?parent=17074"}],"wp:term":[{"taxonomy":"product_brand","embeddable":true,"href":"https:\/\/www.fjpremium.com\/es\/wp-json\/wp\/v2\/product_brand?post=17074"},{"taxonomy":"product_cat","embeddable":true,"href":"https:\/\/www.fjpremium.com\/es\/wp-json\/wp\/v2\/product_cat?post=17074"},{"taxonomy":"product_tag","embeddable":true,"href":"https:\/\/www.fjpremium.com\/es\/wp-json\/wp\/v2\/product_tag?post=17074"}],"curies":[{"name":"wp","href":"https:\/\/api.w.org\/{rel}","templated":true}]}}