{"id":17058,"date":"2021-03-09T10:45:26","date_gmt":"2021-03-09T02:45:26","guid":{"rendered":"https:\/\/www.fjpremium.com\/?post_type=product&#038;p=17058"},"modified":"2023-09-18T14:40:25","modified_gmt":"2023-09-18T06:40:25","slug":"usb-c-to-hdm-vga-usb-3-0-and-pd-4-in-1-adapter-hub","status":"publish","type":"product","link":"https:\/\/www.fjpremium.com\/es\/product\/usb-c-to-hdm-vga-usb-3-0-and-pd-4-in-1-adapter-hub\/","title":{"rendered":"Hub adaptador 4 en 1 USB C a PD, HDMI, VGA y USB 3.0"},"content":{"rendered":"<p>Dise\u00f1ado para combinarse a la perfecci\u00f3n con port\u00e1tiles, ordenadores, tabletas y tel\u00e9fonos m\u00f3viles, este concentrador potencia su dispositivo proporcionando un puerto HDMI para resoluci\u00f3n 4K@30Hz y un puerto VGA para im\u00e1genes n\u00edtidas a 1080P.<\/p>\n<p>Su puerto USB 3.0 con velocidad de transferencia de datos de 5Gbps, mientras que el puerto USB-C PD es para cargar hasta 87W.<\/p>\n<p>El concentrador es plug-and-play, lo que elimina la necesidad de controladores adicionales.<\/p>\n<p>Sus especificaciones:<\/p>\n<ul>\n<li>Contacto chapado en oro; carcasa chapada en oro<\/li>\n<li>Conductor del cable: Cobre esta\u00f1ado<\/li>\n<li>Aislamiento: PE SKIN\/HDPE espumado<\/li>\n<li>Calibre del cable: 32\/32\/26AWG<\/li>\n<li>Triple apantallado: par trenzado de papel de aluminio, papel de aluminio general, trenzado<\/li>\n<li>Carcasa: Carcasa de aluminio<\/li>\n<li>Chip: Opcional<\/li>\n<li>Cubierta: PVC<\/li>\n<li>Di\u00e1metro exterior: 4,2\u00b10,2 mm<\/li>\n<li>Conformidad: RoHS, REACH, CE<\/li>\n<\/ul>\n<p>Adem\u00e1s, su dise\u00f1o compacto y ligero, fabricado en aluminio gris espacial, ofrece estilo y facilidad de transporte. Por lo tanto, p\u00f3ngase en contacto con nosotros hoy mismo y solicite este concentrador adaptador de USB C a PD.<\/p>","protected":false},"excerpt":{"rendered":"<p>Ampl\u00ede sus horizontes digitales con el concentrador adaptador USB C a PD de Farsince, que es compacto, liviano y muy vers\u00e1til, un accesorio tecnol\u00f3gico imprescindible.<\/p>","protected":false},"featured_media":17059,"template":"","meta":{"_acf_changed":false,"_seopress_robots_primary_cat":"","_seopress_titles_title":"Best 4 in 1 USB C to PD Adapter Hub - Farsince","_seopress_titles_desc":"","_seopress_robots_index":"","site-sidebar-layout":"default","site-content-layout":"default","ast-site-content-layout":"default","site-content-style":"default","site-sidebar-style":"default","ast-global-header-display":"","ast-banner-title-visibility":"","ast-main-header-display":"","ast-hfb-above-header-display":"","ast-hfb-below-header-display":"","ast-hfb-mobile-header-display":"","site-post-title":"","ast-breadcrumbs-content":"","ast-featured-img":"","footer-sml-layout":"","ast-disable-related-posts":"","theme-transparent-header-meta":"default","adv-header-id-meta":"","stick-header-meta":"","header-above-stick-meta":"","header-main-stick-meta":"","header-below-stick-meta":"","astra-migrate-meta-layouts":"set","ast-page-background-enabled":"default","ast-page-background-meta":{"desktop":{"background-color":"","background-image":"","background-repeat":"repeat","background-position":"center center","background-size":"auto","background-attachment":"scroll","background-type":"","background-media":"","overlay-type":"","overlay-color":"","overlay-opacity":"","overlay-gradient":""},"tablet":{"background-color":"","background-image":"","background-repeat":"repeat","background-position":"center center","background-size":"auto","background-attachment":"scroll","background-type":"","background-media":"","overlay-type":"","overlay-color":"","overlay-opacity":"","overlay-gradient":""},"mobile":{"background-color":"","background-image":"","background-repeat":"repeat","background-position":"center center","background-size":"auto","background-attachment":"scroll","background-type":"","background-media":"","overlay-type":"","overlay-color":"","overlay-opacity":"","overlay-gradient":""}},"ast-content-background-meta":{"desktop":{"background-color":"var(--ast-global-color-5)","background-image":"","background-repeat":"repeat","background-position":"center center","background-size":"auto","background-attachment":"scroll","background-type":"","background-media":"","overlay-type":"","overlay-color":"","overlay-opacity":"","overlay-gradient":""},"tablet":{"background-color":"var(--ast-global-color-5)","background-image":"","background-repeat":"repeat","background-position":"center center","background-size":"auto","background-attachment":"scroll","background-type":"","background-media":"","overlay-type":"","overlay-color":"","overlay-opacity":"","overlay-gradient":""},"mobile":{"background-color":"var(--ast-global-color-5)","background-image":"","background-repeat":"repeat","background-position":"center center","background-size":"auto","background-attachment":"scroll","background-type":"","background-media":"","overlay-type":"","overlay-color":"","overlay-opacity":"","overlay-gradient":""}},"iawp_total_views":5},"product_brand":[],"product_cat":[222],"product_tag":[],"class_list":{"0":"post-17058","1":"product","2":"type-product","3":"status-publish","4":"has-post-thumbnail","6":"product_cat-usb-c-cables","7":"desktop-align-left","8":"tablet-align-left","9":"mobile-align-left","11":"first","12":"instock","13":"shipping-taxable","14":"purchasable","15":"product-type-simple"},"acf":[],"_links":{"self":[{"href":"https:\/\/www.fjpremium.com\/es\/wp-json\/wp\/v2\/product\/17058","targetHints":{"allow":["GET"]}}],"collection":[{"href":"https:\/\/www.fjpremium.com\/es\/wp-json\/wp\/v2\/product"}],"about":[{"href":"https:\/\/www.fjpremium.com\/es\/wp-json\/wp\/v2\/types\/product"}],"wp:featuredmedia":[{"embeddable":true,"href":"https:\/\/www.fjpremium.com\/es\/wp-json\/wp\/v2\/media\/17059"}],"wp:attachment":[{"href":"https:\/\/www.fjpremium.com\/es\/wp-json\/wp\/v2\/media?parent=17058"}],"wp:term":[{"taxonomy":"product_brand","embeddable":true,"href":"https:\/\/www.fjpremium.com\/es\/wp-json\/wp\/v2\/product_brand?post=17058"},{"taxonomy":"product_cat","embeddable":true,"href":"https:\/\/www.fjpremium.com\/es\/wp-json\/wp\/v2\/product_cat?post=17058"},{"taxonomy":"product_tag","embeddable":true,"href":"https:\/\/www.fjpremium.com\/es\/wp-json\/wp\/v2\/product_tag?post=17058"}],"curies":[{"name":"wp","href":"https:\/\/api.w.org\/{rel}","templated":true}]}}