{"id":17036,"date":"2021-03-09T10:30:47","date_gmt":"2021-03-09T02:30:47","guid":{"rendered":"https:\/\/www.fjpremium.com\/?post_type=product&#038;p=17036"},"modified":"2023-09-18T15:54:00","modified_gmt":"2023-09-18T07:54:00","slug":"usb-c-to-dual-hdm-9-in-1-hub-with-vga-rj45-2usb-3-0-sd-tf-and-pd-adapter","status":"publish","type":"product","link":"https:\/\/www.fjpremium.com\/es\/product\/usb-c-to-dual-hdm-9-in-1-hub-with-vga-rj45-2usb-3-0-sd-tf-and-pd-adapter\/","title":{"rendered":"USB-C a Dual HDM 9 en 1 Hub con VGA RJ45 2USB 3.0, SD TF, y adaptador PD"},"content":{"rendered":"<p>Este concentrador 9 en 1 cuenta con dos puertos HDMI compatibles con una resoluci\u00f3n de hasta 4K, un puerto VGA para una salida visual 1080P, un puerto Gigabit Ethernet para una conexi\u00f3n a Internet de alta velocidad y dos puertos USB 3.0 para una r\u00e1pida transferencia de datos.<\/p>\n<p>Cuenta con una ranura para tarjetas SD, otra para tarjetas TF y un puerto PD para carga r\u00e1pida de hasta 87 W.<\/p>\n<p>Compacto y ligero, el concentrador del tama\u00f1o de la palma de la mano, con su dise\u00f1o de aluminio gris espacial, es el compa\u00f1ero perfecto para dispositivos MAC OS, Windows, Android o Linux.<\/p>\n<p>Sus especificaciones:<\/p>\n<ul>\n<li>Contacto dorado, carcasa dorada<\/li>\n<li>Conductor del cable: Cobre esta\u00f1ado<\/li>\n<li>Aislamiento: PE SKIN\/HDPE espumado<\/li>\n<li>Calibre del cable: 32\/32\/26AWG<\/li>\n<li>Triple apantallado: par trenzado de papel de aluminio, papel de aluminio general, trenzado<\/li>\n<li>Carcasa: Carcasa de aluminio<\/li>\n<li>Chip: LT8712EXI<\/li>\n<li>Cubierta: PVC<\/li>\n<li>Di\u00e1metro exterior: 4,2\u00b10,2 mm<\/li>\n<li>Conformidad: RoHS, REACH, CE<\/li>\n<\/ul>\n<p>Adem\u00e1s, su comodidad plug-and-play significa que no se necesitan controladores adicionales. En resumen, p\u00f3ngase en contacto con nosotros hoy mismo y solicite nuestro concentrador.<\/p>","protected":false},"excerpt":{"rendered":"<p>Mejore la productividad de la computadora port\u00e1til con el concentrador 9 en 1 de Farsince, que ofrece HDMI dual, VGA, RJ45, 2 puertos USB 3.0, ranuras SD\/TF y un adaptador PD.<\/p>","protected":false},"featured_media":17037,"template":"","meta":{"_acf_changed":false,"_seopress_robots_primary_cat":"","_seopress_titles_title":"USB-C to Dual HDM 9 in 1 Hub with VGA RJ45 2USB 3.0 - Farsince","_seopress_titles_desc":"","_seopress_robots_index":"","site-sidebar-layout":"default","site-content-layout":"default","ast-site-content-layout":"default","site-content-style":"default","site-sidebar-style":"default","ast-global-header-display":"","ast-banner-title-visibility":"","ast-main-header-display":"","ast-hfb-above-header-display":"","ast-hfb-below-header-display":"","ast-hfb-mobile-header-display":"","site-post-title":"","ast-breadcrumbs-content":"","ast-featured-img":"","footer-sml-layout":"","ast-disable-related-posts":"","theme-transparent-header-meta":"default","adv-header-id-meta":"","stick-header-meta":"","header-above-stick-meta":"","header-main-stick-meta":"","header-below-stick-meta":"","astra-migrate-meta-layouts":"set","ast-page-background-enabled":"default","ast-page-background-meta":{"desktop":{"background-color":"","background-image":"","background-repeat":"repeat","background-position":"center center","background-size":"auto","background-attachment":"scroll","background-type":"","background-media":"","overlay-type":"","overlay-color":"","overlay-opacity":"","overlay-gradient":""},"tablet":{"background-color":"","background-image":"","background-repeat":"repeat","background-position":"center center","background-size":"auto","background-attachment":"scroll","background-type":"","background-media":"","overlay-type":"","overlay-color":"","overlay-opacity":"","overlay-gradient":""},"mobile":{"background-color":"","background-image":"","background-repeat":"repeat","background-position":"center center","background-size":"auto","background-attachment":"scroll","background-type":"","background-media":"","overlay-type":"","overlay-color":"","overlay-opacity":"","overlay-gradient":""}},"ast-content-background-meta":{"desktop":{"background-color":"var(--ast-global-color-5)","background-image":"","background-repeat":"repeat","background-position":"center center","background-size":"auto","background-attachment":"scroll","background-type":"","background-media":"","overlay-type":"","overlay-color":"","overlay-opacity":"","overlay-gradient":""},"tablet":{"background-color":"var(--ast-global-color-5)","background-image":"","background-repeat":"repeat","background-position":"center center","background-size":"auto","background-attachment":"scroll","background-type":"","background-media":"","overlay-type":"","overlay-color":"","overlay-opacity":"","overlay-gradient":""},"mobile":{"background-color":"var(--ast-global-color-5)","background-image":"","background-repeat":"repeat","background-position":"center center","background-size":"auto","background-attachment":"scroll","background-type":"","background-media":"","overlay-type":"","overlay-color":"","overlay-opacity":"","overlay-gradient":""}},"iawp_total_views":6},"product_brand":[],"product_cat":[222],"product_tag":[],"class_list":{"0":"post-17036","1":"product","2":"type-product","3":"status-publish","4":"has-post-thumbnail","6":"product_cat-usb-c-cables","7":"desktop-align-left","8":"tablet-align-left","9":"mobile-align-left","11":"first","12":"instock","13":"shipping-taxable","14":"purchasable","15":"product-type-simple"},"acf":[],"_links":{"self":[{"href":"https:\/\/www.fjpremium.com\/es\/wp-json\/wp\/v2\/product\/17036","targetHints":{"allow":["GET"]}}],"collection":[{"href":"https:\/\/www.fjpremium.com\/es\/wp-json\/wp\/v2\/product"}],"about":[{"href":"https:\/\/www.fjpremium.com\/es\/wp-json\/wp\/v2\/types\/product"}],"wp:featuredmedia":[{"embeddable":true,"href":"https:\/\/www.fjpremium.com\/es\/wp-json\/wp\/v2\/media\/17037"}],"wp:attachment":[{"href":"https:\/\/www.fjpremium.com\/es\/wp-json\/wp\/v2\/media?parent=17036"}],"wp:term":[{"taxonomy":"product_brand","embeddable":true,"href":"https:\/\/www.fjpremium.com\/es\/wp-json\/wp\/v2\/product_brand?post=17036"},{"taxonomy":"product_cat","embeddable":true,"href":"https:\/\/www.fjpremium.com\/es\/wp-json\/wp\/v2\/product_cat?post=17036"},{"taxonomy":"product_tag","embeddable":true,"href":"https:\/\/www.fjpremium.com\/es\/wp-json\/wp\/v2\/product_tag?post=17036"}],"curies":[{"name":"wp","href":"https:\/\/api.w.org\/{rel}","templated":true}]}}