{"id":16989,"date":"2021-03-09T09:56:15","date_gmt":"2021-03-09T01:56:15","guid":{"rendered":"https:\/\/www.fjpremium.com\/?post_type=product&#038;p=16989"},"modified":"2023-09-18T16:24:00","modified_gmt":"2023-09-18T08:24:00","slug":"usb-c-male-to-3-5mm-female-stereo-audio-adapter-with-pd-charging","status":"publish","type":"product","link":"https:\/\/www.fjpremium.com\/es\/product\/usb-c-male-to-3-5mm-female-stereo-audio-adapter-with-pd-charging\/","title":{"rendered":"Adaptador de audio USB C de 3,5 mm macho a hembra con carga"},"content":{"rendered":"<p>Dise\u00f1ado para armonizar con la mayor\u00eda de dispositivos Android, Tipo C o USB C, nuestro adaptador potencia su viaje multimedia al tiempo que garantiza que su dispositivo permanezca encendido. La funci\u00f3n de carga r\u00e1pida PD ofrece una potencia de salida de hasta 60 W (20 V \/ 3 A).<\/p>\n<p>Conectando este adaptador a su dispositivo compatible con Type-C, experimentar\u00e1 un audio enriquecido a trav\u00e9s de sus auriculares de audio de 3,5 mm, auriculares, altavoces o micr\u00f3fonos.<\/p>\n<p>Sus especificaciones:<\/p>\n<ul>\n<li>Contacto dorado, carcasa dorada<\/li>\n<li>Conductor del cable: Alambre lacado<\/li>\n<li>Aislamiento: PE SKIN\/HDPE espumado<\/li>\n<li>Calibre del cable: 30AWG 7\/0,10mm<\/li>\n<li>Carcasa: ABS o aluminio<\/li>\n<li>Chaqueta: TPE<\/li>\n<li>Di\u00e1metro exterior: 3,2\u00b10,2 mm<\/li>\n<li>Conformidad: RoHS, REACH, CE<\/li>\n<\/ul>\n<p>Adem\u00e1s, el chip BES o Realtek DAC avanzado integrado mejora el sonido eliminando el ruido, y admite audio de alta resoluci\u00f3n de hasta 32bit\/384KHz. Y con un conector USB-C reversible, no hay forma incorrecta de conectarlo.<\/p>\n<p>P\u00f3ngase en contacto con nosotros hoy mismo y solicite el adaptador de audio USB C con carga.<\/p>","protected":false},"excerpt":{"rendered":"<p>Libere experiencias de carga y audio perfectas con el adaptador de audio USB C macho a hembra de 3,5 mm con carga de Farsince.<\/p>","protected":false},"featured_media":16999,"template":"","meta":{"_acf_changed":false,"_seopress_robots_primary_cat":"","_seopress_titles_title":"Best USB C Audio Adapter with Charging - Farsince","_seopress_titles_desc":"","_seopress_robots_index":"","site-sidebar-layout":"default","site-content-layout":"default","ast-site-content-layout":"default","site-content-style":"default","site-sidebar-style":"default","ast-global-header-display":"","ast-banner-title-visibility":"","ast-main-header-display":"","ast-hfb-above-header-display":"","ast-hfb-below-header-display":"","ast-hfb-mobile-header-display":"","site-post-title":"","ast-breadcrumbs-content":"","ast-featured-img":"","footer-sml-layout":"","ast-disable-related-posts":"","theme-transparent-header-meta":"default","adv-header-id-meta":"","stick-header-meta":"","header-above-stick-meta":"","header-main-stick-meta":"","header-below-stick-meta":"","astra-migrate-meta-layouts":"set","ast-page-background-enabled":"default","ast-page-background-meta":{"desktop":{"background-color":"","background-image":"","background-repeat":"repeat","background-position":"center center","background-size":"auto","background-attachment":"scroll","background-type":"","background-media":"","overlay-type":"","overlay-color":"","overlay-opacity":"","overlay-gradient":""},"tablet":{"background-color":"","background-image":"","background-repeat":"repeat","background-position":"center center","background-size":"auto","background-attachment":"scroll","background-type":"","background-media":"","overlay-type":"","overlay-color":"","overlay-opacity":"","overlay-gradient":""},"mobile":{"background-color":"","background-image":"","background-repeat":"repeat","background-position":"center center","background-size":"auto","background-attachment":"scroll","background-type":"","background-media":"","overlay-type":"","overlay-color":"","overlay-opacity":"","overlay-gradient":""}},"ast-content-background-meta":{"desktop":{"background-color":"var(--ast-global-color-5)","background-image":"","background-repeat":"repeat","background-position":"center center","background-size":"auto","background-attachment":"scroll","background-type":"","background-media":"","overlay-type":"","overlay-color":"","overlay-opacity":"","overlay-gradient":""},"tablet":{"background-color":"var(--ast-global-color-5)","background-image":"","background-repeat":"repeat","background-position":"center center","background-size":"auto","background-attachment":"scroll","background-type":"","background-media":"","overlay-type":"","overlay-color":"","overlay-opacity":"","overlay-gradient":""},"mobile":{"background-color":"var(--ast-global-color-5)","background-image":"","background-repeat":"repeat","background-position":"center center","background-size":"auto","background-attachment":"scroll","background-type":"","background-media":"","overlay-type":"","overlay-color":"","overlay-opacity":"","overlay-gradient":""}},"iawp_total_views":3},"product_brand":[],"product_cat":[222],"product_tag":[],"class_list":{"0":"post-16989","1":"product","2":"type-product","3":"status-publish","4":"has-post-thumbnail","6":"product_cat-usb-c-cables","7":"desktop-align-left","8":"tablet-align-left","9":"mobile-align-left","11":"first","12":"instock","13":"shipping-taxable","14":"purchasable","15":"product-type-simple"},"acf":[],"_links":{"self":[{"href":"https:\/\/www.fjpremium.com\/es\/wp-json\/wp\/v2\/product\/16989","targetHints":{"allow":["GET"]}}],"collection":[{"href":"https:\/\/www.fjpremium.com\/es\/wp-json\/wp\/v2\/product"}],"about":[{"href":"https:\/\/www.fjpremium.com\/es\/wp-json\/wp\/v2\/types\/product"}],"wp:featuredmedia":[{"embeddable":true,"href":"https:\/\/www.fjpremium.com\/es\/wp-json\/wp\/v2\/media\/16999"}],"wp:attachment":[{"href":"https:\/\/www.fjpremium.com\/es\/wp-json\/wp\/v2\/media?parent=16989"}],"wp:term":[{"taxonomy":"product_brand","embeddable":true,"href":"https:\/\/www.fjpremium.com\/es\/wp-json\/wp\/v2\/product_brand?post=16989"},{"taxonomy":"product_cat","embeddable":true,"href":"https:\/\/www.fjpremium.com\/es\/wp-json\/wp\/v2\/product_cat?post=16989"},{"taxonomy":"product_tag","embeddable":true,"href":"https:\/\/www.fjpremium.com\/es\/wp-json\/wp\/v2\/product_tag?post=16989"}],"curies":[{"name":"wp","href":"https:\/\/api.w.org\/{rel}","templated":true}]}}