{"id":16988,"date":"2021-03-09T09:56:14","date_gmt":"2021-03-09T01:56:14","guid":{"rendered":"https:\/\/www.fjpremium.com\/?post_type=product&#038;p=16988"},"modified":"2023-09-18T16:45:06","modified_gmt":"2023-09-18T08:45:06","slug":"usb-c-male-to-3-5mm-female-stereo-audio-adapter-with-pd-charging-2","status":"publish","type":"product","link":"https:\/\/www.fjpremium.com\/es\/product\/usb-c-male-to-3-5mm-female-stereo-audio-adapter-with-pd-charging-2\/","title":{"rendered":"Adaptador de carga USB-C macho a 3,5 mm hembra de audio est\u00e9reo PD"},"content":{"rendered":"<p>El adaptador est\u00e1 preparado para la mayor\u00eda de dispositivos Android, Tipo C o USB C. Con una potencia de salida de hasta 60 W (20 V\/3 A), podr\u00e1s disfrutar de una carga r\u00e1pida PD y de una experiencia de audio impecable.<\/p>\n<p>Y no tienes que preocuparte por el agotamiento de la bater\u00eda durante sesiones intensas de juego o llamadas telef\u00f3nicas largas.<\/p>\n<p>La compatibilidad de nuestro adaptador se extiende a auriculares, altavoces o micr\u00f3fonos de audio de 3,5 mm. Gracias al chip DAC BES o Realtek avanzado integrado, tendr\u00e1 la seguridad de disfrutar de audio de alta resoluci\u00f3n y sin ruidos, hasta 32bit\/384KHz.<\/p>\n<p>Sus especificaciones:<\/p>\n<ul>\n<li>Contacto dorado, carcasa dorada<\/li>\n<li>Conductor del cable: Alambre lacado<\/li>\n<li>Aislamiento: PE SKIN\/HDPE espumado<\/li>\n<li>Calibre del cable: 30AWG 7\/0,10mm<\/li>\n<li>Carcasa: ABS o aluminio<\/li>\n<li>Chaqueta: TPE<\/li>\n<li>Di\u00e1metro exterior: 3,2\u00b10,2 mm<\/li>\n<li>Conformidad: RoHS, REACH, CE<\/li>\n<\/ul>\n<p>Adem\u00e1s, el conector USB-C reversible garantiza una f\u00e1cil conexi\u00f3n. P\u00f3ngase en contacto con nosotros hoy mismo e invierta en este adaptador de carga PD.<\/p>","protected":false},"excerpt":{"rendered":"<p>Experimente m\u00fasica ininterrumpida y una carga r\u00e1pida con el adaptador de carga PD de audio est\u00e9reo macho a USB-C hembra de 3,5 mm de Farsince, compatible con la mayor\u00eda de los dispositivos Android, tipo C o USB-C.<\/p>","protected":false},"featured_media":17005,"template":"","meta":{"_acf_changed":false,"_seopress_robots_primary_cat":"","_seopress_titles_title":"Best Stereo Audio PD Charging Adapter - Farsince","_seopress_titles_desc":"Experience uninterrupted music and fast charging with the Farsince USB-C male to 3.5mm female stereo audio PD charging adapter.","_seopress_robots_index":"","_seopress_analysis_target_kw":"PD Charging Adapter","site-sidebar-layout":"default","site-content-layout":"default","ast-site-content-layout":"default","site-content-style":"default","site-sidebar-style":"default","ast-global-header-display":"","ast-banner-title-visibility":"","ast-main-header-display":"","ast-hfb-above-header-display":"","ast-hfb-below-header-display":"","ast-hfb-mobile-header-display":"","site-post-title":"","ast-breadcrumbs-content":"","ast-featured-img":"","footer-sml-layout":"","ast-disable-related-posts":"","theme-transparent-header-meta":"default","adv-header-id-meta":"","stick-header-meta":"","header-above-stick-meta":"","header-main-stick-meta":"","header-below-stick-meta":"","astra-migrate-meta-layouts":"set","ast-page-background-enabled":"default","ast-page-background-meta":{"desktop":{"background-color":"","background-image":"","background-repeat":"repeat","background-position":"center center","background-size":"auto","background-attachment":"scroll","background-type":"","background-media":"","overlay-type":"","overlay-color":"","overlay-opacity":"","overlay-gradient":""},"tablet":{"background-color":"","background-image":"","background-repeat":"repeat","background-position":"center center","background-size":"auto","background-attachment":"scroll","background-type":"","background-media":"","overlay-type":"","overlay-color":"","overlay-opacity":"","overlay-gradient":""},"mobile":{"background-color":"","background-image":"","background-repeat":"repeat","background-position":"center center","background-size":"auto","background-attachment":"scroll","background-type":"","background-media":"","overlay-type":"","overlay-color":"","overlay-opacity":"","overlay-gradient":""}},"ast-content-background-meta":{"desktop":{"background-color":"var(--ast-global-color-5)","background-image":"","background-repeat":"repeat","background-position":"center center","background-size":"auto","background-attachment":"scroll","background-type":"","background-media":"","overlay-type":"","overlay-color":"","overlay-opacity":"","overlay-gradient":""},"tablet":{"background-color":"var(--ast-global-color-5)","background-image":"","background-repeat":"repeat","background-position":"center center","background-size":"auto","background-attachment":"scroll","background-type":"","background-media":"","overlay-type":"","overlay-color":"","overlay-opacity":"","overlay-gradient":""},"mobile":{"background-color":"var(--ast-global-color-5)","background-image":"","background-repeat":"repeat","background-position":"center center","background-size":"auto","background-attachment":"scroll","background-type":"","background-media":"","overlay-type":"","overlay-color":"","overlay-opacity":"","overlay-gradient":""}},"iawp_total_views":4},"product_brand":[],"product_cat":[222],"product_tag":[],"class_list":{"0":"post-16988","1":"product","2":"type-product","3":"status-publish","4":"has-post-thumbnail","6":"product_cat-usb-c-cables","7":"desktop-align-left","8":"tablet-align-left","9":"mobile-align-left","11":"first","12":"instock","13":"shipping-taxable","14":"purchasable","15":"product-type-simple"},"acf":[],"_links":{"self":[{"href":"https:\/\/www.fjpremium.com\/es\/wp-json\/wp\/v2\/product\/16988","targetHints":{"allow":["GET"]}}],"collection":[{"href":"https:\/\/www.fjpremium.com\/es\/wp-json\/wp\/v2\/product"}],"about":[{"href":"https:\/\/www.fjpremium.com\/es\/wp-json\/wp\/v2\/types\/product"}],"wp:featuredmedia":[{"embeddable":true,"href":"https:\/\/www.fjpremium.com\/es\/wp-json\/wp\/v2\/media\/17005"}],"wp:attachment":[{"href":"https:\/\/www.fjpremium.com\/es\/wp-json\/wp\/v2\/media?parent=16988"}],"wp:term":[{"taxonomy":"product_brand","embeddable":true,"href":"https:\/\/www.fjpremium.com\/es\/wp-json\/wp\/v2\/product_brand?post=16988"},{"taxonomy":"product_cat","embeddable":true,"href":"https:\/\/www.fjpremium.com\/es\/wp-json\/wp\/v2\/product_cat?post=16988"},{"taxonomy":"product_tag","embeddable":true,"href":"https:\/\/www.fjpremium.com\/es\/wp-json\/wp\/v2\/product_tag?post=16988"}],"curies":[{"name":"wp","href":"https:\/\/api.w.org\/{rel}","templated":true}]}}