{"id":16942,"date":"2021-03-09T09:28:18","date_gmt":"2021-03-09T01:28:18","guid":{"rendered":"https:\/\/www.fjpremium.com\/?post_type=product&#038;p=16942"},"modified":"2023-09-18T16:54:59","modified_gmt":"2023-09-18T08:54:59","slug":"usb-2-0-type-c-male-to-usb-2-0-mini-usb-male-cable","status":"publish","type":"product","link":"https:\/\/www.fjpremium.com\/es\/product\/usb-2-0-type-c-male-to-usb-2-0-mini-usb-male-cable\/","title":{"rendered":"Cable USB 2.0 Tipo C Macho a Macho a Mini USB"},"content":{"rendered":"<p>El cable conecta sin problemas tu smartphone, mando de juegos, GPS, c\u00e1mara u otros dispositivos con un puerto USB Mini B a cualquier ordenador, tableta o dispositivo equipado con un puerto USB Tipo C.<\/p>\n<p>Su capacidad para soportar una transferencia de datos de alta velocidad de hasta 480 Mbps y una alimentaci\u00f3n de hasta 5 voltios y 2,4 amperios garantiza un rendimiento r\u00e1pido y eficaz.<\/p>\n<p>El dise\u00f1o del conector USB-C es sim\u00e9trico, lo que garantiza la facilidad de uso independientemente de la orientaci\u00f3n de enchufe.<\/p>\n<p>Sus especificaciones:<\/p>\n<ul>\n<li>Contacto dorado, carcasa niquelada<\/li>\n<li>Conductor del cable: Cobre desnudo<\/li>\n<li>Aislamiento: PE SKIN\/HDPE espumado<\/li>\n<li>Calibre del cable: 28\/24AWG<\/li>\n<li>Carcasa: Molde de inyecci\u00f3n<\/li>\n<li>Chip: N\/M<\/li>\n<li>Cubierta: PVC<\/li>\n<li>Di\u00e1metro exterior: 4,5\u00b10,2 mm<\/li>\n<li>Conformidad: RoHS, REACH<\/li>\n<\/ul>\n<p>Adem\u00e1s, nuestro cable de Tipo C a mini USB adopta un blindaje de l\u00e1mina y trenza junto con un dise\u00f1o de par trenzado, salvaguardando sus datos de interferencias EMI\/RFI y diafon\u00eda, garantizando una transferencia de datos fiable, de alta velocidad y sin errores.<\/p>\n<p>En consecuencia, p\u00f3ngase en contacto con nosotros hoy mismo y solicite el cable.<\/p>","protected":false},"excerpt":{"rendered":"<p>Descubra este cable USB 2.0 Tipo C a mini USB, que promete una transferencia de datos segura y de alta velocidad y funciones de carga, proporcionando una conectividad de dispositivos fiable.<\/p>","protected":false},"featured_media":16959,"template":"","meta":{"_acf_changed":false,"_seopress_robots_primary_cat":"","_seopress_titles_title":"Male to Male USB 2.0 Type C to Mini USB Cable - FARSINCE","_seopress_titles_desc":"","_seopress_robots_index":"","site-sidebar-layout":"default","site-content-layout":"default","ast-site-content-layout":"default","site-content-style":"default","site-sidebar-style":"default","ast-global-header-display":"","ast-banner-title-visibility":"","ast-main-header-display":"","ast-hfb-above-header-display":"","ast-hfb-below-header-display":"","ast-hfb-mobile-header-display":"","site-post-title":"","ast-breadcrumbs-content":"","ast-featured-img":"","footer-sml-layout":"","ast-disable-related-posts":"","theme-transparent-header-meta":"default","adv-header-id-meta":"","stick-header-meta":"","header-above-stick-meta":"","header-main-stick-meta":"","header-below-stick-meta":"","astra-migrate-meta-layouts":"set","ast-page-background-enabled":"default","ast-page-background-meta":{"desktop":{"background-color":"","background-image":"","background-repeat":"repeat","background-position":"center center","background-size":"auto","background-attachment":"scroll","background-type":"","background-media":"","overlay-type":"","overlay-color":"","overlay-opacity":"","overlay-gradient":""},"tablet":{"background-color":"","background-image":"","background-repeat":"repeat","background-position":"center center","background-size":"auto","background-attachment":"scroll","background-type":"","background-media":"","overlay-type":"","overlay-color":"","overlay-opacity":"","overlay-gradient":""},"mobile":{"background-color":"","background-image":"","background-repeat":"repeat","background-position":"center center","background-size":"auto","background-attachment":"scroll","background-type":"","background-media":"","overlay-type":"","overlay-color":"","overlay-opacity":"","overlay-gradient":""}},"ast-content-background-meta":{"desktop":{"background-color":"var(--ast-global-color-5)","background-image":"","background-repeat":"repeat","background-position":"center center","background-size":"auto","background-attachment":"scroll","background-type":"","background-media":"","overlay-type":"","overlay-color":"","overlay-opacity":"","overlay-gradient":""},"tablet":{"background-color":"var(--ast-global-color-5)","background-image":"","background-repeat":"repeat","background-position":"center center","background-size":"auto","background-attachment":"scroll","background-type":"","background-media":"","overlay-type":"","overlay-color":"","overlay-opacity":"","overlay-gradient":""},"mobile":{"background-color":"var(--ast-global-color-5)","background-image":"","background-repeat":"repeat","background-position":"center center","background-size":"auto","background-attachment":"scroll","background-type":"","background-media":"","overlay-type":"","overlay-color":"","overlay-opacity":"","overlay-gradient":""}},"iawp_total_views":4},"product_brand":[],"product_cat":[222],"product_tag":[],"class_list":{"0":"post-16942","1":"product","2":"type-product","3":"status-publish","4":"has-post-thumbnail","6":"product_cat-usb-c-cables","7":"desktop-align-left","8":"tablet-align-left","9":"mobile-align-left","11":"first","12":"instock","13":"shipping-taxable","14":"purchasable","15":"product-type-simple"},"acf":[],"_links":{"self":[{"href":"https:\/\/www.fjpremium.com\/es\/wp-json\/wp\/v2\/product\/16942","targetHints":{"allow":["GET"]}}],"collection":[{"href":"https:\/\/www.fjpremium.com\/es\/wp-json\/wp\/v2\/product"}],"about":[{"href":"https:\/\/www.fjpremium.com\/es\/wp-json\/wp\/v2\/types\/product"}],"wp:featuredmedia":[{"embeddable":true,"href":"https:\/\/www.fjpremium.com\/es\/wp-json\/wp\/v2\/media\/16959"}],"wp:attachment":[{"href":"https:\/\/www.fjpremium.com\/es\/wp-json\/wp\/v2\/media?parent=16942"}],"wp:term":[{"taxonomy":"product_brand","embeddable":true,"href":"https:\/\/www.fjpremium.com\/es\/wp-json\/wp\/v2\/product_brand?post=16942"},{"taxonomy":"product_cat","embeddable":true,"href":"https:\/\/www.fjpremium.com\/es\/wp-json\/wp\/v2\/product_cat?post=16942"},{"taxonomy":"product_tag","embeddable":true,"href":"https:\/\/www.fjpremium.com\/es\/wp-json\/wp\/v2\/product_tag?post=16942"}],"curies":[{"name":"wp","href":"https:\/\/api.w.org\/{rel}","templated":true}]}}