{"id":16932,"date":"2021-03-09T09:23:46","date_gmt":"2021-03-09T01:23:46","guid":{"rendered":"https:\/\/www.fjpremium.com\/?post_type=product&#038;p=16932"},"modified":"2023-09-18T17:10:38","modified_gmt":"2023-09-18T09:10:38","slug":"usb-type-c-to-rs232-serial-db9-male-adapter-cable","status":"publish","type":"product","link":"https:\/\/www.fjpremium.com\/es\/product\/usb-type-c-to-rs232-serial-db9-male-adapter-cable\/","title":{"rendered":"USB C Serial Adapter Cable, RS232 Serial DB9"},"content":{"rendered":"<p>El adaptador USB tipo C a RS232 serie DB9 es una soluci\u00f3n vers\u00e1til para conectar un dispositivo serie DB9 como un m\u00f3dem, una c\u00e1mara digital, una rotuladora de etiquetas o un esc\u00e1ner de c\u00f3digos de barras al ordenador a trav\u00e9s de un puerto USB.<\/p>\n<p>Equipado con un chip FTDI232RL de alta calidad, ofrece una velocidad de transferencia de datos de 1 Mbps.<\/p>\n<p>Adem\u00e1s, garantiza la facilidad de uso con una funci\u00f3n plug-and-play y compatibilidad con Windows 10, 8.1, 8, 7, Vista, XP, 2000, Linux 2.4 o superior y Mac OS X 10.6 o superior.<\/p>\n<p>A pesar de su potencia, tenga en cuenta que no es compatible con el plotter de corte, SCM.<\/p>\n<p>Sus especificaciones:<\/p>\n<ul>\n<li>Contacto dorado, carcasa niquelada<\/li>\n<li>Carcasa: Inyecci\u00f3n de pl\u00e1stico<\/li>\n<li>Chip; FTDI232RL<\/li>\n<\/ul>\n<p>Y cada adaptador est\u00e1 encapsulado en una cubierta de PVC conforme a RoHS y REACH para una mayor durabilidad. En conclusi\u00f3n, p\u00f3ngase en contacto con nosotros hoy mismo e invierta en el cable adaptador serie USB C.<\/p>","protected":false},"excerpt":{"rendered":"<p>Conecte sin problemas los dispositivos serie DB9 al ordenador con este cable adaptador serie USB C, que ofrece una transferencia de datos de alta velocidad y una amplia compatibilidad.<\/p>","protected":false},"featured_media":16933,"template":"","meta":{"_acf_changed":false,"_seopress_robots_primary_cat":"","_seopress_titles_title":"Best USB C Serial Adapter Cable, RS232 Serial DB9 - FARSINCE","_seopress_titles_desc":"","_seopress_robots_index":"","site-sidebar-layout":"default","site-content-layout":"default","ast-site-content-layout":"default","site-content-style":"default","site-sidebar-style":"default","ast-global-header-display":"","ast-banner-title-visibility":"","ast-main-header-display":"","ast-hfb-above-header-display":"","ast-hfb-below-header-display":"","ast-hfb-mobile-header-display":"","site-post-title":"","ast-breadcrumbs-content":"","ast-featured-img":"","footer-sml-layout":"","ast-disable-related-posts":"","theme-transparent-header-meta":"default","adv-header-id-meta":"","stick-header-meta":"","header-above-stick-meta":"","header-main-stick-meta":"","header-below-stick-meta":"","astra-migrate-meta-layouts":"set","ast-page-background-enabled":"default","ast-page-background-meta":{"desktop":{"background-color":"","background-image":"","background-repeat":"repeat","background-position":"center center","background-size":"auto","background-attachment":"scroll","background-type":"","background-media":"","overlay-type":"","overlay-color":"","overlay-opacity":"","overlay-gradient":""},"tablet":{"background-color":"","background-image":"","background-repeat":"repeat","background-position":"center center","background-size":"auto","background-attachment":"scroll","background-type":"","background-media":"","overlay-type":"","overlay-color":"","overlay-opacity":"","overlay-gradient":""},"mobile":{"background-color":"","background-image":"","background-repeat":"repeat","background-position":"center center","background-size":"auto","background-attachment":"scroll","background-type":"","background-media":"","overlay-type":"","overlay-color":"","overlay-opacity":"","overlay-gradient":""}},"ast-content-background-meta":{"desktop":{"background-color":"var(--ast-global-color-5)","background-image":"","background-repeat":"repeat","background-position":"center center","background-size":"auto","background-attachment":"scroll","background-type":"","background-media":"","overlay-type":"","overlay-color":"","overlay-opacity":"","overlay-gradient":""},"tablet":{"background-color":"var(--ast-global-color-5)","background-image":"","background-repeat":"repeat","background-position":"center center","background-size":"auto","background-attachment":"scroll","background-type":"","background-media":"","overlay-type":"","overlay-color":"","overlay-opacity":"","overlay-gradient":""},"mobile":{"background-color":"var(--ast-global-color-5)","background-image":"","background-repeat":"repeat","background-position":"center center","background-size":"auto","background-attachment":"scroll","background-type":"","background-media":"","overlay-type":"","overlay-color":"","overlay-opacity":"","overlay-gradient":""}},"iawp_total_views":9},"product_brand":[],"product_cat":[222],"product_tag":[],"class_list":{"0":"post-16932","1":"product","2":"type-product","3":"status-publish","4":"has-post-thumbnail","6":"product_cat-usb-c-cables","7":"desktop-align-left","8":"tablet-align-left","9":"mobile-align-left","11":"first","12":"instock","13":"shipping-taxable","14":"purchasable","15":"product-type-simple"},"acf":[],"_links":{"self":[{"href":"https:\/\/www.fjpremium.com\/es\/wp-json\/wp\/v2\/product\/16932","targetHints":{"allow":["GET"]}}],"collection":[{"href":"https:\/\/www.fjpremium.com\/es\/wp-json\/wp\/v2\/product"}],"about":[{"href":"https:\/\/www.fjpremium.com\/es\/wp-json\/wp\/v2\/types\/product"}],"wp:featuredmedia":[{"embeddable":true,"href":"https:\/\/www.fjpremium.com\/es\/wp-json\/wp\/v2\/media\/16933"}],"wp:attachment":[{"href":"https:\/\/www.fjpremium.com\/es\/wp-json\/wp\/v2\/media?parent=16932"}],"wp:term":[{"taxonomy":"product_brand","embeddable":true,"href":"https:\/\/www.fjpremium.com\/es\/wp-json\/wp\/v2\/product_brand?post=16932"},{"taxonomy":"product_cat","embeddable":true,"href":"https:\/\/www.fjpremium.com\/es\/wp-json\/wp\/v2\/product_cat?post=16932"},{"taxonomy":"product_tag","embeddable":true,"href":"https:\/\/www.fjpremium.com\/es\/wp-json\/wp\/v2\/product_tag?post=16932"}],"curies":[{"name":"wp","href":"https:\/\/api.w.org\/{rel}","templated":true}]}}