{"id":16791,"date":"2020-12-15T11:45:42","date_gmt":"2020-12-15T03:45:42","guid":{"rendered":"https:\/\/www.fjpremium.com\/?post_type=product&#038;p=16791"},"modified":"2023-12-14T13:56:38","modified_gmt":"2023-12-14T05:56:38","slug":"network-extension-cable-male-to-female-ethernet-rj45-ftp-stp-shielded-connector-short-cable","status":"publish","type":"product","link":"https:\/\/www.fjpremium.com\/es\/product\/network-extension-cable-male-to-female-ethernet-rj45-ftp-stp-shielded-connector-short-cable\/","title":{"rendered":"Conector blindado RJ45, cable de extensi\u00f3n de red macho a hembra"},"content":{"rendered":"<p>Este conector RJ45 apantallado, cable de extensi\u00f3n Ethernet macho a hembra, es perfecto para ampliar las conexiones a trav\u00e9s de un panel, proporcionando conectividad segura desde una fuente dentro de una ubicaci\u00f3n protegida.<\/p>\n<p>Cumple o supera las prestaciones de la categor\u00eda 5E conforme a las especificaciones TIA\/EIA-568-C.2 e ISO\/IEC 11801.<\/p>\n<p>Los contactos chapados en oro y las fundas moldeadas de alivio de tensi\u00f3n de los conectores garantizan la durabilidad y una conexi\u00f3n segura.<\/p>\n<p>Y los conductores de cobre desnudo mejoran el rendimiento del cable y cumplen las especificaciones de los cables de comunicaciones.<\/p>\n<p>Con un gran ancho de banda de hasta 500 MHz, nuestro flexible y duradero conector blindado RJ45 garantiza una transferencia de datos de alta velocidad para aplicaciones de servidor, computaci\u00f3n en la nube, videovigilancia y transmisi\u00f3n de v\u00eddeo de alta definici\u00f3n en l\u00ednea.<\/p>\n<p>Se ha probado hasta 600 MHz y admite 10 Gigabit Ethernet.<\/p>\n<p>Adem\u00e1s, el conector apantallado cumple las normas ROHS y REACH y est\u00e1 disponible en distintos colores y longitudes.<\/p>\n<p>Cuenta con un conductor de cobre desnudo con un calibre de cable de 26AWG o 24AWG, aislamiento de polietileno de alta densidad y un blindaje de aluminio con un cable de drenaje.<\/p>\n<p>Y el di\u00e1metro exterior mide 6,2\u00b10,2 mm, y los conectores son RJ45 FTP macho y hembra con contactos 3U chapados en oro.<\/p>\n<p>Por lo tanto, elija nuestro conector apantallado RJ45 para obtener un excelente rendimiento de transmisi\u00f3n, una baja p\u00e9rdida de se\u00f1al y una forma c\u00f3moda de ampliar las conexiones entre todos los componentes de la red LAN a trav\u00e9s de un panel.<\/p>\n<p>&nbsp;<\/p>\n<h2>Descargar:<\/h2>\n<ul>\n<li>Hoja de datos del cable alargador Ethernet RJ45 FTP STP apantallado macho-hembra<\/li>\n<\/ul>\n<h2>Informaci\u00f3n sobre pedidos:<\/h2>\n<p>FS17502A**-xxx: Cable de extensi\u00f3n ethernet Cat5e F\/UTP macho a hembra<\/p>\n<p>FS17502B**-xxx: Cable de extensi\u00f3n ethernet Cat6 F\/UTP macho a hembra<\/p>\n<p>FS17502C**-xxx: Cable de extensi\u00f3n ethernet Cat6A S\/FTP macho a hembra<\/p>\n<ul>\n<li>**=color: GY=GREY, BK=BLACK, WT=WHITE, BU=BLUE, RD=RED, YL=YELLOW, OG=ORANGE, GN=GREEN<\/li>\n<li>xxx=Longitud: 030=3,0M, 050=5,0M, 075=7,5M, 100=10M, 200=20M, 300=30M<\/li>\n<li>Por ejemplo FS17502BK-0003= Cat6 F\/UTP macho a hembra cable de extensi\u00f3n ethernet, 0.3M Longitud<\/li>\n<\/ul>","protected":false},"excerpt":{"rendered":"<p>Presentamos el conector apantallado RJ45 de Farsince, un cable de extensi\u00f3n de red ideal que permite una conectividad perfecta entre varios componentes de red LAN.<\/p>","protected":false},"featured_media":16858,"template":"","meta":{"_acf_changed":false,"_seopress_robots_primary_cat":"","_seopress_titles_title":"Best RJ45 Shielded Connector - Farsince","_seopress_titles_desc":"Presenting Farsince RJ45 shielded connector, an ideal network extension cable that enables seamless connectivity between various LAN network components.","_seopress_robots_index":"","site-sidebar-layout":"default","site-content-layout":"default","ast-site-content-layout":"default","site-content-style":"default","site-sidebar-style":"default","ast-global-header-display":"","ast-banner-title-visibility":"","ast-main-header-display":"","ast-hfb-above-header-display":"","ast-hfb-below-header-display":"","ast-hfb-mobile-header-display":"","site-post-title":"","ast-breadcrumbs-content":"","ast-featured-img":"","footer-sml-layout":"","ast-disable-related-posts":"","theme-transparent-header-meta":"default","adv-header-id-meta":"","stick-header-meta":"","header-above-stick-meta":"","header-main-stick-meta":"","header-below-stick-meta":"","astra-migrate-meta-layouts":"default","ast-page-background-enabled":"default","ast-page-background-meta":{"desktop":{"background-color":"","background-image":"","background-repeat":"repeat","background-position":"center center","background-size":"auto","background-attachment":"scroll","background-type":"","background-media":"","overlay-type":"","overlay-color":"","overlay-opacity":"","overlay-gradient":""},"tablet":{"background-color":"","background-image":"","background-repeat":"repeat","background-position":"center center","background-size":"auto","background-attachment":"scroll","background-type":"","background-media":"","overlay-type":"","overlay-color":"","overlay-opacity":"","overlay-gradient":""},"mobile":{"background-color":"","background-image":"","background-repeat":"repeat","background-position":"center center","background-size":"auto","background-attachment":"scroll","background-type":"","background-media":"","overlay-type":"","overlay-color":"","overlay-opacity":"","overlay-gradient":""}},"ast-content-background-meta":{"desktop":{"background-color":"var(--ast-global-color-5)","background-image":"","background-repeat":"repeat","background-position":"center center","background-size":"auto","background-attachment":"scroll","background-type":"","background-media":"","overlay-type":"","overlay-color":"","overlay-opacity":"","overlay-gradient":""},"tablet":{"background-color":"var(--ast-global-color-5)","background-image":"","background-repeat":"repeat","background-position":"center center","background-size":"auto","background-attachment":"scroll","background-type":"","background-media":"","overlay-type":"","overlay-color":"","overlay-opacity":"","overlay-gradient":""},"mobile":{"background-color":"var(--ast-global-color-5)","background-image":"","background-repeat":"repeat","background-position":"center center","background-size":"auto","background-attachment":"scroll","background-type":"","background-media":"","overlay-type":"","overlay-color":"","overlay-opacity":"","overlay-gradient":""}},"iawp_total_views":8},"product_brand":[],"product_cat":[631,209],"product_tag":[],"class_list":{"0":"post-16791","1":"product","2":"type-product","3":"status-publish","4":"has-post-thumbnail","6":"product_cat-patch-cables","7":"product_cat-ethernet-cable","8":"desktop-align-left","9":"tablet-align-left","10":"mobile-align-left","12":"first","13":"instock","14":"shipping-taxable","15":"purchasable","16":"product-type-simple"},"acf":[],"_links":{"self":[{"href":"https:\/\/www.fjpremium.com\/es\/wp-json\/wp\/v2\/product\/16791","targetHints":{"allow":["GET"]}}],"collection":[{"href":"https:\/\/www.fjpremium.com\/es\/wp-json\/wp\/v2\/product"}],"about":[{"href":"https:\/\/www.fjpremium.com\/es\/wp-json\/wp\/v2\/types\/product"}],"wp:featuredmedia":[{"embeddable":true,"href":"https:\/\/www.fjpremium.com\/es\/wp-json\/wp\/v2\/media\/16858"}],"wp:attachment":[{"href":"https:\/\/www.fjpremium.com\/es\/wp-json\/wp\/v2\/media?parent=16791"}],"wp:term":[{"taxonomy":"product_brand","embeddable":true,"href":"https:\/\/www.fjpremium.com\/es\/wp-json\/wp\/v2\/product_brand?post=16791"},{"taxonomy":"product_cat","embeddable":true,"href":"https:\/\/www.fjpremium.com\/es\/wp-json\/wp\/v2\/product_cat?post=16791"},{"taxonomy":"product_tag","embeddable":true,"href":"https:\/\/www.fjpremium.com\/es\/wp-json\/wp\/v2\/product_tag?post=16791"}],"curies":[{"name":"wp","href":"https:\/\/api.w.org\/{rel}","templated":true}]}}