{"id":16790,"date":"2020-12-15T11:45:40","date_gmt":"2020-12-15T03:45:40","guid":{"rendered":"https:\/\/www.fjpremium.com\/?post_type=product&#038;p=16790"},"modified":"2023-12-14T13:56:38","modified_gmt":"2023-12-14T05:56:38","slug":"network-extension-cable-male-to-female-ethernet-rj45-utp-unshielded-connector-short-cable","status":"publish","type":"product","link":"https:\/\/www.fjpremium.com\/es\/product\/network-extension-cable-male-to-female-ethernet-rj45-utp-unshielded-connector-short-cable\/","title":{"rendered":"Cable de extensi\u00f3n de red Ethernet macho a hembra, conector RJ45 sin blindaje"},"content":{"rendered":"<p>Este cable de extensi\u00f3n de red es fiable para ampliar las conexiones entre varios componentes de red LAN a trav\u00e9s de un panel. Permite a los usuarios establecer conectividad desde una fuente dentro de una ubicaci\u00f3n segura.<\/p>\n<p>Cumple o supera las prestaciones de la categor\u00eda 5E conforme a las especificaciones TIA\/EIA-568-C.2 e ISO\/IEC 11801.<\/p>\n<p>Y sus conectores cuentan con contactos 3U chapados en oro y fundas moldeadas de alivio de tensi\u00f3n, que garantizan la durabilidad y una conexi\u00f3n segura.<\/p>\n<p>Adem\u00e1s, los conductores de cobre desnudo mejoran el rendimiento del cable y cumplen las especificaciones de los cables de comunicaciones.<\/p>\n<p>Nuestro cable de extensi\u00f3n de red Cat5E, flexible y duradero, ofrece un gran ancho de banda de hasta 500 MHz, lo que garantiza una transferencia de datos de alta velocidad para aplicaciones de servidor, computaci\u00f3n en la nube, videovigilancia y transmisi\u00f3n de v\u00eddeo de alta definici\u00f3n en l\u00ednea.<\/p>\n<p>Tambi\u00e9n se ha probado hasta 600 MHz y admite 10 Gigabit Ethernet.<\/p>\n<p>Adem\u00e1s, nuestro cable cumple las normas ROHS y REACH y est\u00e1 disponible en distintos colores y longitudes.<\/p>\n<p>Sus especificaciones incluyen un conductor de cobre desnudo con un calibre de 26AWG o 24AWG, aislamiento de HDPE y cubierta de PVC.<\/p>\n<p>Y el di\u00e1metro exterior mide 6,2\u00b10,2 mm, mientras que los conectores son RJ45 UTP macho y FTP hembra.<\/p>\n<p>Por lo tanto, elija este cable de extensi\u00f3n de red para obtener un excelente rendimiento de transmisi\u00f3n, una baja p\u00e9rdida de se\u00f1al y una forma c\u00f3moda de ampliar las conexiones entre todos los componentes de la red LAN a trav\u00e9s de un panel.<\/p>\n<p>&nbsp;<\/p>\n<h2>Descargar:<\/h2>\n<ul>\n<li>Hoja de datos del cable alargador Ethernet RJ45 macho a hembra sin apantallar<\/li>\n<\/ul>\n<h2>Informaci\u00f3n sobre pedidos:<\/h2>\n<p>FS17501A**-xxx: Cable de extensi\u00f3n ethernet Cat5e U\/UTP macho a hembra<\/p>\n<p>FS17501B**-xxx: Cable de extensi\u00f3n ethernet Cat6 U\/UTP macho a hembra<\/p>\n<p>FS17501C**-xxx: Cable de extensi\u00f3n ethernet Cat6A U\/UTP macho a hembra<\/p>\n<ul>\n<li>**=color: GY=GREY, BK=BLACK, WT=WHITE, BU=BLUE, RD=RED, YL=YELLOW, OG=ORANGE, GN=GREEN<\/li>\n<li>xxx=Longitud: 030=3,0M, 050=5,0M, 075=7,5M, 100=10M, 200=20M, 300=30M<\/li>\n<li>Por ejemplo FS17501BK-0003= Cat6 U\/UTP macho a hembra cable de extensi\u00f3n ethernet, 0.3M Longitud<\/li>\n<\/ul>","protected":false},"excerpt":{"rendered":"<p>Descubra nuestro cable alargador de red, una soluci\u00f3n Ethernet macho-hembra de m\u00e1xima calidad con un conector RJ45 sin apantallar.<\/p>","protected":false},"featured_media":16847,"template":"","meta":{"_acf_changed":false,"_seopress_robots_primary_cat":"","_seopress_titles_title":"","_seopress_titles_desc":"","_seopress_robots_index":"","site-sidebar-layout":"default","site-content-layout":"default","ast-site-content-layout":"default","site-content-style":"default","site-sidebar-style":"default","ast-global-header-display":"","ast-banner-title-visibility":"","ast-main-header-display":"","ast-hfb-above-header-display":"","ast-hfb-below-header-display":"","ast-hfb-mobile-header-display":"","site-post-title":"","ast-breadcrumbs-content":"","ast-featured-img":"","footer-sml-layout":"","ast-disable-related-posts":"","theme-transparent-header-meta":"default","adv-header-id-meta":"","stick-header-meta":"","header-above-stick-meta":"","header-main-stick-meta":"","header-below-stick-meta":"","astra-migrate-meta-layouts":"default","ast-page-background-enabled":"default","ast-page-background-meta":{"desktop":{"background-color":"","background-image":"","background-repeat":"repeat","background-position":"center center","background-size":"auto","background-attachment":"scroll","background-type":"","background-media":"","overlay-type":"","overlay-color":"","overlay-opacity":"","overlay-gradient":""},"tablet":{"background-color":"","background-image":"","background-repeat":"repeat","background-position":"center center","background-size":"auto","background-attachment":"scroll","background-type":"","background-media":"","overlay-type":"","overlay-color":"","overlay-opacity":"","overlay-gradient":""},"mobile":{"background-color":"","background-image":"","background-repeat":"repeat","background-position":"center center","background-size":"auto","background-attachment":"scroll","background-type":"","background-media":"","overlay-type":"","overlay-color":"","overlay-opacity":"","overlay-gradient":""}},"ast-content-background-meta":{"desktop":{"background-color":"var(--ast-global-color-5)","background-image":"","background-repeat":"repeat","background-position":"center center","background-size":"auto","background-attachment":"scroll","background-type":"","background-media":"","overlay-type":"","overlay-color":"","overlay-opacity":"","overlay-gradient":""},"tablet":{"background-color":"var(--ast-global-color-5)","background-image":"","background-repeat":"repeat","background-position":"center center","background-size":"auto","background-attachment":"scroll","background-type":"","background-media":"","overlay-type":"","overlay-color":"","overlay-opacity":"","overlay-gradient":""},"mobile":{"background-color":"var(--ast-global-color-5)","background-image":"","background-repeat":"repeat","background-position":"center center","background-size":"auto","background-attachment":"scroll","background-type":"","background-media":"","overlay-type":"","overlay-color":"","overlay-opacity":"","overlay-gradient":""}},"iawp_total_views":17},"product_brand":[],"product_cat":[631,209],"product_tag":[],"class_list":{"0":"post-16790","1":"product","2":"type-product","3":"status-publish","4":"has-post-thumbnail","6":"product_cat-patch-cables","7":"product_cat-ethernet-cable","8":"desktop-align-left","9":"tablet-align-left","10":"mobile-align-left","12":"first","13":"instock","14":"shipping-taxable","15":"purchasable","16":"product-type-simple"},"acf":[],"_links":{"self":[{"href":"https:\/\/www.fjpremium.com\/es\/wp-json\/wp\/v2\/product\/16790","targetHints":{"allow":["GET"]}}],"collection":[{"href":"https:\/\/www.fjpremium.com\/es\/wp-json\/wp\/v2\/product"}],"about":[{"href":"https:\/\/www.fjpremium.com\/es\/wp-json\/wp\/v2\/types\/product"}],"wp:featuredmedia":[{"embeddable":true,"href":"https:\/\/www.fjpremium.com\/es\/wp-json\/wp\/v2\/media\/16847"}],"wp:attachment":[{"href":"https:\/\/www.fjpremium.com\/es\/wp-json\/wp\/v2\/media?parent=16790"}],"wp:term":[{"taxonomy":"product_brand","embeddable":true,"href":"https:\/\/www.fjpremium.com\/es\/wp-json\/wp\/v2\/product_brand?post=16790"},{"taxonomy":"product_cat","embeddable":true,"href":"https:\/\/www.fjpremium.com\/es\/wp-json\/wp\/v2\/product_cat?post=16790"},{"taxonomy":"product_tag","embeddable":true,"href":"https:\/\/www.fjpremium.com\/es\/wp-json\/wp\/v2\/product_tag?post=16790"}],"curies":[{"name":"wp","href":"https:\/\/api.w.org\/{rel}","templated":true}]}}