{"id":16789,"date":"2020-12-15T11:45:39","date_gmt":"2020-12-15T03:45:39","guid":{"rendered":"https:\/\/www.fjpremium.com\/?post_type=product&#038;p=16789"},"modified":"2023-12-14T13:56:39","modified_gmt":"2023-12-14T05:56:39","slug":"per-terminated-cat6a-copper-trunk-cables-6x-utp-male-female-network-cable-trunking","status":"publish","type":"product","link":"https:\/\/www.fjpremium.com\/es\/product\/per-terminated-cat6a-copper-trunk-cables-6x-utp-male-female-network-cable-trunking\/","title":{"rendered":"Cat6a UTP Cable, Macho Hembra Troncal de Cable de Red"},"content":{"rendered":"<p>Este cable UTP cat6a es un conjunto de cables troncales preterminados dise\u00f1ado para aumentar la eficiencia y minimizar los costes de mano de obra en infraestructuras importantes con sistemas de conexi\u00f3n cruzada y parcheo de alta densidad.<\/p>\n<p>Utilizando los sistemas de cableado m\u00e1s avanzados disponibles, este troncal de cable de red macho-hembra admite velocidades de 10 Gigabits e incluye 12 m\u00f3dulos de toma sueltos en ambos extremos, lo que permite una instalaci\u00f3n plug-and-play directa.<\/p>\n<p>Una de las caracter\u00edsticas m\u00e1s destacadas del cable son los tipos de conector personalizables, como las combinaciones enchufe-enchufe, clavija-jack y clavija-jack, que permiten adaptarlo a sus necesidades particulares.<\/p>\n<p>Los conectores de primera calidad garantizan una fiabilidad y estabilidad excepcionales del sistema, mientras que la funda de malla trenzada mantiene el orden de los cables y mejora el flujo de aire, lo que se traduce en un entorno de red m\u00e1s organizado y eficiente.<\/p>\n<p>El cable UTP cat6a ofrece una instalaci\u00f3n r\u00e1pida y sencilla. Cada conjunto de cables se somete a pruebas exhaustivas para garantizar una instalaci\u00f3n eficaz.<\/p>\n<p>Adem\u00e1s, se asignan n\u00fameros de identificaci\u00f3n individuales a cada conjunto de troncales, lo que agiliza la gesti\u00f3n y el mantenimiento de la red.<\/p>\n<p>Adem\u00e1s, nuestro cable UTP cat6a est\u00e1 disponible en varios colores y longitudes para adaptarse a las distintas necesidades de red.<\/p>\n<p>Y cumple las normativas ROHS y REACH, lo que demuestra nuestro compromiso con el cumplimiento de las normas medioambientales y de seguridad m\u00e1s exigentes.<\/p>\n<p>Las especificaciones de este cable UTP cat6a son las siguientes:<\/p>\n<ul>\n<li>Conductor: Cobre desnudo<\/li>\n<li>Calibre del cable: 26AWG o 24AWG<\/li>\n<li>Aislamiento: HDPE<\/li>\n<li>Colores de aislamiento: Azul\/Blanco, Azul; Naranja\/Blanco, Naranja; Verde\/Blanco, Verde; Marr\u00f3n\/Blanco, Marr\u00f3n<\/li>\n<li>Blindaje: Papel de aluminio, cable de drenaje<\/li>\n<li>Trenzado: 16\/5\/0,12 mm AL-MG<\/li>\n<li>Cubierta: PVC<\/li>\n<li>Di\u00e1metro exterior: 6,2\u00b10,2 mm<\/li>\n<li>Conector 1: RJ45 FTP<\/li>\n<li>Conector 2: RJ45 FTP<\/li>\n<li>Contacto: Dorado 3U<\/li>\n<li>Comprobaci\u00f3n: Comprobador Fluke<\/li>\n<\/ul>\n<p>As\u00ed, nuestro cable ofrece una soluci\u00f3n avanzada, fiable y eficaz para grandes infraestructuras de red.<\/p>\n<p>Conf\u00ede en nosotros como su proveedor mayorista de cables, adaptadores y productos electr\u00f3nicos de consumo de calidad superior, y experimente hoy mismo el extraordinario rendimiento de este cable.<\/p>\n<h2>Descargar:<\/h2>\n<ul>\n<li>Hoja de datos del cable troncal de cobre preterminado Cat6a<\/li>\n<\/ul>\n<h2>Informaci\u00f3n sobre pedidos:<\/h2>\n<p>FS17403A**-xxx: Cable troncal de cobre preterminado Cat6a S\/FTP, 6 clavijas a 6 clavijas<\/p>\n<p>FS17403B**-xxx: Cable troncal de cobre preterminado Cat6a S\/FTP, de 6 clavijas a 6 tomas<\/p>\n<p>FS17403C**-xxx: Cable troncal de cobre preterminado Cat6a S\/FTP, 6 tomas a 6 tomas<\/p>\n<ul>\n<li>**=color: GY=GREY, BK=BLACK, WT=WHITE, BU=BLUE, RD=RED, YL=YELLOW, OG=ORANGE, GN=GREEN<\/li>\n<li>xxx=Longitud: 030=3,0M, 050=5,0M, 075=7,5M, 100=10M, 200=20M, 300=30M<\/li>\n<li>Por ejemplo FS17403BBU-030= Cable troncal de cobre preterminado Cat6a S\/FTP, 6 clavijas a 6 tomas, 3M Longitud<\/li>\n<\/ul>","protected":false},"excerpt":{"rendered":"<p>Descubra el cable UTP cat6a de Farsince, una opci\u00f3n excepcional y fiable para infraestructuras de red de gran tama\u00f1o.<\/p>","protected":false},"featured_media":16839,"template":"","meta":{"_acf_changed":false,"_seopress_robots_primary_cat":"","_seopress_titles_title":"Best Cat6a UTP Cable - Farsince","_seopress_titles_desc":"","_seopress_robots_index":"","site-sidebar-layout":"default","site-content-layout":"default","ast-site-content-layout":"default","site-content-style":"default","site-sidebar-style":"default","ast-global-header-display":"","ast-banner-title-visibility":"","ast-main-header-display":"","ast-hfb-above-header-display":"","ast-hfb-below-header-display":"","ast-hfb-mobile-header-display":"","site-post-title":"","ast-breadcrumbs-content":"","ast-featured-img":"","footer-sml-layout":"","ast-disable-related-posts":"","theme-transparent-header-meta":"default","adv-header-id-meta":"","stick-header-meta":"","header-above-stick-meta":"","header-main-stick-meta":"","header-below-stick-meta":"","astra-migrate-meta-layouts":"default","ast-page-background-enabled":"default","ast-page-background-meta":{"desktop":{"background-color":"","background-image":"","background-repeat":"repeat","background-position":"center center","background-size":"auto","background-attachment":"scroll","background-type":"","background-media":"","overlay-type":"","overlay-color":"","overlay-opacity":"","overlay-gradient":""},"tablet":{"background-color":"","background-image":"","background-repeat":"repeat","background-position":"center center","background-size":"auto","background-attachment":"scroll","background-type":"","background-media":"","overlay-type":"","overlay-color":"","overlay-opacity":"","overlay-gradient":""},"mobile":{"background-color":"","background-image":"","background-repeat":"repeat","background-position":"center center","background-size":"auto","background-attachment":"scroll","background-type":"","background-media":"","overlay-type":"","overlay-color":"","overlay-opacity":"","overlay-gradient":""}},"ast-content-background-meta":{"desktop":{"background-color":"var(--ast-global-color-5)","background-image":"","background-repeat":"repeat","background-position":"center center","background-size":"auto","background-attachment":"scroll","background-type":"","background-media":"","overlay-type":"","overlay-color":"","overlay-opacity":"","overlay-gradient":""},"tablet":{"background-color":"var(--ast-global-color-5)","background-image":"","background-repeat":"repeat","background-position":"center center","background-size":"auto","background-attachment":"scroll","background-type":"","background-media":"","overlay-type":"","overlay-color":"","overlay-opacity":"","overlay-gradient":""},"mobile":{"background-color":"var(--ast-global-color-5)","background-image":"","background-repeat":"repeat","background-position":"center center","background-size":"auto","background-attachment":"scroll","background-type":"","background-media":"","overlay-type":"","overlay-color":"","overlay-opacity":"","overlay-gradient":""}},"iawp_total_views":5},"product_brand":[],"product_cat":[631,209],"product_tag":[],"class_list":{"0":"post-16789","1":"product","2":"type-product","3":"status-publish","4":"has-post-thumbnail","6":"product_cat-patch-cables","7":"product_cat-ethernet-cable","8":"desktop-align-left","9":"tablet-align-left","10":"mobile-align-left","12":"first","13":"instock","14":"shipping-taxable","15":"purchasable","16":"product-type-simple"},"acf":[],"_links":{"self":[{"href":"https:\/\/www.fjpremium.com\/es\/wp-json\/wp\/v2\/product\/16789","targetHints":{"allow":["GET"]}}],"collection":[{"href":"https:\/\/www.fjpremium.com\/es\/wp-json\/wp\/v2\/product"}],"about":[{"href":"https:\/\/www.fjpremium.com\/es\/wp-json\/wp\/v2\/types\/product"}],"wp:featuredmedia":[{"embeddable":true,"href":"https:\/\/www.fjpremium.com\/es\/wp-json\/wp\/v2\/media\/16839"}],"wp:attachment":[{"href":"https:\/\/www.fjpremium.com\/es\/wp-json\/wp\/v2\/media?parent=16789"}],"wp:term":[{"taxonomy":"product_brand","embeddable":true,"href":"https:\/\/www.fjpremium.com\/es\/wp-json\/wp\/v2\/product_brand?post=16789"},{"taxonomy":"product_cat","embeddable":true,"href":"https:\/\/www.fjpremium.com\/es\/wp-json\/wp\/v2\/product_cat?post=16789"},{"taxonomy":"product_tag","embeddable":true,"href":"https:\/\/www.fjpremium.com\/es\/wp-json\/wp\/v2\/product_tag?post=16789"}],"curies":[{"name":"wp","href":"https:\/\/api.w.org\/{rel}","templated":true}]}}