{"id":16787,"date":"2020-12-15T11:45:37","date_gmt":"2020-12-15T03:45:37","guid":{"rendered":"https:\/\/www.fjpremium.com\/?post_type=product&#038;p=16787"},"modified":"2023-12-14T13:56:40","modified_gmt":"2023-12-14T05:56:40","slug":"per-terminated-cat5e-copper-trunk-cables-6x-utp-male-female-network-cable-trunking","status":"publish","type":"product","link":"https:\/\/www.fjpremium.com\/es\/product\/per-terminated-cat5e-copper-trunk-cables-6x-utp-male-female-network-cable-trunking\/","title":{"rendered":"Cables UTP troncales de cobre Cat5e per-terminados"},"content":{"rendered":"<p>Estos cables UTP est\u00e1n dise\u00f1ados para soportar velocidades 1000Base-T, lo que garantiza un rendimiento \u00f3ptimo en cualquier entorno de red.<\/p>\n<p>Sus principales caracter\u00edsticas incluyen tipos de conectores personalizados (Plug-Plug, Jack-Jack y Plug-Jack) adaptados a sus requisitos espec\u00edficos, conectores de alta calidad para mejorar la fiabilidad y estabilidad del sistema, y una funda de malla trenzada para una organizaci\u00f3n ordenada y un mejor flujo de aire.<\/p>\n<p>Los conjuntos de cables se someten a rigurosas pruebas para garantizar una instalaci\u00f3n eficaz, mientras que el r\u00e1pido y sencillo proceso de configuraci\u00f3n reduce los costes de mano de obra.<\/p>\n<p>A cada conjunto de maletero se le asigna un n\u00famero de identificaci\u00f3n individual para facilitar su seguimiento y organizaci\u00f3n.<\/p>\n<p>Y los cables troncales est\u00e1n disponibles en varios colores y longitudes, lo que garantiza una adaptaci\u00f3n perfecta a su proyecto.<\/p>\n<p>Adem\u00e1s, estos cables UTP, que cumplen las normas ROHS y REACH, est\u00e1n compuestos por conductores de cobre desnudo, aislamiento de HDPE y cubierta de PVC.<\/p>\n<p>Su di\u00e1metro exterior mide 5,0\u00b10,2 mm y est\u00e1 equipado con conectores RJ45 UTP con contactos 3U chapados en oro.<\/p>\n<p>Verificado por comprobadores Fluke, el cable tambi\u00e9n ofrece un rendimiento y una eficacia sin precedentes para sus necesidades de red.<\/p>\n<p>En conclusi\u00f3n, conf\u00ede en nosotros para obtener la combinaci\u00f3n perfecta de eficacia, rendimiento y calidad para todas sus necesidades de red.<\/p>\n<h2>Descargar:<\/h2>\n<ul>\n<li>Hoja de datos del cable troncal de cobre preterminado Cat5e<\/li>\n<\/ul>\n<h2>Informaci\u00f3n sobre pedidos:<\/h2>\n<p>FS17401A**-xxx: Cable troncal de cobre preterminado U\/UTP Cat5e, de 6 clavijas a 6 clavijas<\/p>\n<p>FS17401B**-xxx: Cable troncal de cobre preterminado U\/UTP Cat5e, de 6 clavijas a 6 tomas<\/p>\n<p>FS17401C**-xxx: Cable troncal de cobre preterminado U\/UTP Cat5e, 6 tomas a 6 tomas<\/p>\n<ul>\n<li>**=color: GY=GREY, BK=BLACK, WT=WHITE, BU=BLUE, RD=RED, YL=YELLOW, OG=ORANGE, GN=GREEN<\/li>\n<li>xxx=Longitud: 030=3,0M, 050=5,0M, 075=7,5M, 100=10M, 200=20M, 300=30M<\/li>\n<li>Por ejemplo FS17401BBU-030= Cable troncal de cobre preterminado U\/UTP Cat5e, de 6 clavijas a 6 tomas, longitud 3M<\/li>\n<\/ul>","protected":false},"excerpt":{"rendered":"<p>Mejore sus proyectos con nuestros cables UTP troncales de cobre cat5e preterminados, una soluci\u00f3n muy eficaz para sistemas de conexi\u00f3n cruzada y parcheo de alta densidad.<\/p>","protected":false},"featured_media":16824,"template":"","meta":{"_acf_changed":false,"_seopress_robots_primary_cat":"","_seopress_titles_title":"Best Per-terminated Cat5e Copper Trunk UTP Cables - Farsince","_seopress_titles_desc":"","_seopress_robots_index":"","site-sidebar-layout":"default","site-content-layout":"default","ast-site-content-layout":"default","site-content-style":"default","site-sidebar-style":"default","ast-global-header-display":"","ast-banner-title-visibility":"","ast-main-header-display":"","ast-hfb-above-header-display":"","ast-hfb-below-header-display":"","ast-hfb-mobile-header-display":"","site-post-title":"","ast-breadcrumbs-content":"","ast-featured-img":"","footer-sml-layout":"","ast-disable-related-posts":"","theme-transparent-header-meta":"default","adv-header-id-meta":"","stick-header-meta":"","header-above-stick-meta":"","header-main-stick-meta":"","header-below-stick-meta":"","astra-migrate-meta-layouts":"default","ast-page-background-enabled":"default","ast-page-background-meta":{"desktop":{"background-color":"","background-image":"","background-repeat":"repeat","background-position":"center center","background-size":"auto","background-attachment":"scroll","background-type":"","background-media":"","overlay-type":"","overlay-color":"","overlay-opacity":"","overlay-gradient":""},"tablet":{"background-color":"","background-image":"","background-repeat":"repeat","background-position":"center center","background-size":"auto","background-attachment":"scroll","background-type":"","background-media":"","overlay-type":"","overlay-color":"","overlay-opacity":"","overlay-gradient":""},"mobile":{"background-color":"","background-image":"","background-repeat":"repeat","background-position":"center center","background-size":"auto","background-attachment":"scroll","background-type":"","background-media":"","overlay-type":"","overlay-color":"","overlay-opacity":"","overlay-gradient":""}},"ast-content-background-meta":{"desktop":{"background-color":"var(--ast-global-color-5)","background-image":"","background-repeat":"repeat","background-position":"center center","background-size":"auto","background-attachment":"scroll","background-type":"","background-media":"","overlay-type":"","overlay-color":"","overlay-opacity":"","overlay-gradient":""},"tablet":{"background-color":"var(--ast-global-color-5)","background-image":"","background-repeat":"repeat","background-position":"center center","background-size":"auto","background-attachment":"scroll","background-type":"","background-media":"","overlay-type":"","overlay-color":"","overlay-opacity":"","overlay-gradient":""},"mobile":{"background-color":"var(--ast-global-color-5)","background-image":"","background-repeat":"repeat","background-position":"center center","background-size":"auto","background-attachment":"scroll","background-type":"","background-media":"","overlay-type":"","overlay-color":"","overlay-opacity":"","overlay-gradient":""}},"iawp_total_views":2},"product_brand":[],"product_cat":[631,209],"product_tag":[],"class_list":{"0":"post-16787","1":"product","2":"type-product","3":"status-publish","4":"has-post-thumbnail","6":"product_cat-patch-cables","7":"product_cat-ethernet-cable","8":"desktop-align-left","9":"tablet-align-left","10":"mobile-align-left","12":"first","13":"instock","14":"shipping-taxable","15":"purchasable","16":"product-type-simple"},"acf":[],"_links":{"self":[{"href":"https:\/\/www.fjpremium.com\/es\/wp-json\/wp\/v2\/product\/16787","targetHints":{"allow":["GET"]}}],"collection":[{"href":"https:\/\/www.fjpremium.com\/es\/wp-json\/wp\/v2\/product"}],"about":[{"href":"https:\/\/www.fjpremium.com\/es\/wp-json\/wp\/v2\/types\/product"}],"wp:featuredmedia":[{"embeddable":true,"href":"https:\/\/www.fjpremium.com\/es\/wp-json\/wp\/v2\/media\/16824"}],"wp:attachment":[{"href":"https:\/\/www.fjpremium.com\/es\/wp-json\/wp\/v2\/media?parent=16787"}],"wp:term":[{"taxonomy":"product_brand","embeddable":true,"href":"https:\/\/www.fjpremium.com\/es\/wp-json\/wp\/v2\/product_brand?post=16787"},{"taxonomy":"product_cat","embeddable":true,"href":"https:\/\/www.fjpremium.com\/es\/wp-json\/wp\/v2\/product_cat?post=16787"},{"taxonomy":"product_tag","embeddable":true,"href":"https:\/\/www.fjpremium.com\/es\/wp-json\/wp\/v2\/product_tag?post=16787"}],"curies":[{"name":"wp","href":"https:\/\/api.w.org\/{rel}","templated":true}]}}