{"id":16786,"date":"2020-12-15T11:45:22","date_gmt":"2020-12-15T03:45:22","guid":{"rendered":"https:\/\/www.fjpremium.com\/?post_type=product&#038;p=16786"},"modified":"2023-12-14T13:56:41","modified_gmt":"2023-12-14T05:56:41","slug":"cat5e-cat6-cat6a-bootless-ethernet-patch-cord-cable","status":"publish","type":"product","link":"https:\/\/www.fjpremium.com\/es\/product\/cat5e-cat6-cat6a-bootless-ethernet-patch-cord-cable\/","title":{"rendered":"Bootless Cat5e\/Cat6\/Cat6a Ethernet Patch Cord Cable"},"content":{"rendered":"<p>Nuestro cable Cat5e sin funda est\u00e1 dise\u00f1ado sin las tradicionales fundas moldeadas de alivio de tensi\u00f3n, lo que ofrece un dise\u00f1o m\u00e1s elegante y menos voluminoso, ideal para espacios reducidos e instalaciones de red de alta densidad.<\/p>\n<p>Presume de una construcci\u00f3n UTP (par trenzado no apantallado) con conectores y clips RJ45, cable trenzado para mejorar la flexibilidad y conectores de oro que evitan la corrosi\u00f3n y garantizan una mayor vida \u00fatil del cable.<\/p>\n<p>Este cable Cat5e sin conector de alto rendimiento admite hasta 500 MHz, lo que proporciona un rendimiento de transmisi\u00f3n excepcional y bajas p\u00e9rdidas de se\u00f1al.<\/p>\n<p>Adem\u00e1s, est\u00e1 disponible en varios colores y longitudes para adaptarse a sus necesidades y cumple las normas ROHS y REACH.<\/p>\n<p>Especificaciones:<\/p>\n<ul>\n<li>Conductor: Cobre desnudo<\/li>\n<li>Calibre del cable: 26AWG o 24AWG<\/li>\n<li>Aislamiento: HDPE<\/li>\n<li>Color del aislamiento: Azul\/Blanco, Azul; Naranja\/Blanco, Naranja; Verde\/Blanco, Verde; Marr\u00f3n\/Blanco, Marr\u00f3n<\/li>\n<li>Blindaje: Ninguno<\/li>\n<li>Trenzado: Ninguno<\/li>\n<li>Cubierta: PVC<\/li>\n<li>Di\u00e1metro exterior: 5,0\u00b10,2 mm<\/li>\n<li>Conector 1: RJ45 UTP<\/li>\n<li>Conector 1: RJ45 UTP<\/li>\n<li>Contacto: Dorado 3U<\/li>\n<li>Comprobaci\u00f3n: Comprobador Fluke<\/li>\n<\/ul>\n<p>En resumen, con un dise\u00f1o elegante y un rendimiento excepcional, este cable es perfecto para cualquier proyecto que requiera una opci\u00f3n de cable menos voluminoso y m\u00e1s flexible. Conf\u00ede en nosotros para todas sus necesidades de cable de conexi\u00f3n Ethernet.<\/p>\n<h2>Descargar:<\/h2>\n<ul>\n<li>Hoja de datos del cable de interconexi\u00f3n Ethernet Bootless<\/li>\n<\/ul>\n<h2>Informaci\u00f3n sobre pedidos:<\/h2>\n<p>FS17301**-xxx: Cat5e U\/UTP cable de conexi\u00f3n de red sin arranque<\/p>\n<p>FS17302**-xxx: Cat6 U\/UTP cable de conexi\u00f3n de red sin arranque<\/p>\n<p>FS17303**-xxx: Cat6 U\/UTP cable de conexi\u00f3n de red sin arranque<\/p>\n<ul>\n<li>**=color: GY=GREY, BK=BLACK, WT=WHITE, BU=BLUE, RD=RED, YL=YELLOW, OG=ORANGE, GN=GREEN<\/li>\n<li>xxx=Longitud: 003=0,3M, 005=0,5M, 010=1,0M, 018=1,8M, 030=3,0M, 050=5,0M, 075=7,5M, 100=10M, 200=20M, 300=30M, 400=40M, 500=50M<\/li>\n<li>Por ejemplo FS17303BU-018= Cat6 U\/UTP cable de conexi\u00f3n de red sin arranque, 1.8M Longitud<\/li>\n<\/ul>","protected":false},"excerpt":{"rendered":"<p>Este cable de conexi\u00f3n Ethernet cat5e sin conexi\u00f3n ofrece una conectividad superior para componentes de red LAN como PC, servidores inform\u00e1ticos, impresoras, etc.<\/p>","protected":false},"featured_media":16816,"template":"","meta":{"_acf_changed":false,"_seopress_robots_primary_cat":"","_seopress_titles_title":"Bootless Cat5e\/Cat6\/Cat6a Ethernet Patch Cord Cable - Farsince","_seopress_titles_desc":"Connect your devices to your network with Farsince&#039;s Bootless Cat5e\/Cat6\/Cat6a Ethernet Patch Cord Cable. Our cable provides reliable and seamless connection for high-speed data transfer. ","_seopress_robots_index":"","site-sidebar-layout":"default","site-content-layout":"default","ast-site-content-layout":"default","site-content-style":"default","site-sidebar-style":"default","ast-global-header-display":"","ast-banner-title-visibility":"","ast-main-header-display":"","ast-hfb-above-header-display":"","ast-hfb-below-header-display":"","ast-hfb-mobile-header-display":"","site-post-title":"","ast-breadcrumbs-content":"","ast-featured-img":"","footer-sml-layout":"","ast-disable-related-posts":"","theme-transparent-header-meta":"default","adv-header-id-meta":"","stick-header-meta":"","header-above-stick-meta":"","header-main-stick-meta":"","header-below-stick-meta":"","astra-migrate-meta-layouts":"set","ast-page-background-enabled":"default","ast-page-background-meta":{"desktop":{"background-color":"","background-image":"","background-repeat":"repeat","background-position":"center center","background-size":"auto","background-attachment":"scroll","background-type":"","background-media":"","overlay-type":"","overlay-color":"","overlay-opacity":"","overlay-gradient":""},"tablet":{"background-color":"","background-image":"","background-repeat":"repeat","background-position":"center center","background-size":"auto","background-attachment":"scroll","background-type":"","background-media":"","overlay-type":"","overlay-color":"","overlay-opacity":"","overlay-gradient":""},"mobile":{"background-color":"","background-image":"","background-repeat":"repeat","background-position":"center center","background-size":"auto","background-attachment":"scroll","background-type":"","background-media":"","overlay-type":"","overlay-color":"","overlay-opacity":"","overlay-gradient":""}},"ast-content-background-meta":{"desktop":{"background-color":"var(--ast-global-color-5)","background-image":"","background-repeat":"repeat","background-position":"center center","background-size":"auto","background-attachment":"scroll","background-type":"","background-media":"","overlay-type":"","overlay-color":"","overlay-opacity":"","overlay-gradient":""},"tablet":{"background-color":"var(--ast-global-color-5)","background-image":"","background-repeat":"repeat","background-position":"center center","background-size":"auto","background-attachment":"scroll","background-type":"","background-media":"","overlay-type":"","overlay-color":"","overlay-opacity":"","overlay-gradient":""},"mobile":{"background-color":"var(--ast-global-color-5)","background-image":"","background-repeat":"repeat","background-position":"center center","background-size":"auto","background-attachment":"scroll","background-type":"","background-media":"","overlay-type":"","overlay-color":"","overlay-opacity":"","overlay-gradient":""}},"iawp_total_views":9},"product_brand":[],"product_cat":[631,209],"product_tag":[],"class_list":{"0":"post-16786","1":"product","2":"type-product","3":"status-publish","4":"has-post-thumbnail","6":"product_cat-patch-cables","7":"product_cat-ethernet-cable","8":"desktop-align-left","9":"tablet-align-left","10":"mobile-align-left","12":"first","13":"instock","14":"shipping-taxable","15":"purchasable","16":"product-type-simple"},"acf":[],"_links":{"self":[{"href":"https:\/\/www.fjpremium.com\/es\/wp-json\/wp\/v2\/product\/16786","targetHints":{"allow":["GET"]}}],"collection":[{"href":"https:\/\/www.fjpremium.com\/es\/wp-json\/wp\/v2\/product"}],"about":[{"href":"https:\/\/www.fjpremium.com\/es\/wp-json\/wp\/v2\/types\/product"}],"wp:featuredmedia":[{"embeddable":true,"href":"https:\/\/www.fjpremium.com\/es\/wp-json\/wp\/v2\/media\/16816"}],"wp:attachment":[{"href":"https:\/\/www.fjpremium.com\/es\/wp-json\/wp\/v2\/media?parent=16786"}],"wp:term":[{"taxonomy":"product_brand","embeddable":true,"href":"https:\/\/www.fjpremium.com\/es\/wp-json\/wp\/v2\/product_brand?post=16786"},{"taxonomy":"product_cat","embeddable":true,"href":"https:\/\/www.fjpremium.com\/es\/wp-json\/wp\/v2\/product_cat?post=16786"},{"taxonomy":"product_tag","embeddable":true,"href":"https:\/\/www.fjpremium.com\/es\/wp-json\/wp\/v2\/product_tag?post=16786"}],"curies":[{"name":"wp","href":"https:\/\/api.w.org\/{rel}","templated":true}]}}