{"id":16785,"date":"2020-12-15T11:45:20","date_gmt":"2020-12-15T03:45:20","guid":{"rendered":"https:\/\/www.fjpremium.com\/?post_type=product&#038;p=16785"},"modified":"2023-12-14T13:56:41","modified_gmt":"2023-12-14T05:56:41","slug":"cat6-rj45-unshielded-field-termination-plug-with-plastic-boot","status":"publish","type":"product","link":"https:\/\/www.fjpremium.com\/es\/product\/cat6-rj45-unshielded-field-termination-plug-with-plastic-boot\/","title":{"rendered":"Enchufe de terminaci\u00f3n de campo Cat6 sin apantallar con bota de pl\u00e1stico"},"content":{"rendered":"<p>Capaz de soportar aplicaciones Ethernet de 10 Gigabits y un ancho de banda de hasta 250 MHz, nuestro conector de terminaci\u00f3n de campo cat6 con bota de pl\u00e1stico garantiza que su red funcione al m\u00e1ximo rendimiento.<\/p>\n<p>El dise\u00f1o sin herramientas de esta clavija de terminaci\u00f3n de campo Cat6 permite una instalaci\u00f3n r\u00e1pida y sin esfuerzo sin necesidad de una herramienta de crimpado. Su duradera carcasa de aleaci\u00f3n de zinc fundido a presi\u00f3n contribuye a la longevidad de la clavija.<\/p>\n<p>Y el conector RJ45 viene con contactos chapados en oro de 50u y una tapa protectora contra el polvo, lo que garantiza conexiones fiables y consistentes en diversos entornos.<\/p>\n<p>La clavija es compatible con cables de cobre desnudo AWG24-23 con di\u00e1metros entre 0,50 y 0,58 mm y admite configuraciones de cableado T568A y T568B.<\/p>\n<p>Al contar con una resistencia de contacto m\u00e1xima de 100M\u03a9 y una resistencia de aislamiento m\u00ednima de 500M\u03a9, garantiza una transmisi\u00f3n de datos eficaz.<\/p>\n<p>Tambi\u00e9n tiene una p\u00e9rdida de retorno de 5,9 dB y funciona a temperaturas de entre -10 y 60 grados cent\u00edgrados.<\/p>\n<p>Adem\u00e1s, certificado por ROHS, nuestro enchufe cumple las normas medioambientales y de seguridad m\u00e1s estrictas.<\/p>\n<p>Cada paquete incluye una bolsa con cremallera que contiene el enchufe de campo, una tapa guardapolvo, una brida de nylon para el cable y una gu\u00eda del usuario para facilitar la instalaci\u00f3n.<\/p>\n<p>Por lo tanto, conf\u00ede en nosotros como su principal proveedor mayorista de cables, adaptadores y productos electr\u00f3nicos de consumo excepcionales, y eleve su infraestructura de red con nuestro conector de terminaci\u00f3n de campo Cat6 de \u00faltima generaci\u00f3n.<\/p>\n<h2>Informaci\u00f3n sobre pedidos:<\/h2>\n<ul>\n<li>FS7203-C6: Enchufe de terminaci\u00f3n de campo sin apantallar Cat6<\/li>\n<\/ul>","protected":false},"excerpt":{"rendered":"<p>Esta clavija de terminaci\u00f3n de campo cat6 sin apantallar de primer nivel es perfecta para entornos de red exigentes, como centros de datos de alto rendimiento y almacenamiento en la nube NAS.<\/p>","protected":false},"featured_media":16808,"template":"","meta":{"_acf_changed":false,"_seopress_robots_primary_cat":"","_seopress_titles_title":"Best Cat6 Field Termination Plug - Farsince","_seopress_titles_desc":"","_seopress_robots_index":"","site-sidebar-layout":"default","site-content-layout":"default","ast-site-content-layout":"default","site-content-style":"default","site-sidebar-style":"default","ast-global-header-display":"","ast-banner-title-visibility":"","ast-main-header-display":"","ast-hfb-above-header-display":"","ast-hfb-below-header-display":"","ast-hfb-mobile-header-display":"","site-post-title":"","ast-breadcrumbs-content":"","ast-featured-img":"","footer-sml-layout":"","ast-disable-related-posts":"","theme-transparent-header-meta":"default","adv-header-id-meta":"","stick-header-meta":"","header-above-stick-meta":"","header-main-stick-meta":"","header-below-stick-meta":"","astra-migrate-meta-layouts":"default","ast-page-background-enabled":"default","ast-page-background-meta":{"desktop":{"background-color":"","background-image":"","background-repeat":"repeat","background-position":"center center","background-size":"auto","background-attachment":"scroll","background-type":"","background-media":"","overlay-type":"","overlay-color":"","overlay-opacity":"","overlay-gradient":""},"tablet":{"background-color":"","background-image":"","background-repeat":"repeat","background-position":"center center","background-size":"auto","background-attachment":"scroll","background-type":"","background-media":"","overlay-type":"","overlay-color":"","overlay-opacity":"","overlay-gradient":""},"mobile":{"background-color":"","background-image":"","background-repeat":"repeat","background-position":"center center","background-size":"auto","background-attachment":"scroll","background-type":"","background-media":"","overlay-type":"","overlay-color":"","overlay-opacity":"","overlay-gradient":""}},"ast-content-background-meta":{"desktop":{"background-color":"var(--ast-global-color-5)","background-image":"","background-repeat":"repeat","background-position":"center center","background-size":"auto","background-attachment":"scroll","background-type":"","background-media":"","overlay-type":"","overlay-color":"","overlay-opacity":"","overlay-gradient":""},"tablet":{"background-color":"var(--ast-global-color-5)","background-image":"","background-repeat":"repeat","background-position":"center center","background-size":"auto","background-attachment":"scroll","background-type":"","background-media":"","overlay-type":"","overlay-color":"","overlay-opacity":"","overlay-gradient":""},"mobile":{"background-color":"var(--ast-global-color-5)","background-image":"","background-repeat":"repeat","background-position":"center center","background-size":"auto","background-attachment":"scroll","background-type":"","background-media":"","overlay-type":"","overlay-color":"","overlay-opacity":"","overlay-gradient":""}},"iawp_total_views":14},"product_brand":[],"product_cat":[631,209],"product_tag":[],"class_list":{"0":"post-16785","1":"product","2":"type-product","3":"status-publish","4":"has-post-thumbnail","6":"product_cat-patch-cables","7":"product_cat-ethernet-cable","8":"desktop-align-left","9":"tablet-align-left","10":"mobile-align-left","12":"first","13":"instock","14":"shipping-taxable","15":"purchasable","16":"product-type-simple"},"acf":[],"_links":{"self":[{"href":"https:\/\/www.fjpremium.com\/es\/wp-json\/wp\/v2\/product\/16785","targetHints":{"allow":["GET"]}}],"collection":[{"href":"https:\/\/www.fjpremium.com\/es\/wp-json\/wp\/v2\/product"}],"about":[{"href":"https:\/\/www.fjpremium.com\/es\/wp-json\/wp\/v2\/types\/product"}],"wp:featuredmedia":[{"embeddable":true,"href":"https:\/\/www.fjpremium.com\/es\/wp-json\/wp\/v2\/media\/16808"}],"wp:attachment":[{"href":"https:\/\/www.fjpremium.com\/es\/wp-json\/wp\/v2\/media?parent=16785"}],"wp:term":[{"taxonomy":"product_brand","embeddable":true,"href":"https:\/\/www.fjpremium.com\/es\/wp-json\/wp\/v2\/product_brand?post=16785"},{"taxonomy":"product_cat","embeddable":true,"href":"https:\/\/www.fjpremium.com\/es\/wp-json\/wp\/v2\/product_cat?post=16785"},{"taxonomy":"product_tag","embeddable":true,"href":"https:\/\/www.fjpremium.com\/es\/wp-json\/wp\/v2\/product_tag?post=16785"}],"curies":[{"name":"wp","href":"https:\/\/api.w.org\/{rel}","templated":true}]}}