{"id":16783,"date":"2020-12-15T11:45:18","date_gmt":"2020-12-15T03:45:18","guid":{"rendered":"https:\/\/www.fjpremium.com\/?post_type=product&#038;p=16783"},"modified":"2023-12-14T13:56:42","modified_gmt":"2023-12-14T05:56:42","slug":"industrial-first-class-cat7-6a-rj45-shielded-field-termination-plug-with-plastic-boot","status":"publish","type":"product","link":"https:\/\/www.fjpremium.com\/es\/product\/industrial-first-class-cat7-6a-rj45-shielded-field-termination-plug-with-plastic-boot\/","title":{"rendered":"Enchufe RJ45 apantallado con terminaci\u00f3n de campo Cat6A\/7 con bota de pl\u00e1stico"},"content":{"rendered":"<p>Con capacidad para admitir aplicaciones Ethernet de 10 Gigabits y un ancho de banda de hasta 600 MHz, este conector RJ45 cat6A garantiza una eficiencia \u00f3ptima de la red.<\/p>\n<p>Una de las caracter\u00edsticas distintivas de la clavija es su dise\u00f1o sin herramientas, que permite una instalaci\u00f3n r\u00e1pida y sin esfuerzo sin necesidad de una herramienta de engaste.<\/p>\n<p>Su carcasa de fundici\u00f3n a presi\u00f3n de aleaci\u00f3n de zinc proporciona una mayor durabilidad y longevidad.<\/p>\n<p>Adem\u00e1s, est\u00e1 equipado con contactos chapados en oro de 50u y una tapa antipolvo, que garantizan conexiones estables y fiables en diversas condiciones.<\/p>\n<p>Nuestra clavija admite cables de cobre desnudo AWG24-22 con di\u00e1metros comprendidos entre 0,50 y 0,64 mm y es compatible con los esquemas de cableado T568A y T568B.<\/p>\n<p>Con una resistencia de contacto m\u00e1xima de 100M\u03a9 y una resistencia de aislamiento m\u00ednima de 500M\u03a9, garantiza una transmisi\u00f3n de datos eficaz.<\/p>\n<p>Adem\u00e1s, presenta una p\u00e9rdida de retorno de 5,9 dB y un rango de temperatura de funcionamiento de -10 a 60 grados Celsius.<\/p>\n<p>Adem\u00e1s, conforme a la certificaci\u00f3n ROHS, este enchufe RJ45 cat6A cumple las normas medioambientales y de seguridad m\u00e1s estrictas.<\/p>\n<p>Cada paquete se presenta en una bolsa con cremallera e incluye lo siguiente:<\/p>\n<ul>\n<li>Un enchufe de campo<\/li>\n<li>Un guardapolvo<\/li>\n<li>Una brida de nylon<\/li>\n<li>Gu\u00eda del usuario<\/li>\n<\/ul>\n<p>En conclusi\u00f3n, nuestra clavija de terminaci\u00f3n de campo RJ45 cat6A\/7 apantallada con funda de pl\u00e1stico ofrece una soluci\u00f3n de primera calidad para aplicaciones de red de alto rendimiento.<\/p>\n<p>Conf\u00ede en nosotros como su proveedor mayorista preferido de cables, adaptadores y productos electr\u00f3nicos de consumo de alta calidad, y p\u00f3ngase en contacto con nosotros hoy mismo.<\/p>\n<h2>Informaci\u00f3n sobre pedidos:<\/h2>\n<ul>\n<li>FS7202-C7: Enchufe de terminaci\u00f3n de campo apantallado Cat7<\/li>\n<li>FS7202-C6A: Enchufe de terminaci\u00f3n de campo apantallado Cat6A<\/li>\n<\/ul>","protected":false},"excerpt":{"rendered":"<p>Actualice el rendimiento de su red con nuestro conector de terminaci\u00f3n de campo RJ45 cat6A\/7 blindado, perfecto para centros de datos de alto rendimiento y almacenamiento en la nube NAS.<\/p>","protected":false},"featured_media":16800,"template":"","meta":{"_acf_changed":false,"_seopress_robots_primary_cat":"","_seopress_titles_title":"","_seopress_titles_desc":"","_seopress_robots_index":"","site-sidebar-layout":"default","site-content-layout":"default","ast-site-content-layout":"default","site-content-style":"default","site-sidebar-style":"default","ast-global-header-display":"","ast-banner-title-visibility":"","ast-main-header-display":"","ast-hfb-above-header-display":"","ast-hfb-below-header-display":"","ast-hfb-mobile-header-display":"","site-post-title":"","ast-breadcrumbs-content":"","ast-featured-img":"","footer-sml-layout":"","ast-disable-related-posts":"","theme-transparent-header-meta":"default","adv-header-id-meta":"","stick-header-meta":"","header-above-stick-meta":"","header-main-stick-meta":"","header-below-stick-meta":"","astra-migrate-meta-layouts":"default","ast-page-background-enabled":"default","ast-page-background-meta":{"desktop":{"background-color":"","background-image":"","background-repeat":"repeat","background-position":"center center","background-size":"auto","background-attachment":"scroll","background-type":"","background-media":"","overlay-type":"","overlay-color":"","overlay-opacity":"","overlay-gradient":""},"tablet":{"background-color":"","background-image":"","background-repeat":"repeat","background-position":"center center","background-size":"auto","background-attachment":"scroll","background-type":"","background-media":"","overlay-type":"","overlay-color":"","overlay-opacity":"","overlay-gradient":""},"mobile":{"background-color":"","background-image":"","background-repeat":"repeat","background-position":"center center","background-size":"auto","background-attachment":"scroll","background-type":"","background-media":"","overlay-type":"","overlay-color":"","overlay-opacity":"","overlay-gradient":""}},"ast-content-background-meta":{"desktop":{"background-color":"var(--ast-global-color-5)","background-image":"","background-repeat":"repeat","background-position":"center center","background-size":"auto","background-attachment":"scroll","background-type":"","background-media":"","overlay-type":"","overlay-color":"","overlay-opacity":"","overlay-gradient":""},"tablet":{"background-color":"var(--ast-global-color-5)","background-image":"","background-repeat":"repeat","background-position":"center center","background-size":"auto","background-attachment":"scroll","background-type":"","background-media":"","overlay-type":"","overlay-color":"","overlay-opacity":"","overlay-gradient":""},"mobile":{"background-color":"var(--ast-global-color-5)","background-image":"","background-repeat":"repeat","background-position":"center center","background-size":"auto","background-attachment":"scroll","background-type":"","background-media":"","overlay-type":"","overlay-color":"","overlay-opacity":"","overlay-gradient":""}},"iawp_total_views":28},"product_brand":[],"product_cat":[631,209],"product_tag":[],"class_list":{"0":"post-16783","1":"product","2":"type-product","3":"status-publish","4":"has-post-thumbnail","6":"product_cat-patch-cables","7":"product_cat-ethernet-cable","8":"desktop-align-left","9":"tablet-align-left","10":"mobile-align-left","12":"first","13":"instock","14":"shipping-taxable","15":"purchasable","16":"product-type-simple"},"acf":[],"_links":{"self":[{"href":"https:\/\/www.fjpremium.com\/es\/wp-json\/wp\/v2\/product\/16783","targetHints":{"allow":["GET"]}}],"collection":[{"href":"https:\/\/www.fjpremium.com\/es\/wp-json\/wp\/v2\/product"}],"about":[{"href":"https:\/\/www.fjpremium.com\/es\/wp-json\/wp\/v2\/types\/product"}],"wp:featuredmedia":[{"embeddable":true,"href":"https:\/\/www.fjpremium.com\/es\/wp-json\/wp\/v2\/media\/16800"}],"wp:attachment":[{"href":"https:\/\/www.fjpremium.com\/es\/wp-json\/wp\/v2\/media?parent=16783"}],"wp:term":[{"taxonomy":"product_brand","embeddable":true,"href":"https:\/\/www.fjpremium.com\/es\/wp-json\/wp\/v2\/product_brand?post=16783"},{"taxonomy":"product_cat","embeddable":true,"href":"https:\/\/www.fjpremium.com\/es\/wp-json\/wp\/v2\/product_cat?post=16783"},{"taxonomy":"product_tag","embeddable":true,"href":"https:\/\/www.fjpremium.com\/es\/wp-json\/wp\/v2\/product_tag?post=16783"}],"curies":[{"name":"wp","href":"https:\/\/api.w.org\/{rel}","templated":true}]}}