{"id":16782,"date":"2020-12-15T11:45:17","date_gmt":"2020-12-15T03:45:17","guid":{"rendered":"https:\/\/www.fjpremium.com\/?post_type=product&#038;p=16782"},"modified":"2023-12-14T13:56:42","modified_gmt":"2023-12-14T05:56:42","slug":"cat8-toolless-modular-plug-connector-pre-assemble-rj45-cat8-ethernet-patch-cable-straight-angle","status":"publish","type":"product","link":"https:\/\/www.fjpremium.com\/es\/product\/cat8-toolless-modular-plug-connector-pre-assemble-rj45-cat8-ethernet-patch-cable-straight-angle\/","title":{"rendered":"Cable de conexi\u00f3n Ethernet RJ45 Cat8 Conector modular sin herramientas"},"content":{"rendered":"<p>Capaz de ofrecer velocidades de red de datos de 10G-40G, este conector proporciona una experiencia de red inigualable.<\/p>\n<p>Su dise\u00f1o totalmente blindado en 360 grados cumple las normas industriales IP20 de impermeabilidad y resistencia al polvo, lo que garantiza una protecci\u00f3n \u00f3ptima.<\/p>\n<p>Y el dise\u00f1o sin herramientas permite una instalaci\u00f3n r\u00e1pida sin necesidad de una herramienta de crimpado.<\/p>\n<p>Nuestro conector cuenta con una carcasa de fundici\u00f3n a presi\u00f3n de aleaci\u00f3n de zinc y contactos chapados en oro de 50u.<\/p>\n<p>Los terminales IDC cuentan con un dise\u00f1o PCB (UL 94-V0), que proporciona una mayor estabilidad y rendimiento.<\/p>\n<p>La clavija tambi\u00e9n incluye un tap\u00f3n antipolvo y admite cables AWG23-26 con un di\u00e1metro exterior de 6,0-8,0 mm.<\/p>\n<p>Adecuado para diversas aplicaciones de interior y exterior, este conector es perfecto para su uso con PC, routers, conmutadores, paneles de conexi\u00f3n, tomas de pared y maquinaria.<\/p>\n<p>Las aplicaciones en exteriores incluyen la construcci\u00f3n, la iluminaci\u00f3n y los campos de equipamiento.<\/p>\n<p>Nuestro conector admite los esquemas de cableado T568A y T568B y tiene una fuerza de inserci\u00f3n de hasta 30N (IEC60603-7-5).<\/p>\n<p>La fuerza de retenci\u00f3n entre la clavija y el conector es de 7,7 KGS, y la vida \u00fatil del contacto (ciclos de acoplamiento) es de un m\u00ednimo de 750 ciclos.<\/p>\n<p>Adem\u00e1s, admite un m\u00ednimo de 20 ciclos de instalaci\u00f3n repetidos para IDC y funciona a temperaturas que oscilan entre -10 y 60 grados Celsius.<\/p>\n<p>Adem\u00e1s, certificado por GHMT en Alemania, verificado CTTL seg\u00fan la prueba de canal TIA Cat8 por 30m, y probado CE y ROHS por SGS, este conector se adhiere a los m\u00e1s altos est\u00e1ndares de la industria.<\/p>\n<p>Y cada paquete viene en una bolsa con cremallera que contiene un tap\u00f3n de campo, una tapa antipolvo, una l\u00e1mina de cobre de 1x3 cm y una gu\u00eda del usuario para una instalaci\u00f3n sin problemas.<\/p>\n<p>En general, nuestro conector ofrece una soluci\u00f3n excepcional para aplicaciones de red de alto rendimiento.<\/p>\n<p>Conf\u00ede en nosotros como su proveedor mayorista de cables, adaptadores y productos electr\u00f3nicos de consumo de m\u00e1xima calidad, y p\u00f3ngase en contacto con nosotros hoy mismo.<\/p>\n<h2>Informaci\u00f3n sobre pedidos:<\/h2>\n<ul>\n<li>FS7201-C8: Enchufe de terminaci\u00f3n de campo apantallado Cat8<\/li>\n<li>FS7201-C7: Enchufe de terminaci\u00f3n de campo apantallado Cat7<\/li>\n<li>FS7201-C6A: Enchufe de terminaci\u00f3n de campo apantallado Cat6A<\/li>\n<li>FS17201\/AG Tipo acodado<\/li>\n<\/ul>","protected":false},"excerpt":{"rendered":"<p>Presentamos nuestro cable de conexi\u00f3n Ethernet de calidad industrial RJ45 cat8 con conector modular sin herramientas, ideal para centros de datos de alto rendimiento y almacenamiento en la nube NAS.<\/p>","protected":false},"featured_media":16792,"template":"","meta":{"_acf_changed":false,"_seopress_robots_primary_cat":"","_seopress_titles_title":"Best Cat8 Toolless Modular Plug Connector - Farsince","_seopress_titles_desc":"","_seopress_robots_index":"","site-sidebar-layout":"default","site-content-layout":"default","ast-site-content-layout":"default","site-content-style":"default","site-sidebar-style":"default","ast-global-header-display":"","ast-banner-title-visibility":"","ast-main-header-display":"","ast-hfb-above-header-display":"","ast-hfb-below-header-display":"","ast-hfb-mobile-header-display":"","site-post-title":"","ast-breadcrumbs-content":"","ast-featured-img":"","footer-sml-layout":"","ast-disable-related-posts":"","theme-transparent-header-meta":"default","adv-header-id-meta":"","stick-header-meta":"","header-above-stick-meta":"","header-main-stick-meta":"","header-below-stick-meta":"","astra-migrate-meta-layouts":"default","ast-page-background-enabled":"default","ast-page-background-meta":{"desktop":{"background-color":"","background-image":"","background-repeat":"repeat","background-position":"center center","background-size":"auto","background-attachment":"scroll","background-type":"","background-media":"","overlay-type":"","overlay-color":"","overlay-opacity":"","overlay-gradient":""},"tablet":{"background-color":"","background-image":"","background-repeat":"repeat","background-position":"center center","background-size":"auto","background-attachment":"scroll","background-type":"","background-media":"","overlay-type":"","overlay-color":"","overlay-opacity":"","overlay-gradient":""},"mobile":{"background-color":"","background-image":"","background-repeat":"repeat","background-position":"center center","background-size":"auto","background-attachment":"scroll","background-type":"","background-media":"","overlay-type":"","overlay-color":"","overlay-opacity":"","overlay-gradient":""}},"ast-content-background-meta":{"desktop":{"background-color":"var(--ast-global-color-5)","background-image":"","background-repeat":"repeat","background-position":"center center","background-size":"auto","background-attachment":"scroll","background-type":"","background-media":"","overlay-type":"","overlay-color":"","overlay-opacity":"","overlay-gradient":""},"tablet":{"background-color":"var(--ast-global-color-5)","background-image":"","background-repeat":"repeat","background-position":"center center","background-size":"auto","background-attachment":"scroll","background-type":"","background-media":"","overlay-type":"","overlay-color":"","overlay-opacity":"","overlay-gradient":""},"mobile":{"background-color":"var(--ast-global-color-5)","background-image":"","background-repeat":"repeat","background-position":"center center","background-size":"auto","background-attachment":"scroll","background-type":"","background-media":"","overlay-type":"","overlay-color":"","overlay-opacity":"","overlay-gradient":""}},"iawp_total_views":11},"product_brand":[],"product_cat":[631,209],"product_tag":[],"class_list":{"0":"post-16782","1":"product","2":"type-product","3":"status-publish","4":"has-post-thumbnail","6":"product_cat-patch-cables","7":"product_cat-ethernet-cable","8":"desktop-align-left","9":"tablet-align-left","10":"mobile-align-left","12":"first","13":"instock","14":"shipping-taxable","15":"purchasable","16":"product-type-simple"},"acf":[],"_links":{"self":[{"href":"https:\/\/www.fjpremium.com\/es\/wp-json\/wp\/v2\/product\/16782","targetHints":{"allow":["GET"]}}],"collection":[{"href":"https:\/\/www.fjpremium.com\/es\/wp-json\/wp\/v2\/product"}],"about":[{"href":"https:\/\/www.fjpremium.com\/es\/wp-json\/wp\/v2\/types\/product"}],"wp:featuredmedia":[{"embeddable":true,"href":"https:\/\/www.fjpremium.com\/es\/wp-json\/wp\/v2\/media\/16792"}],"wp:attachment":[{"href":"https:\/\/www.fjpremium.com\/es\/wp-json\/wp\/v2\/media?parent=16782"}],"wp:term":[{"taxonomy":"product_brand","embeddable":true,"href":"https:\/\/www.fjpremium.com\/es\/wp-json\/wp\/v2\/product_brand?post=16782"},{"taxonomy":"product_cat","embeddable":true,"href":"https:\/\/www.fjpremium.com\/es\/wp-json\/wp\/v2\/product_cat?post=16782"},{"taxonomy":"product_tag","embeddable":true,"href":"https:\/\/www.fjpremium.com\/es\/wp-json\/wp\/v2\/product_tag?post=16782"}],"curies":[{"name":"wp","href":"https:\/\/api.w.org\/{rel}","templated":true}]}}