{"id":16773,"date":"2020-12-15T11:43:40","date_gmt":"2020-12-15T03:43:40","guid":{"rendered":"https:\/\/www.fjpremium.com\/?post_type=product&#038;p=16773"},"modified":"2023-12-14T13:56:43","modified_gmt":"2023-12-14T05:56:43","slug":"cat7-cat8-nylon-cotton-robust-braided-ethernet-cable-sstp-round-flat-braided-patch-cord-cable","status":"publish","type":"product","link":"https:\/\/www.fjpremium.com\/es\/product\/cat7-cat8-nylon-cotton-robust-braided-ethernet-cable-sstp-round-flat-braided-patch-cord-cable\/","title":{"rendered":"SSTP Cat7 Cat8 cable trenzado Ethernet, Ronda plana Patch Cord Cable"},"content":{"rendered":"<p>Con una construcci\u00f3n trenzada de nailon de doble protecci\u00f3n, nuestro cable Ethernet trenzado no s\u00f3lo es fuerte y resistente, sino tambi\u00e9n flexible, resistente al desgaste y hecho para durar.<\/p>\n<p>Ideal para adaptadores de red, concentradores, enrutadores, m\u00f3dems DSL\/cable, consolas de juegos, paneles de conexi\u00f3n y otras aplicaciones de red de alto rendimiento, admite un ancho de banda de hasta 600 MHz\/2000 MHz y velocidades de transmisi\u00f3n de datos de hasta 10 Gbps\/40 Gbps.<\/p>\n<p>Adem\u00e1s, se conecta a segmentos LAN\/WAN y equipos de red a velocidades m\u00e1ximas, proporcionando un rendimiento de transmisi\u00f3n excepcional y bajas p\u00e9rdidas de se\u00f1al.<\/p>\n<p>Este cable Ethernet trenzado cuenta con cable trenzado para una m\u00e1xima flexibilidad y opciones de cable redondo y plano.<\/p>\n<p>Cada par de cables est\u00e1 blindado individualmente con papel de aluminio para garantizar una integridad \u00f3ptima de la se\u00f1al.<\/p>\n<p>Adem\u00e1s, cumple o supera las especificaciones TIA\/EIA-568-C.2 e ISO\/IEC 11801 y es ideal para los requisitos arquitect\u00f3nicos de los centros de datos.<\/p>\n<p>Adem\u00e1s, disponible en varios colores y longitudes, nuestro cable Ethernet trenzado cumple las normas ROHS y REACH. Entre sus especificaciones se incluyen las siguientes:<\/p>\n<ul>\n<li>Conductor: Cobre desnudo<\/li>\n<li>Calibre del cable: 26AWG, 28AWG, 30AWG, 32AWG<\/li>\n<li>Aislamiento: Espuma PE<\/li>\n<li>Color del aislamiento: Azul\/Blanco, Azul; Naranja\/Blanco, Naranja; Verde\/Blanco, Verde; Marr\u00f3n\/Blanco, Marr\u00f3n<\/li>\n<li>Blindaje: Papel de aluminio<\/li>\n<li>Trenzado: 16\/5\/0,12mm Al-MG<\/li>\n<li>Desag\u00fce: Cobre desnudo<\/li>\n<li>Cubierta: PVC<\/li>\n<li>Di\u00e1metro exterior: Seg\u00fan<\/li>\n<li>Conector 1: RJ45 FTP<\/li>\n<li>Conector 1: RJ45 FTP<\/li>\n<li>Contacto: 50U dorado, carcasa niquelada<\/li>\n<li>Comprobaci\u00f3n: Comprobador Fluke<\/li>\n<\/ul>\n<p>As\u00ed, este cable Ethernet trenzado es la soluci\u00f3n ideal para aplicaciones de red de alto rendimiento, ya que combina durabilidad, flexibilidad y una transmisi\u00f3n de se\u00f1al superior.<\/p>\n<p>Actualice su infraestructura de red con este excepcional cable patch cord y experimente la diferencia hoy mismo.<\/p>\n<h2>Descargar:<\/h2>\n<ul>\n<li>Hoja de datos del cable de conexi\u00f3n Ethernet trenzado CAT7 Cat8<\/li>\n<\/ul>\n<h2>Informaci\u00f3n sobre pedidos:<\/h2>\n<p>FS17112-C7F**-xxx: Cable plano trenzado Cat7 F\/FTP, 30AWG<\/p>\n<p>FS17112-C7R**-xxx: Cable de conexi\u00f3n redondo Cat7 F\/FTP trenzado, 28AWG<\/p>\n<p>FS17112-C8F**-xxx: Cable plano trenzado Cat8 F\/FTP, 30AWG<\/p>\n<p>FS17112-C8R**-xxx: Cable de conexi\u00f3n redondo Cat8 F\/FTP trenzado, 28AWG<\/p>\n<ul>\n<li>**=color: GY=GREY, BK=BLACK, WT=WHITE, BU=BLUE, RD=RED, YL=YELLOW, OG=ORANGE, GN=GREEN<\/li>\n<li>xxx=Longitud: 003=0,3M, 005=0,5M, 010=1,0M, 018=1,8M, 030=3,0M, 050=5,0M, 075=7,5M, 100=10M, 200=20M, 300=30M, 400=40M, 500=50M<\/li>\n<li>Por ejemplo FS17112C7FBU-018=Cable plano trenzado CAT7 F\/FTP, color Azul, 1.8M Longitud<\/li>\n<\/ul>","protected":false},"excerpt":{"rendered":"<p>Descubra este cable Ethernet trenzado SSTP cat7 cat8, un robusto cable plano redondo dise\u00f1ado para satisfacer las exigencias de las aplicaciones de red modernas.<\/p>","protected":false},"featured_media":16774,"template":"","meta":{"_acf_changed":false,"_seopress_robots_primary_cat":"","_seopress_titles_title":"Best Cat7 Cat8 Braided Ethernet Cable - Farsince","_seopress_titles_desc":"","_seopress_robots_index":"","site-sidebar-layout":"default","site-content-layout":"default","ast-site-content-layout":"default","site-content-style":"default","site-sidebar-style":"default","ast-global-header-display":"","ast-banner-title-visibility":"","ast-main-header-display":"","ast-hfb-above-header-display":"","ast-hfb-below-header-display":"","ast-hfb-mobile-header-display":"","site-post-title":"","ast-breadcrumbs-content":"","ast-featured-img":"","footer-sml-layout":"","ast-disable-related-posts":"","theme-transparent-header-meta":"default","adv-header-id-meta":"","stick-header-meta":"","header-above-stick-meta":"","header-main-stick-meta":"","header-below-stick-meta":"","astra-migrate-meta-layouts":"default","ast-page-background-enabled":"default","ast-page-background-meta":{"desktop":{"background-color":"","background-image":"","background-repeat":"repeat","background-position":"center center","background-size":"auto","background-attachment":"scroll","background-type":"","background-media":"","overlay-type":"","overlay-color":"","overlay-opacity":"","overlay-gradient":""},"tablet":{"background-color":"","background-image":"","background-repeat":"repeat","background-position":"center center","background-size":"auto","background-attachment":"scroll","background-type":"","background-media":"","overlay-type":"","overlay-color":"","overlay-opacity":"","overlay-gradient":""},"mobile":{"background-color":"","background-image":"","background-repeat":"repeat","background-position":"center center","background-size":"auto","background-attachment":"scroll","background-type":"","background-media":"","overlay-type":"","overlay-color":"","overlay-opacity":"","overlay-gradient":""}},"ast-content-background-meta":{"desktop":{"background-color":"var(--ast-global-color-5)","background-image":"","background-repeat":"repeat","background-position":"center center","background-size":"auto","background-attachment":"scroll","background-type":"","background-media":"","overlay-type":"","overlay-color":"","overlay-opacity":"","overlay-gradient":""},"tablet":{"background-color":"var(--ast-global-color-5)","background-image":"","background-repeat":"repeat","background-position":"center center","background-size":"auto","background-attachment":"scroll","background-type":"","background-media":"","overlay-type":"","overlay-color":"","overlay-opacity":"","overlay-gradient":""},"mobile":{"background-color":"var(--ast-global-color-5)","background-image":"","background-repeat":"repeat","background-position":"center center","background-size":"auto","background-attachment":"scroll","background-type":"","background-media":"","overlay-type":"","overlay-color":"","overlay-opacity":"","overlay-gradient":""}},"iawp_total_views":15},"product_brand":[],"product_cat":[631,209],"product_tag":[],"class_list":{"0":"post-16773","1":"product","2":"type-product","3":"status-publish","4":"has-post-thumbnail","6":"product_cat-patch-cables","7":"product_cat-ethernet-cable","8":"desktop-align-left","9":"tablet-align-left","10":"mobile-align-left","12":"first","13":"instock","14":"shipping-taxable","15":"purchasable","16":"product-type-simple"},"acf":[],"_links":{"self":[{"href":"https:\/\/www.fjpremium.com\/es\/wp-json\/wp\/v2\/product\/16773","targetHints":{"allow":["GET"]}}],"collection":[{"href":"https:\/\/www.fjpremium.com\/es\/wp-json\/wp\/v2\/product"}],"about":[{"href":"https:\/\/www.fjpremium.com\/es\/wp-json\/wp\/v2\/types\/product"}],"wp:featuredmedia":[{"embeddable":true,"href":"https:\/\/www.fjpremium.com\/es\/wp-json\/wp\/v2\/media\/16774"}],"wp:attachment":[{"href":"https:\/\/www.fjpremium.com\/es\/wp-json\/wp\/v2\/media?parent=16773"}],"wp:term":[{"taxonomy":"product_brand","embeddable":true,"href":"https:\/\/www.fjpremium.com\/es\/wp-json\/wp\/v2\/product_brand?post=16773"},{"taxonomy":"product_cat","embeddable":true,"href":"https:\/\/www.fjpremium.com\/es\/wp-json\/wp\/v2\/product_cat?post=16773"},{"taxonomy":"product_tag","embeddable":true,"href":"https:\/\/www.fjpremium.com\/es\/wp-json\/wp\/v2\/product_tag?post=16773"}],"curies":[{"name":"wp","href":"https:\/\/api.w.org\/{rel}","templated":true}]}}