{"id":16763,"date":"2020-12-15T11:40:30","date_gmt":"2020-12-15T03:40:30","guid":{"rendered":"https:\/\/www.fjpremium.com\/?post_type=product&#038;p=16763"},"modified":"2023-12-14T13:56:43","modified_gmt":"2023-12-14T05:56:43","slug":"cat-8-f-ftp-ethernet-flat-patch-cord-lan-cable","status":"publish","type":"product","link":"https:\/\/www.fjpremium.com\/es\/product\/cat-8-f-ftp-ethernet-flat-patch-cord-lan-cable\/","title":{"rendered":"Cat 8 F\/FTP ethernet cable plano lan cable"},"content":{"rendered":"<p>Farsince Cat8 F\/FTP Double Fully Shielded Flat Patch Cable es una soluci\u00f3n ideal para hacer una conexi\u00f3n de red en un entorno ruidoso, EMI\/RFI. Construya su red dom\u00e9stica o de oficina con 10GBase-T Gigabit Ethernet. El F \/ FTP Doble Totalmente blindaje proporciona protecci\u00f3n contra el ruido EMI \/ RFI y la interferencia electromagn\u00e9tica hace un rendimiento bien Atenuaci\u00f3n y diafon\u00eda. Este cable cumple o supera las prestaciones de la Categor\u00eda 8.1 conforme a las especificaciones TIA\/EIA-568-C.2. Los cables Ethernet planos son superflexibles y mucho m\u00e1s f\u00e1ciles de manejar cuando se pasan por debajo de la alfombra, puertas, brazos giratorios y cajones o a lo largo de las paredes. El dise\u00f1o plano ayuda a evitar los cables enredados y ahorra espacio. Los conectores con contactos chapados en oro, fundas moldeadas de alivio de tensi\u00f3n y moldes sin enganches resisten la corrosi\u00f3n, proporcionan durabilidad y garantizan una conexi\u00f3n segura. Los conductores de cobre desnudo mejoran el rendimiento del cable y cumplen las especificaciones para cables de comunicaciones. Cable Cat8 flexible y duradero con un gran ancho de banda de hasta 2000 MHz que garantiza una transferencia de datos de alta velocidad para aplicaciones de servidor, computaci\u00f3n en la nube, videovigilancia y transmisi\u00f3n de v\u00eddeo de alta definici\u00f3n en l\u00ednea.<\/p>\n<h3>Caracter\u00edsticas principales<\/h3>\n<ul>\n<li>Cable de conexi\u00f3n Cat8 F\/FTP totalmente blindado<\/li>\n<li>Cable trenzado para una m\u00e1xima flexibilidad.<\/li>\n<li>El dise\u00f1o plano del cable facilita su uso en espacios reducidos<\/li>\n<li>Pares blindados individualmente con papel de aluminio<\/li>\n<li>Cumple o supera las especificaciones TIA\/EIA -568-C.2 e ISO\/IEC 11801<\/li>\n<li>Ideal para requisitos arquitect\u00f3nicos de centros de datos<\/li>\n<li>Proporciona un excelente rendimiento de transmisi\u00f3n y bajas p\u00e9rdidas de se\u00f1al<\/li>\n<li>Disponible con diferentes colores de cable<\/li>\n<li>Disponible con diferentes longitudes<\/li>\n<li>Conformidad con ROHS y REACH<\/li>\n<\/ul>\n<h2>Especificaciones<\/h2>\n<ul>\n<li>Conductor : Cobre desnudo<\/li>\n<li>Calibre del cable: 30AWG 7\/0,10\u00b10,008mm<\/li>\n<li>Aislamiento: Espuma PE<\/li>\n<li>Color del aislamiento: Azul\/Blanco,Azul; Naranja\/Blanco, Naranja; Verde\/Blanco,Verde; Marr\u00f3n\/Blanco,Marr\u00f3n<\/li>\n<li>Blindaje: Papel de aluminio<\/li>\n<li>Blindaje general: Papel de aluminio<\/li>\n<li>Drenaje:30AWG 7\/0,10\u00b10,008mm<\/li>\n<li>Cubierta: PVC<\/li>\n<li>Di\u00e1metro exterior: (8,5\u00b10,2mm)*(2,8\u00b10,15mm)<\/li>\n<li>Conector 1: RJ45 Cat8 FTP<\/li>\n<li>Conector 1: RJ45 Cat8 FTP<\/li>\n<li>Contacto: 50U dorado, carcasa niquelada<\/li>\n<li>Comprobaci\u00f3n: Comprobador Fluke<\/li>\n<\/ul>\n<h2>Descargar:<\/h2>\n<ul>\n<li>Hoja de datos del cable de conexi\u00f3n plano Cat8 F\/FTP ultrafino<\/li>\n<\/ul>\n<h2>Informaci\u00f3n sobre pedidos:<\/h2>\n<p>FS17110F**-xxx: Cable de conexi\u00f3n plano Ca8 F\/FTP ultrafino<\/p>\n<ul>\n<li>**=color: GY=GREY, BK=BLACK, WT=WHITE, BU=BLUE, RD=RED, YL=YELLOW, OG=ORANGE, GN=GREEN<\/li>\n<li>xxx=Longitud: 003=0,3M, 005=0,5M, 010=1,0M, 018=1,8M, 030=3,0M, 050=5,0M, 075=7,5M, 100=10M, 200=20M, 300=30M<\/li>\n<li>Por ejemplo FS17110FBU-018=Cable de conexi\u00f3n plano Cat7 F\/FTP ultrafino, color azul, 1,8 m de longitud<\/li>\n<\/ul>","protected":false},"excerpt":{"rendered":"<p>Latiguillo trenzado blindado plano Cat8 F\/FTP de 4 pares<\/p>","protected":false},"featured_media":16764,"template":"","meta":{"_acf_changed":false,"_seopress_robots_primary_cat":"","_seopress_titles_title":"Ethernet Flat Patch Cord Lan Cable Cat8 Manufacturer - Farsince","_seopress_titles_desc":"We are a cat8 manufacturer, offering a wide range of cat8 network cable with high quality and reasonable price","_seopress_robots_index":"","site-sidebar-layout":"default","site-content-layout":"default","ast-site-content-layout":"default","site-content-style":"default","site-sidebar-style":"default","ast-global-header-display":"","ast-banner-title-visibility":"","ast-main-header-display":"","ast-hfb-above-header-display":"","ast-hfb-below-header-display":"","ast-hfb-mobile-header-display":"","site-post-title":"","ast-breadcrumbs-content":"","ast-featured-img":"","footer-sml-layout":"","ast-disable-related-posts":"","theme-transparent-header-meta":"default","adv-header-id-meta":"","stick-header-meta":"","header-above-stick-meta":"","header-main-stick-meta":"","header-below-stick-meta":"","astra-migrate-meta-layouts":"default","ast-page-background-enabled":"default","ast-page-background-meta":{"desktop":{"background-color":"","background-image":"","background-repeat":"repeat","background-position":"center center","background-size":"auto","background-attachment":"scroll","background-type":"","background-media":"","overlay-type":"","overlay-color":"","overlay-opacity":"","overlay-gradient":""},"tablet":{"background-color":"","background-image":"","background-repeat":"repeat","background-position":"center center","background-size":"auto","background-attachment":"scroll","background-type":"","background-media":"","overlay-type":"","overlay-color":"","overlay-opacity":"","overlay-gradient":""},"mobile":{"background-color":"","background-image":"","background-repeat":"repeat","background-position":"center center","background-size":"auto","background-attachment":"scroll","background-type":"","background-media":"","overlay-type":"","overlay-color":"","overlay-opacity":"","overlay-gradient":""}},"ast-content-background-meta":{"desktop":{"background-color":"var(--ast-global-color-5)","background-image":"","background-repeat":"repeat","background-position":"center center","background-size":"auto","background-attachment":"scroll","background-type":"","background-media":"","overlay-type":"","overlay-color":"","overlay-opacity":"","overlay-gradient":""},"tablet":{"background-color":"var(--ast-global-color-5)","background-image":"","background-repeat":"repeat","background-position":"center center","background-size":"auto","background-attachment":"scroll","background-type":"","background-media":"","overlay-type":"","overlay-color":"","overlay-opacity":"","overlay-gradient":""},"mobile":{"background-color":"var(--ast-global-color-5)","background-image":"","background-repeat":"repeat","background-position":"center center","background-size":"auto","background-attachment":"scroll","background-type":"","background-media":"","overlay-type":"","overlay-color":"","overlay-opacity":"","overlay-gradient":""}},"iawp_total_views":11},"product_brand":[],"product_cat":[631,209],"product_tag":[],"class_list":{"0":"post-16763","1":"product","2":"type-product","3":"status-publish","4":"has-post-thumbnail","6":"product_cat-patch-cables","7":"product_cat-ethernet-cable","8":"desktop-align-left","9":"tablet-align-left","10":"mobile-align-left","12":"first","13":"instock","14":"shipping-taxable","15":"purchasable","16":"product-type-simple"},"acf":[],"_links":{"self":[{"href":"https:\/\/www.fjpremium.com\/es\/wp-json\/wp\/v2\/product\/16763","targetHints":{"allow":["GET"]}}],"collection":[{"href":"https:\/\/www.fjpremium.com\/es\/wp-json\/wp\/v2\/product"}],"about":[{"href":"https:\/\/www.fjpremium.com\/es\/wp-json\/wp\/v2\/types\/product"}],"wp:featuredmedia":[{"embeddable":true,"href":"https:\/\/www.fjpremium.com\/es\/wp-json\/wp\/v2\/media\/16764"}],"wp:attachment":[{"href":"https:\/\/www.fjpremium.com\/es\/wp-json\/wp\/v2\/media?parent=16763"}],"wp:term":[{"taxonomy":"product_brand","embeddable":true,"href":"https:\/\/www.fjpremium.com\/es\/wp-json\/wp\/v2\/product_brand?post=16763"},{"taxonomy":"product_cat","embeddable":true,"href":"https:\/\/www.fjpremium.com\/es\/wp-json\/wp\/v2\/product_cat?post=16763"},{"taxonomy":"product_tag","embeddable":true,"href":"https:\/\/www.fjpremium.com\/es\/wp-json\/wp\/v2\/product_tag?post=16763"}],"curies":[{"name":"wp","href":"https:\/\/api.w.org\/{rel}","templated":true}]}}