{"id":16755,"date":"2020-12-15T11:38:43","date_gmt":"2020-12-15T03:38:43","guid":{"rendered":"https:\/\/www.fjpremium.com\/?post_type=product&#038;p=16755"},"modified":"2023-12-14T13:56:44","modified_gmt":"2023-12-14T05:56:44","slug":"cat6a-utp-cable-rj45-unshielded-cat6a-patch-cord-cable","status":"publish","type":"product","link":"https:\/\/www.fjpremium.com\/es\/product\/cat6a-utp-cable-rj45-unshielded-cat6a-patch-cord-cable\/","title":{"rendered":"RJ45 sin blindaje Cat6a UTP Patch Cord Cable"},"content":{"rendered":"<p>Este cable patch cord est\u00e1 dise\u00f1ado para conectar una amplia gama de componentes de red LAN, incluidos PC, servidores inform\u00e1ticos, impresoras, routers, cajas de conmutaci\u00f3n, reproductores multimedia en red, NAS, tel\u00e9fonos VoIP y dispositivos PoE.<\/p>\n<p>Construya su red dom\u00e9stica o de oficina con 10 GBase-T Gigabit Ethernet con \u00e9l, que cumple o supera las prestaciones de la Categor\u00eda 6 conforme a las especificaciones TIA\/EIA-568-C.2 e ISO\/IEC 11801.<\/p>\n<p>Nuestro cable patch cord cuenta con contactos chapados en oro, fundas moldeadas para aliviar la tensi\u00f3n y moldes sin enganches para los conectores.<\/p>\n<p>Estos atributos no s\u00f3lo resisten la corrosi\u00f3n, sino que tambi\u00e9n proporcionan durabilidad y garantizan una conexi\u00f3n segura.<\/p>\n<p>Fabricado con conductores de cobre desnudo, cumple las especificaciones de los cables de comunicaci\u00f3n y mejora el rendimiento general.<\/p>\n<p>Este cable Cat6a U\/UTP flexible y duradero cuenta con un gran ancho de banda de hasta 500 MHz, lo que garantiza una transferencia de datos de alta velocidad para aplicaciones de servidor, computaci\u00f3n en la nube, videovigilancia y transmisi\u00f3n de v\u00eddeo de alta definici\u00f3n en l\u00ednea.<\/p>\n<p>Y el cable trenzado de 26AWG ofrece la m\u00e1xima flexibilidad, por lo que es perfecto para diversos requisitos arquitect\u00f3nicos de los centros de datos.<\/p>\n<p>Adem\u00e1s, disponible en varios colores y longitudes, nuestro cable patch cord cumple las normas ROHS y REACH.<\/p>\n<p>Presume de unas especificaciones impresionantes, entre las que se incluyen:<\/p>\n<ul>\n<li>Conductor: Cobre desnudo<\/li>\n<li>Hilo conductor: 26AWG 7\/0.16\u00b10.015mm<\/li>\n<li>Aislamiento: HDPE<\/li>\n<li>Color del aislamiento: Azul\/Blanco, Azul; Naranja\/Blanco, Naranja; Verde\/Blanco, Verde; Marr\u00f3n\/Blanco,Marr\u00f3n<\/li>\n<li>Blindaje: Ninguno<\/li>\n<li>Trenzado: Ninguno<\/li>\n<li>Cubierta: PVC<\/li>\n<li>Di\u00e1metro exterior: 5,5\u00b10,2 mm<\/li>\n<li>Conector 1: RJ45 Cat6A UTP<\/li>\n<li>Conector 1: RJ45 Cat6A UTP<\/li>\n<li>Contacto: Dorado 3U<\/li>\n<li>Comprobaci\u00f3n: Comprobador Fluke<\/li>\n<\/ul>\n<p>Por lo tanto, mejore su infraestructura de red con el cable patch cord RJ45 cat6a UTP sin apantallar de Farsince para obtener una soluci\u00f3n de alta velocidad, fiable y eficaz para satisfacer sus necesidades de red.<\/p>\n<h2>Descargar:<\/h2>\n<ul>\n<li>Ficha de datos del cable de conexi\u00f3n de 4 pares trenzado sin apantallar Cat6A U\/UTP<\/li>\n<\/ul>\n<h2>Informaci\u00f3n sobre pedidos:<\/h2>\n<p>FS17106**-xxx: Cable de conexi\u00f3n Cat6A U\/UTP de 4 pares trenzado sin apantallar<\/p>\n<ul>\n<li>**=color: GY=GREY, BK=BLACK, WT=WHITE, BU=BLUE, RD=RED, YL=YELLOW, OG=ORANGE, GN=GREEN<\/li>\n<li>xxx=Longitud: 003=0,3M, 005=0,5M, 010=1,0M, 018=1,8M, 030=3,0M, 050=5,0M, 075=7,5M, 100=10M, 200=20M, 300=30M, 400=40M, 500=50M<\/li>\n<li>Por ejemplo: FS17106BU-018= Cat6A U\/UTP sin apantallar trenzado 4 pares patch cord, 1.8M Longitud<\/li>\n<\/ul>","protected":false},"excerpt":{"rendered":"<p>Mejore el rendimiento de su red LAN con el cable patch cord RJ45 cat6a UTP no apantallado de alta calidad de Farsince.<\/p>","protected":false},"featured_media":16756,"template":"","meta":{"_acf_changed":false,"_seopress_robots_primary_cat":"","_seopress_titles_title":"Best Cat6a UTP Patch Cord Cable - Farsince","_seopress_titles_desc":"","_seopress_robots_index":"","site-sidebar-layout":"default","site-content-layout":"default","ast-site-content-layout":"default","site-content-style":"default","site-sidebar-style":"default","ast-global-header-display":"","ast-banner-title-visibility":"","ast-main-header-display":"","ast-hfb-above-header-display":"","ast-hfb-below-header-display":"","ast-hfb-mobile-header-display":"","site-post-title":"","ast-breadcrumbs-content":"","ast-featured-img":"","footer-sml-layout":"","ast-disable-related-posts":"","theme-transparent-header-meta":"default","adv-header-id-meta":"","stick-header-meta":"","header-above-stick-meta":"","header-main-stick-meta":"","header-below-stick-meta":"","astra-migrate-meta-layouts":"default","ast-page-background-enabled":"default","ast-page-background-meta":{"desktop":{"background-color":"","background-image":"","background-repeat":"repeat","background-position":"center center","background-size":"auto","background-attachment":"scroll","background-type":"","background-media":"","overlay-type":"","overlay-color":"","overlay-opacity":"","overlay-gradient":""},"tablet":{"background-color":"","background-image":"","background-repeat":"repeat","background-position":"center center","background-size":"auto","background-attachment":"scroll","background-type":"","background-media":"","overlay-type":"","overlay-color":"","overlay-opacity":"","overlay-gradient":""},"mobile":{"background-color":"","background-image":"","background-repeat":"repeat","background-position":"center center","background-size":"auto","background-attachment":"scroll","background-type":"","background-media":"","overlay-type":"","overlay-color":"","overlay-opacity":"","overlay-gradient":""}},"ast-content-background-meta":{"desktop":{"background-color":"var(--ast-global-color-5)","background-image":"","background-repeat":"repeat","background-position":"center center","background-size":"auto","background-attachment":"scroll","background-type":"","background-media":"","overlay-type":"","overlay-color":"","overlay-opacity":"","overlay-gradient":""},"tablet":{"background-color":"var(--ast-global-color-5)","background-image":"","background-repeat":"repeat","background-position":"center center","background-size":"auto","background-attachment":"scroll","background-type":"","background-media":"","overlay-type":"","overlay-color":"","overlay-opacity":"","overlay-gradient":""},"mobile":{"background-color":"var(--ast-global-color-5)","background-image":"","background-repeat":"repeat","background-position":"center center","background-size":"auto","background-attachment":"scroll","background-type":"","background-media":"","overlay-type":"","overlay-color":"","overlay-opacity":"","overlay-gradient":""}},"iawp_total_views":4},"product_brand":[],"product_cat":[631,209],"product_tag":[],"class_list":{"0":"post-16755","1":"product","2":"type-product","3":"status-publish","4":"has-post-thumbnail","6":"product_cat-patch-cables","7":"product_cat-ethernet-cable","8":"desktop-align-left","9":"tablet-align-left","10":"mobile-align-left","12":"first","13":"instock","14":"shipping-taxable","15":"purchasable","16":"product-type-simple"},"acf":[],"_links":{"self":[{"href":"https:\/\/www.fjpremium.com\/es\/wp-json\/wp\/v2\/product\/16755","targetHints":{"allow":["GET"]}}],"collection":[{"href":"https:\/\/www.fjpremium.com\/es\/wp-json\/wp\/v2\/product"}],"about":[{"href":"https:\/\/www.fjpremium.com\/es\/wp-json\/wp\/v2\/types\/product"}],"wp:featuredmedia":[{"embeddable":true,"href":"https:\/\/www.fjpremium.com\/es\/wp-json\/wp\/v2\/media\/16756"}],"wp:attachment":[{"href":"https:\/\/www.fjpremium.com\/es\/wp-json\/wp\/v2\/media?parent=16755"}],"wp:term":[{"taxonomy":"product_brand","embeddable":true,"href":"https:\/\/www.fjpremium.com\/es\/wp-json\/wp\/v2\/product_brand?post=16755"},{"taxonomy":"product_cat","embeddable":true,"href":"https:\/\/www.fjpremium.com\/es\/wp-json\/wp\/v2\/product_cat?post=16755"},{"taxonomy":"product_tag","embeddable":true,"href":"https:\/\/www.fjpremium.com\/es\/wp-json\/wp\/v2\/product_tag?post=16755"}],"curies":[{"name":"wp","href":"https:\/\/api.w.org\/{rel}","templated":true}]}}