{"id":16746,"date":"2020-12-15T11:36:57","date_gmt":"2020-12-15T03:36:57","guid":{"rendered":"https:\/\/www.fjpremium.com\/?post_type=product&#038;p=16746"},"modified":"2023-12-14T13:56:45","modified_gmt":"2023-12-14T05:56:45","slug":"cat6-ftp-ethernet-patch-cord-cable-shield-rj45-plug-ftp-cat6-cable","status":"publish","type":"product","link":"https:\/\/www.fjpremium.com\/es\/product\/cat6-ftp-ethernet-patch-cord-cable-shield-rj45-plug-ftp-cat6-cable\/","title":{"rendered":"Escudo FTP RJ45 Plug Cat6 Ethernet Patch Cord Cable"},"content":{"rendered":"<p>Cree una red dom\u00e9stica o de oficina fiable con Gigabit Ethernet 1000 Base-T utilizando este avanzado cable de interconexi\u00f3n Ethernet cat6 con conector RJ45 para ofrecer la m\u00e1xima protecci\u00f3n contra interferencias electromagn\u00e9ticas.<\/p>\n<p>Con \u00e9l, podr\u00e1 disfrutar de una transferencia de datos de alta velocidad para aplicaciones de servidor, computaci\u00f3n en la nube, videovigilancia y transmisi\u00f3n de v\u00eddeo de alta definici\u00f3n en l\u00ednea.<\/p>\n<p>Dise\u00f1ado como cable de interconexi\u00f3n apantallado Cat6 F\/UTP, ofrece la m\u00e1xima flexibilidad gracias a su construcci\u00f3n de cable trenzado y un apantallamiento general del cable que proporciona una protecci\u00f3n superior frente al ruido EMI\/RFI.<\/p>\n<p>El cable de conexi\u00f3n Ethernet cat6 con conector RJ45 tambi\u00e9n cuenta con contactos chapados en oro, fundas moldeadas de alivio de tensi\u00f3n y moldes sin enganches en los conectores para una conexi\u00f3n segura.<\/p>\n<p>Fabricado con conductores de cobre desnudo o CCA, cumple las especificaciones de los cables de comunicaciones y ofrece un gran ancho de banda de hasta 500 MHz.<\/p>\n<p>Adem\u00e1s, nuestro cable cumple las especificaciones TIA\/EIA-568-C.2 e ISO\/IEC 11801, por lo que se adapta perfectamente a los requisitos arquitect\u00f3nicos de los centros de datos.<\/p>\n<p>Disponible en varios colores y longitudes, puede encontrar f\u00e1cilmente el cable adecuado a sus necesidades espec\u00edficas.<\/p>\n<p>Adem\u00e1s, cumple las normas ROHS y REACH, lo que garantiza que es respetuoso con el medio ambiente y cumple las normas de seguridad.<\/p>\n<p>Especificaciones:<\/p>\n<ul>\n<li>Conductor: Cobre desnudo o CCA<\/li>\n<li>Calibre del cable: 30\/28\/26\/24AWG<\/li>\n<li>Aislamiento: HDPE<\/li>\n<li>Color del aislamiento: Azul\/Blanco, Azul; Naranja\/Blanco, Naranja; Verde\/Blanco, Verde; Marr\u00f3n\/Blanco, Marr\u00f3n<\/li>\n<li>Blindaje: Cable de drenaje<\/li>\n<li>Trenzado: Ninguno<\/li>\n<li>Cubierta: PVC<\/li>\n<li>Di\u00e1metro exterior: 6,0\u00b10,2 mm<\/li>\n<li>Conector 1: RJ45 Cat6 FTP<\/li>\n<li>Conector 2: RJ45 Cat6 FTP<\/li>\n<li>Contacto: Dorado 3U, Shell niquelado<\/li>\n<li>Comprobaci\u00f3n: Comprobador Fluke<\/li>\n<\/ul>\n<p>Por consiguiente, actualice su infraestructura de red con este cable de conexi\u00f3n Ethernet cat6 con conector RJ45, dise\u00f1ado para ofrecer un rendimiento y una fiabilidad \u00f3ptimos en entornos exigentes y sensibles al ruido.<\/p>\n<h2>Descargar:<\/h2>\n<ul>\n<li>Hoja de datos del cable de conexi\u00f3n Ethernet de 4 pares trenzado sin apantallar Cat6 F\/UTP<\/li>\n<\/ul>\n<h2>Informaci\u00f3n sobre pedidos:<\/h2>\n<p>FS17104**-xxx: Cable de conexi\u00f3n de red Cat6 F\/UTP<\/p>\n<ul>\n<li>**=color: GY=GREY, BK=BLACK, WT=WHITE, BU=BLUE, RD=RED, YL=YELLOW, OG=ORANGE, GN=GREEN<\/li>\n<li>xxx=Longitud: 003=0,3M, 005=0,5M, 010=1,0M, 018=1,8M, 030=3,0M, 050=5,0M, 075=7,5M, 100=10M, 200=20M, 300=30M, 400=40M, 500=50M<\/li>\n<li>Por ejemplo FS17104BU-018= Cat6 F\/UTP ethernet patch cord, color Azul, 1.8M Longitud<\/li>\n<\/ul>","protected":false},"excerpt":{"rendered":"<p>Nuestro cable blindado FTP RJ45 plug cat6 Ethernet patch cord conecta perfectamente varios componentes de red LAN en un entorno ruidoso EMI\/RFI.<\/p>","protected":false},"featured_media":16747,"template":"","meta":{"_acf_changed":false,"_seopress_robots_primary_cat":"","_seopress_titles_title":"Best RJ45 Plug Cat6 Ethernet Patch Cord Cable - Farsince","_seopress_titles_desc":"","_seopress_robots_index":"","site-sidebar-layout":"default","site-content-layout":"default","ast-site-content-layout":"default","site-content-style":"default","site-sidebar-style":"default","ast-global-header-display":"","ast-banner-title-visibility":"","ast-main-header-display":"","ast-hfb-above-header-display":"","ast-hfb-below-header-display":"","ast-hfb-mobile-header-display":"","site-post-title":"","ast-breadcrumbs-content":"","ast-featured-img":"","footer-sml-layout":"","ast-disable-related-posts":"","theme-transparent-header-meta":"default","adv-header-id-meta":"","stick-header-meta":"","header-above-stick-meta":"","header-main-stick-meta":"","header-below-stick-meta":"","astra-migrate-meta-layouts":"default","ast-page-background-enabled":"default","ast-page-background-meta":{"desktop":{"background-color":"","background-image":"","background-repeat":"repeat","background-position":"center center","background-size":"auto","background-attachment":"scroll","background-type":"","background-media":"","overlay-type":"","overlay-color":"","overlay-opacity":"","overlay-gradient":""},"tablet":{"background-color":"","background-image":"","background-repeat":"repeat","background-position":"center center","background-size":"auto","background-attachment":"scroll","background-type":"","background-media":"","overlay-type":"","overlay-color":"","overlay-opacity":"","overlay-gradient":""},"mobile":{"background-color":"","background-image":"","background-repeat":"repeat","background-position":"center center","background-size":"auto","background-attachment":"scroll","background-type":"","background-media":"","overlay-type":"","overlay-color":"","overlay-opacity":"","overlay-gradient":""}},"ast-content-background-meta":{"desktop":{"background-color":"var(--ast-global-color-5)","background-image":"","background-repeat":"repeat","background-position":"center center","background-size":"auto","background-attachment":"scroll","background-type":"","background-media":"","overlay-type":"","overlay-color":"","overlay-opacity":"","overlay-gradient":""},"tablet":{"background-color":"var(--ast-global-color-5)","background-image":"","background-repeat":"repeat","background-position":"center center","background-size":"auto","background-attachment":"scroll","background-type":"","background-media":"","overlay-type":"","overlay-color":"","overlay-opacity":"","overlay-gradient":""},"mobile":{"background-color":"var(--ast-global-color-5)","background-image":"","background-repeat":"repeat","background-position":"center center","background-size":"auto","background-attachment":"scroll","background-type":"","background-media":"","overlay-type":"","overlay-color":"","overlay-opacity":"","overlay-gradient":""}},"iawp_total_views":13},"product_brand":[],"product_cat":[631,209],"product_tag":[],"class_list":{"0":"post-16746","1":"product","2":"type-product","3":"status-publish","4":"has-post-thumbnail","6":"product_cat-patch-cables","7":"product_cat-ethernet-cable","8":"desktop-align-left","9":"tablet-align-left","10":"mobile-align-left","12":"first","13":"instock","14":"shipping-taxable","15":"purchasable","16":"product-type-simple"},"acf":[],"_links":{"self":[{"href":"https:\/\/www.fjpremium.com\/es\/wp-json\/wp\/v2\/product\/16746","targetHints":{"allow":["GET"]}}],"collection":[{"href":"https:\/\/www.fjpremium.com\/es\/wp-json\/wp\/v2\/product"}],"about":[{"href":"https:\/\/www.fjpremium.com\/es\/wp-json\/wp\/v2\/types\/product"}],"wp:featuredmedia":[{"embeddable":true,"href":"https:\/\/www.fjpremium.com\/es\/wp-json\/wp\/v2\/media\/16747"}],"wp:attachment":[{"href":"https:\/\/www.fjpremium.com\/es\/wp-json\/wp\/v2\/media?parent=16746"}],"wp:term":[{"taxonomy":"product_brand","embeddable":true,"href":"https:\/\/www.fjpremium.com\/es\/wp-json\/wp\/v2\/product_brand?post=16746"},{"taxonomy":"product_cat","embeddable":true,"href":"https:\/\/www.fjpremium.com\/es\/wp-json\/wp\/v2\/product_cat?post=16746"},{"taxonomy":"product_tag","embeddable":true,"href":"https:\/\/www.fjpremium.com\/es\/wp-json\/wp\/v2\/product_tag?post=16746"}],"curies":[{"name":"wp","href":"https:\/\/api.w.org\/{rel}","templated":true}]}}