{"id":16737,"date":"2020-12-15T11:35:05","date_gmt":"2020-12-15T03:35:05","guid":{"rendered":"https:\/\/www.fjpremium.com\/?post_type=product&#038;p=16737"},"modified":"2023-12-14T13:56:45","modified_gmt":"2023-12-14T05:56:45","slug":"cat6-utp-flat-ethernet-cable-slim-utp-cat6-flat-network-patch-cable","status":"publish","type":"product","link":"https:\/\/www.fjpremium.com\/es\/product\/cat6-utp-flat-ethernet-cable-slim-utp-cat6-flat-network-patch-cable\/","title":{"rendered":"Cable Ethernet plano UTP Cat6 delgado"},"content":{"rendered":"<p>Disfrute de una red dom\u00e9stica o de oficina sin interrupciones con Gigabit Ethernet 1000 Base-T, utilizando este cable Ethernet plano dise\u00f1ado para una gesti\u00f3n e instalaci\u00f3n sin esfuerzo en espacios reducidos.<\/p>\n<p>Con caracter\u00edsticas clave como el dise\u00f1o Cat6 U\/UTP sin apantallar para un rendimiento \u00f3ptimo y la m\u00e1xima flexibilidad, su dise\u00f1o elimina los cables enredados y ahorra espacio, lo que lo convierte en la opci\u00f3n perfecta para pasar por debajo de alfombras, puertas, brazos giratorios, cajones o a lo largo de las paredes.<\/p>\n<p>Nuestro cable Ethernet plano se adapta perfectamente a los requisitos arquitect\u00f3nicos de los centros de datos y cumple las especificaciones TIA\/EIA -568B Categor\u00eda 6 e ISO\/IEC 11801.<\/p>\n<p>Puede encontrar el cable perfecto con varias opciones de color y longitud para sus necesidades. Respetuoso con el medio ambiente y seguro, tambi\u00e9n cumple las normas ROHS y REACH.<\/p>\n<p>Adem\u00e1s, los contactos chapados en oro, las fundas moldeadas de alivio de tensi\u00f3n y los conductores de cobre desnudo o CCA garantizan la durabilidad, una conexi\u00f3n segura y un mejor rendimiento del cable seg\u00fan las especificaciones de los cables de comunicaci\u00f3n.<\/p>\n<p>Especificaciones:<\/p>\n<ul>\n<li>Calibre del cable: 30\/28AWG<\/li>\n<li>Aislamiento: HDPE<\/li>\n<li>Color del aislamiento: Azul\/Blanco, Azul; Naranja\/Blanco, Naranja; Verde\/Blanco, Verde; Marr\u00f3n\/Blanco, Marr\u00f3n<\/li>\n<li>Blindaje: Ninguno<\/li>\n<li>Trenzado: Ninguno<\/li>\n<li>Cubierta: PVC<\/li>\n<li>Di\u00e1metro exterior: 1,5*6,05\u00b10,2 mm<\/li>\n<li>Conector 1: RJ45 Cat6 UTP<\/li>\n<li>Conector 1: RJ45 Cat6 UTP<\/li>\n<li>Comprobaci\u00f3n: Comprobador Fluke<\/li>\n<\/ul>\n<p>En resumen, renueve su red y aumente la conectividad con el cable Ethernet plano sin apantallar cat6 U\/UTP de Farsince.<\/p>\n<h2>Descargar:<\/h2>\n<ul>\n<li>Hoja de datos de Cat6 U\/UTP Flat unshielded twisted 4 pairs ethernet patch cable<\/li>\n<\/ul>\n<h2>Informaci\u00f3n sobre pedidos:<\/h2>\n<p>FS17103F**-xxx: Cable de conexi\u00f3n de red Cat6 U\/UTP plano<\/p>\n<ul>\n<li>**=color: GY=GREY, BK=BLACK, WT=WHITE, BU=BLUE, RD=RED, YL=YELLOW, OG=ORANGE, GN=GREEN<\/li>\n<li>xxx=Longitud: 003=0,3M, 005=0,5M, 010=1,0M, 018=1,8M, 030=3,0M, 050=5,0M, 075=7,5M, 100=10M, 200=20M, 300=30M, 400=40M, 500=50M<\/li>\n<li>Por ejemplo: FS17103FBU-018= Cat6 U\/UTP Cable de conexi\u00f3n Ethernet plano, color azul, 1.8M Longitud<\/li>\n<\/ul>","protected":false},"excerpt":{"rendered":"<p>Descubra nuestro cable Ethernet plano sin apantallar cat6 U\/UTP, una soluci\u00f3n de conectividad ideal para diversos componentes de redes LAN como PC, servidores, impresoras, etc.<\/p>","protected":false},"featured_media":16738,"template":"","meta":{"_acf_changed":false,"_seopress_robots_primary_cat":"","_seopress_titles_title":"Best Slim Cat6 UTP Flat Ethernet Cable - Farsince","_seopress_titles_desc":"","_seopress_robots_index":"","site-sidebar-layout":"default","site-content-layout":"default","ast-site-content-layout":"default","site-content-style":"default","site-sidebar-style":"default","ast-global-header-display":"","ast-banner-title-visibility":"","ast-main-header-display":"","ast-hfb-above-header-display":"","ast-hfb-below-header-display":"","ast-hfb-mobile-header-display":"","site-post-title":"","ast-breadcrumbs-content":"","ast-featured-img":"","footer-sml-layout":"","ast-disable-related-posts":"","theme-transparent-header-meta":"default","adv-header-id-meta":"","stick-header-meta":"","header-above-stick-meta":"","header-main-stick-meta":"","header-below-stick-meta":"","astra-migrate-meta-layouts":"default","ast-page-background-enabled":"default","ast-page-background-meta":{"desktop":{"background-color":"","background-image":"","background-repeat":"repeat","background-position":"center center","background-size":"auto","background-attachment":"scroll","background-type":"","background-media":"","overlay-type":"","overlay-color":"","overlay-opacity":"","overlay-gradient":""},"tablet":{"background-color":"","background-image":"","background-repeat":"repeat","background-position":"center center","background-size":"auto","background-attachment":"scroll","background-type":"","background-media":"","overlay-type":"","overlay-color":"","overlay-opacity":"","overlay-gradient":""},"mobile":{"background-color":"","background-image":"","background-repeat":"repeat","background-position":"center center","background-size":"auto","background-attachment":"scroll","background-type":"","background-media":"","overlay-type":"","overlay-color":"","overlay-opacity":"","overlay-gradient":""}},"ast-content-background-meta":{"desktop":{"background-color":"var(--ast-global-color-5)","background-image":"","background-repeat":"repeat","background-position":"center center","background-size":"auto","background-attachment":"scroll","background-type":"","background-media":"","overlay-type":"","overlay-color":"","overlay-opacity":"","overlay-gradient":""},"tablet":{"background-color":"var(--ast-global-color-5)","background-image":"","background-repeat":"repeat","background-position":"center center","background-size":"auto","background-attachment":"scroll","background-type":"","background-media":"","overlay-type":"","overlay-color":"","overlay-opacity":"","overlay-gradient":""},"mobile":{"background-color":"var(--ast-global-color-5)","background-image":"","background-repeat":"repeat","background-position":"center center","background-size":"auto","background-attachment":"scroll","background-type":"","background-media":"","overlay-type":"","overlay-color":"","overlay-opacity":"","overlay-gradient":""}},"iawp_total_views":5},"product_brand":[],"product_cat":[631,209],"product_tag":[],"class_list":{"0":"post-16737","1":"product","2":"type-product","3":"status-publish","4":"has-post-thumbnail","6":"product_cat-patch-cables","7":"product_cat-ethernet-cable","8":"desktop-align-left","9":"tablet-align-left","10":"mobile-align-left","12":"first","13":"instock","14":"shipping-taxable","15":"purchasable","16":"product-type-simple"},"acf":[],"_links":{"self":[{"href":"https:\/\/www.fjpremium.com\/es\/wp-json\/wp\/v2\/product\/16737","targetHints":{"allow":["GET"]}}],"collection":[{"href":"https:\/\/www.fjpremium.com\/es\/wp-json\/wp\/v2\/product"}],"about":[{"href":"https:\/\/www.fjpremium.com\/es\/wp-json\/wp\/v2\/types\/product"}],"wp:featuredmedia":[{"embeddable":true,"href":"https:\/\/www.fjpremium.com\/es\/wp-json\/wp\/v2\/media\/16738"}],"wp:attachment":[{"href":"https:\/\/www.fjpremium.com\/es\/wp-json\/wp\/v2\/media?parent=16737"}],"wp:term":[{"taxonomy":"product_brand","embeddable":true,"href":"https:\/\/www.fjpremium.com\/es\/wp-json\/wp\/v2\/product_brand?post=16737"},{"taxonomy":"product_cat","embeddable":true,"href":"https:\/\/www.fjpremium.com\/es\/wp-json\/wp\/v2\/product_cat?post=16737"},{"taxonomy":"product_tag","embeddable":true,"href":"https:\/\/www.fjpremium.com\/es\/wp-json\/wp\/v2\/product_tag?post=16737"}],"curies":[{"name":"wp","href":"https:\/\/api.w.org\/{rel}","templated":true}]}}