{"id":16634,"date":"2020-12-10T17:11:38","date_gmt":"2020-12-10T09:11:38","guid":{"rendered":"https:\/\/www.fjpremium.com\/?post_type=product&#038;p=16634"},"modified":"2023-12-14T13:55:33","modified_gmt":"2023-12-14T05:55:33","slug":"cat-5e-f-utp-ethernet-installation-bulk-cable-305m-roll-box","status":"publish","type":"product","link":"https:\/\/www.fjpremium.com\/es\/product\/cat-5e-f-utp-ethernet-installation-bulk-cable-305m-roll-box\/","title":{"rendered":"Cable Cat5e a granel F\/UTP Ethernet instalaci\u00f3n 305m rollo caja"},"content":{"rendered":"<p>Farsince CAT5e F-UTP Ethernet cable de instalaci\u00f3n, es ideal para comunicaciones de datos de alto rendimiento para voz, datos, v\u00eddeo y capacidades de seguridad. Este cable permite 1000Base-T Gigabit Ethernet y permite un ancho de banda m\u00e1s r\u00e1pido de hasta 100MHz Compuesto por cuatro pares de conductores de cobre desnudo s\u00f3lido de calibre 24, con un escudo general de papel de aluminio, con el fin de repeler la interferencia electromagn\u00e9tica (EMI) en entornos el\u00e9ctricamente ruidosos, el cable Ethernet a granel CAT5 F-UTP tiene una chaqueta general de PVC \/ CMR \/ CMP \/ LSZH \/ PE y marcas secuenciales de pies o metros en la chaqueta para que siempre sepa cu\u00e1nto le queda.<\/p>\n<h3>Caracter\u00edsticas principales<\/h3>\n<ul>\n<li>F\/UTP<\/li>\n<li>24AWG 0,50mm Cobre s\u00f3lido sin ox\u00edgeno o CCA<\/li>\n<li>Aislamiento de HDPE.<\/li>\n<li>PVC\/CMR\/CMP\/LSZH \/PE Opciones de revestimiento<\/li>\n<li>M\u00e1s opciones de color<\/li>\n<li>Probado con Fluke y analizador de redes<\/li>\n<li>Conformidad con ROHS, REACH<\/li>\n<li>RCP Eca, Dca Certificado<\/li>\n<\/ul>\n<h3>Cumplimiento de las normas<\/h3>\n<ul>\n<li>IEC\/ISO 11801 2\u00aa clase D<\/li>\n<li>ANSI\/TIA568C.2 Categor\u00eda 5e<\/li>\n<li>ISO\/IEC 61156-5 Categor\u00eda 5e<\/li>\n<\/ul>\n<h2>Especificaciones<\/h2>\n<ul>\n<li>Conductor: 24AWG (1\/0,50 mm), cobre desnudo s\u00f3lido o CCA<\/li>\n<li>Aislamiento: HDPE<\/li>\n<li>Blindaje: Desproteger<\/li>\n<li>Trenzado: ninguno<\/li>\n<li>Di\u00e1metro exterior: 6,0 \u00b1 0,2 mm<\/li>\n<li>Opciones de cubierta: PVC, LSZH, CM, CMR(Riser), CMP(Plenum), PE (Exterior),<\/li>\n<li>Color: gris\/blanco\/azul\/negro o personalizado<\/li>\n<\/ul>\n<h2>Descargar:<\/h2>\n<ul>\n<li>Ficha de datos del cable de instalaci\u00f3n en red a granel Cat5e F\/UTP<\/li>\n<\/ul>\n<h2>Informaci\u00f3n sobre pedidos:<\/h2>\n<ul>\n<li>FS17002-C: PVC<\/li>\n<li>FS17002-L: LSZH<\/li>\n<li>FS17002-M: Clasificaci\u00f3n CM<\/li>\n<li>FS17002-R: Elevador CMR<\/li>\n<li>FS17002-P: Plenum CMP<\/li>\n<li>FS17002-E: PE para exterior<\/li>\n<\/ul>","protected":false},"excerpt":{"rendered":"<p>24AWG cobre desnudo s\u00f3lido o CCA, 305meter\/1000ft, M\u00e1s opciones de color y material de la cubierta a granel cable Ethernet<\/p>","protected":false},"featured_media":16635,"template":"","meta":{"_acf_changed":false,"_seopress_robots_primary_cat":"","_seopress_titles_title":"Bulk Cat 5e Cable - Farsince","_seopress_titles_desc":"","_seopress_robots_index":"","site-sidebar-layout":"default","site-content-layout":"default","ast-site-content-layout":"default","site-content-style":"default","site-sidebar-style":"default","ast-global-header-display":"","ast-banner-title-visibility":"","ast-main-header-display":"","ast-hfb-above-header-display":"","ast-hfb-below-header-display":"","ast-hfb-mobile-header-display":"","site-post-title":"","ast-breadcrumbs-content":"","ast-featured-img":"","footer-sml-layout":"","ast-disable-related-posts":"","theme-transparent-header-meta":"default","adv-header-id-meta":"","stick-header-meta":"","header-above-stick-meta":"","header-main-stick-meta":"","header-below-stick-meta":"","astra-migrate-meta-layouts":"default","ast-page-background-enabled":"default","ast-page-background-meta":{"desktop":{"background-color":"","background-image":"","background-repeat":"repeat","background-position":"center center","background-size":"auto","background-attachment":"scroll","background-type":"","background-media":"","overlay-type":"","overlay-color":"","overlay-opacity":"","overlay-gradient":""},"tablet":{"background-color":"","background-image":"","background-repeat":"repeat","background-position":"center center","background-size":"auto","background-attachment":"scroll","background-type":"","background-media":"","overlay-type":"","overlay-color":"","overlay-opacity":"","overlay-gradient":""},"mobile":{"background-color":"","background-image":"","background-repeat":"repeat","background-position":"center center","background-size":"auto","background-attachment":"scroll","background-type":"","background-media":"","overlay-type":"","overlay-color":"","overlay-opacity":"","overlay-gradient":""}},"ast-content-background-meta":{"desktop":{"background-color":"var(--ast-global-color-5)","background-image":"","background-repeat":"repeat","background-position":"center center","background-size":"auto","background-attachment":"scroll","background-type":"","background-media":"","overlay-type":"","overlay-color":"","overlay-opacity":"","overlay-gradient":""},"tablet":{"background-color":"var(--ast-global-color-5)","background-image":"","background-repeat":"repeat","background-position":"center center","background-size":"auto","background-attachment":"scroll","background-type":"","background-media":"","overlay-type":"","overlay-color":"","overlay-opacity":"","overlay-gradient":""},"mobile":{"background-color":"var(--ast-global-color-5)","background-image":"","background-repeat":"repeat","background-position":"center center","background-size":"auto","background-attachment":"scroll","background-type":"","background-media":"","overlay-type":"","overlay-color":"","overlay-opacity":"","overlay-gradient":""}},"iawp_total_views":14},"product_brand":[],"product_cat":[460,252,209],"product_tag":[],"class_list":{"0":"post-16634","1":"product","2":"type-product","3":"status-publish","4":"has-post-thumbnail","6":"product_cat-featured-products","7":"product_cat-bulk-cables","8":"product_cat-ethernet-cable","9":"desktop-align-left","10":"tablet-align-left","11":"mobile-align-left","13":"first","14":"instock","15":"shipping-taxable","16":"purchasable","17":"product-type-simple"},"acf":[],"_links":{"self":[{"href":"https:\/\/www.fjpremium.com\/es\/wp-json\/wp\/v2\/product\/16634","targetHints":{"allow":["GET"]}}],"collection":[{"href":"https:\/\/www.fjpremium.com\/es\/wp-json\/wp\/v2\/product"}],"about":[{"href":"https:\/\/www.fjpremium.com\/es\/wp-json\/wp\/v2\/types\/product"}],"wp:featuredmedia":[{"embeddable":true,"href":"https:\/\/www.fjpremium.com\/es\/wp-json\/wp\/v2\/media\/16635"}],"wp:attachment":[{"href":"https:\/\/www.fjpremium.com\/es\/wp-json\/wp\/v2\/media?parent=16634"}],"wp:term":[{"taxonomy":"product_brand","embeddable":true,"href":"https:\/\/www.fjpremium.com\/es\/wp-json\/wp\/v2\/product_brand?post=16634"},{"taxonomy":"product_cat","embeddable":true,"href":"https:\/\/www.fjpremium.com\/es\/wp-json\/wp\/v2\/product_cat?post=16634"},{"taxonomy":"product_tag","embeddable":true,"href":"https:\/\/www.fjpremium.com\/es\/wp-json\/wp\/v2\/product_tag?post=16634"}],"curies":[{"name":"wp","href":"https:\/\/api.w.org\/{rel}","templated":true}]}}