{"id":16613,"date":"2020-12-10T17:06:12","date_gmt":"2020-12-10T09:06:12","guid":{"rendered":"https:\/\/www.fjpremium.com\/?post_type=product&#038;p=16613"},"modified":"2023-12-14T13:55:34","modified_gmt":"2023-12-14T05:55:34","slug":"cat-7-s-ftp-duplex-shielded-and-foiled-twisted-pair-ethernet-installation-cable-600mhz","status":"publish","type":"product","link":"https:\/\/www.fjpremium.com\/es\/product\/cat-7-s-ftp-duplex-shielded-and-foiled-twisted-pair-ethernet-installation-cable-600mhz\/","title":{"rendered":"Cable de instalaci\u00f3n Ethernet de par trenzado Cat7 S\/FTP d\u00faplex apantallado y recubierto, 600MHZ"},"content":{"rendered":"<p>Gracias a su capacidad de transmisi\u00f3n de datos de 10 Gigabits y un ancho de banda de hasta 1000 MHz, este cable S\/FTP Cat7 garantiza una conectividad r\u00e1pida y fiable para su red.<\/p>\n<p>Y es perfecto para aplicaciones de voz, datos, v\u00eddeo y seguridad de alto rendimiento.<\/p>\n<p>Construido con cuatro pares blindados individualmente de conductores de cobre desnudo s\u00f3lido de calibre 23 y un blindaje trenzado de aleaci\u00f3n de aluminio y magnesio, nuestro cable Cat7 S\/FTP repele eficazmente las interferencias electromagn\u00e9ticas (EMI) en entornos el\u00e9ctricamente ruidosos.<\/p>\n<p>Adem\u00e1s, cuenta con una cubierta LSZH general y marcas secuenciales de pies o metros, lo que le permite realizar un seguimiento de la longitud restante durante la instalaci\u00f3n con facilidad.<\/p>\n<p>Este cable S\/FTP Cat7 cuenta con conductores de cobre s\u00f3lido libre de ox\u00edgeno 23AWG de 0,57 mm, aislamiento de espuma y diversas opciones de cubierta, como PVC, CMR, CMP, LSZH y PE.<\/p>\n<p>Adem\u00e1s, est\u00e1 disponible en varias opciones de color y los analizadores Fluke y de red comprueban su rendimiento.<\/p>\n<p>Adem\u00e1s, el cable cumple las normas ROHS y REACH y posee las certificaciones CPR Eca y Dca.<\/p>\n<p>Tambi\u00e9n cumple las normas IEC\/ISO 11801, ISO\/IEC 61156-5 y ANSI\/TIA568C.2.<\/p>\n<p>Las especificaciones del cable son las siguientes<\/p>\n<ul>\n<li>Blindaje individual del par: Papel de aluminio<\/li>\n<li>Trenzado: 16\/5\/0.12 AL-MG<\/li>\n<li>Di\u00e1metro exterior: 8,0 \u00b1 0,2 mm<\/li>\n<li>Colores disponibles: Gris, blanco, azul, negro o colores personalizados<\/li>\n<\/ul>\n<p>En general, mejore su infraestructura de red con nuestro robusto y fiable cable cat7 S\/FTP para obtener un rendimiento y una conectividad incomparables.<\/p>\n<h2>Descargar:<\/h2>\n<ul>\n<li>Ficha de datos del cable de instalaci\u00f3n en red a granel Cat7A S\/FTP<\/li>\n<\/ul>\n<h2>Informaci\u00f3n sobre pedidos:<\/h2>\n<ul>\n<li>FS17009-C: PVC<\/li>\n<li>FS17009-L: LSZH<\/li>\n<li>FS17009-M: Clasificaci\u00f3n CM<\/li>\n<li>FS17009-R: Elevador CMR<\/li>\n<li>FS17009-P: Plenum CMP<\/li>\n<li>FS17009-E: PE para exterior<\/li>\n<\/ul>","protected":false},"excerpt":{"rendered":"<p>Actualice sus necesidades de comunicaci\u00f3n de datos con nuestro cable de instalaci\u00f3n Ethernet de par trenzado d\u00faplex blindado y con l\u00e1mina Cat7 S\/FTP.<\/p>","protected":false},"featured_media":16614,"template":"","meta":{"_acf_changed":false,"_seopress_robots_primary_cat":"","_seopress_titles_title":"Cat7 S\/FTP Duplex Shielded And Foiled Twisted Pair Cable - Farsince","_seopress_titles_desc":"Experience the best in network connectivity with Farsince&#039;s Cat 7 S\/FTP Cable. Our cable supports 600MHz and provides reliable and seamless connection for high-speed data transfer. ","_seopress_robots_index":"","site-sidebar-layout":"default","site-content-layout":"default","ast-site-content-layout":"default","site-content-style":"default","site-sidebar-style":"default","ast-global-header-display":"","ast-banner-title-visibility":"","ast-main-header-display":"","ast-hfb-above-header-display":"","ast-hfb-below-header-display":"","ast-hfb-mobile-header-display":"","site-post-title":"","ast-breadcrumbs-content":"","ast-featured-img":"","footer-sml-layout":"","ast-disable-related-posts":"","theme-transparent-header-meta":"default","adv-header-id-meta":"","stick-header-meta":"","header-above-stick-meta":"","header-main-stick-meta":"","header-below-stick-meta":"","astra-migrate-meta-layouts":"set","ast-page-background-enabled":"default","ast-page-background-meta":{"desktop":{"background-color":"","background-image":"","background-repeat":"repeat","background-position":"center center","background-size":"auto","background-attachment":"scroll","background-type":"","background-media":"","overlay-type":"","overlay-color":"","overlay-opacity":"","overlay-gradient":""},"tablet":{"background-color":"","background-image":"","background-repeat":"repeat","background-position":"center center","background-size":"auto","background-attachment":"scroll","background-type":"","background-media":"","overlay-type":"","overlay-color":"","overlay-opacity":"","overlay-gradient":""},"mobile":{"background-color":"","background-image":"","background-repeat":"repeat","background-position":"center center","background-size":"auto","background-attachment":"scroll","background-type":"","background-media":"","overlay-type":"","overlay-color":"","overlay-opacity":"","overlay-gradient":""}},"ast-content-background-meta":{"desktop":{"background-color":"var(--ast-global-color-5)","background-image":"","background-repeat":"repeat","background-position":"center center","background-size":"auto","background-attachment":"scroll","background-type":"","background-media":"","overlay-type":"","overlay-color":"","overlay-opacity":"","overlay-gradient":""},"tablet":{"background-color":"var(--ast-global-color-5)","background-image":"","background-repeat":"repeat","background-position":"center center","background-size":"auto","background-attachment":"scroll","background-type":"","background-media":"","overlay-type":"","overlay-color":"","overlay-opacity":"","overlay-gradient":""},"mobile":{"background-color":"var(--ast-global-color-5)","background-image":"","background-repeat":"repeat","background-position":"center center","background-size":"auto","background-attachment":"scroll","background-type":"","background-media":"","overlay-type":"","overlay-color":"","overlay-opacity":"","overlay-gradient":""}},"iawp_total_views":23},"product_brand":[],"product_cat":[460,252,209],"product_tag":[],"class_list":{"0":"post-16613","1":"product","2":"type-product","3":"status-publish","4":"has-post-thumbnail","6":"product_cat-featured-products","7":"product_cat-bulk-cables","8":"product_cat-ethernet-cable","9":"desktop-align-left","10":"tablet-align-left","11":"mobile-align-left","13":"first","14":"instock","15":"shipping-taxable","16":"purchasable","17":"product-type-simple"},"acf":[],"_links":{"self":[{"href":"https:\/\/www.fjpremium.com\/es\/wp-json\/wp\/v2\/product\/16613","targetHints":{"allow":["GET"]}}],"collection":[{"href":"https:\/\/www.fjpremium.com\/es\/wp-json\/wp\/v2\/product"}],"about":[{"href":"https:\/\/www.fjpremium.com\/es\/wp-json\/wp\/v2\/types\/product"}],"wp:featuredmedia":[{"embeddable":true,"href":"https:\/\/www.fjpremium.com\/es\/wp-json\/wp\/v2\/media\/16614"}],"wp:attachment":[{"href":"https:\/\/www.fjpremium.com\/es\/wp-json\/wp\/v2\/media?parent=16613"}],"wp:term":[{"taxonomy":"product_brand","embeddable":true,"href":"https:\/\/www.fjpremium.com\/es\/wp-json\/wp\/v2\/product_brand?post=16613"},{"taxonomy":"product_cat","embeddable":true,"href":"https:\/\/www.fjpremium.com\/es\/wp-json\/wp\/v2\/product_cat?post=16613"},{"taxonomy":"product_tag","embeddable":true,"href":"https:\/\/www.fjpremium.com\/es\/wp-json\/wp\/v2\/product_tag?post=16613"}],"curies":[{"name":"wp","href":"https:\/\/api.w.org\/{rel}","templated":true}]}}