{"id":16505,"date":"2020-10-23T14:53:01","date_gmt":"2020-10-23T06:53:01","guid":{"rendered":"https:\/\/www.fjpremium.com\/?post_type=product&#038;p=16505"},"modified":"2023-10-07T09:55:32","modified_gmt":"2023-10-07T01:55:32","slug":"vga-to-vga-pc-computer-monitor-extension-cable","status":"publish","type":"product","link":"https:\/\/www.fjpremium.com\/es\/product\/vga-to-vga-pc-computer-monitor-extension-cable\/","title":{"rendered":"VGA a VGA PC Monitor Cable de extensi\u00f3n"},"content":{"rendered":"<p>Este cable alargador para monitor act\u00faa como un valioso enlace que le permite ampliar la conexi\u00f3n entre su televisor de alta definici\u00f3n, monitor o proyector y los dispositivos fuente VGA.<\/p>\n<p>La compatibilidad con se\u00f1ales de v\u00eddeo con resoluciones de hasta 1920\u00d71200 (WUXGA) garantiza la nitidez y claridad de las im\u00e1genes.<\/p>\n<p>M\u00e1s all\u00e1 de las prestaciones visuales, est\u00e1 equipado con conectores chapados en oro de 24 K, testimonio de su capacidad superior para transferir se\u00f1ales.<\/p>\n<p>Y la calidad de los materiales y la construcci\u00f3n tambi\u00e9n proporciona una s\u00f3lida protecci\u00f3n contra las interferencias EMI\/RFI.<\/p>\n<p>Para garantizar a\u00fan m\u00e1s la calidad, el cable admite resoluciones de v\u00eddeo de hasta 2048\u00d71536 (QXGA), incluidas 1920\u00d71200 (WUXGA), 1600\u00d71200 (UXGA), 1680\u00d71050 (WSXGA+), 1400\u00d71050 (SXGA+), 1280\u00d7800 (WXGA), 1024\u00d7768 (XGA), 800\u00d7600 (SVGA) y 640\u00d7480 (VGA).<\/p>\n<p>Sus especificaciones:<\/p>\n<ul>\n<li>Conductor del cable: Cobre desnudo<\/li>\n<li>Calibre del cable: 30AWG (1-10M), 28AWG(15-30M)<\/li>\n<li>Aislamiento: HDPE<\/li>\n<li>Blindaje: Papel de aluminio, trenzado<\/li>\n<li>Cubierta: PVC<\/li>\n<li>Conforme: RoHS, REACH<\/li>\n<\/ul>\n<p>Adem\u00e1s, el dise\u00f1o de los tornillos garantiza una conexi\u00f3n segura, sin dejar lugar a cabos sueltos. En general, p\u00f3ngase en contacto con nosotros hoy mismo e invierta en \u00e9l.<\/p>","protected":false},"excerpt":{"rendered":"<p>Presentamos el cable de extensi\u00f3n para monitor de computadora VGA a VGA de Farsince, perfecto para aplicaciones de audio y video de escritorio o cine en casa.<\/p>","protected":false},"featured_media":16529,"template":"","meta":{"_acf_changed":false,"_seopress_robots_primary_cat":"","_seopress_titles_title":"VGA to VGA PC Computer Monitor Extension Cable - FARSINCE","_seopress_titles_desc":"","_seopress_robots_index":"","_seopress_analysis_target_kw":"Monitor Extension Cable","site-sidebar-layout":"default","site-content-layout":"default","ast-site-content-layout":"default","site-content-style":"default","site-sidebar-style":"default","ast-global-header-display":"","ast-banner-title-visibility":"","ast-main-header-display":"","ast-hfb-above-header-display":"","ast-hfb-below-header-display":"","ast-hfb-mobile-header-display":"","site-post-title":"","ast-breadcrumbs-content":"","ast-featured-img":"","footer-sml-layout":"","ast-disable-related-posts":"","theme-transparent-header-meta":"default","adv-header-id-meta":"","stick-header-meta":"","header-above-stick-meta":"","header-main-stick-meta":"","header-below-stick-meta":"","astra-migrate-meta-layouts":"set","ast-page-background-enabled":"default","ast-page-background-meta":{"desktop":{"background-color":"","background-image":"","background-repeat":"repeat","background-position":"center center","background-size":"auto","background-attachment":"scroll","background-type":"","background-media":"","overlay-type":"","overlay-color":"","overlay-opacity":"","overlay-gradient":""},"tablet":{"background-color":"","background-image":"","background-repeat":"repeat","background-position":"center center","background-size":"auto","background-attachment":"scroll","background-type":"","background-media":"","overlay-type":"","overlay-color":"","overlay-opacity":"","overlay-gradient":""},"mobile":{"background-color":"","background-image":"","background-repeat":"repeat","background-position":"center center","background-size":"auto","background-attachment":"scroll","background-type":"","background-media":"","overlay-type":"","overlay-color":"","overlay-opacity":"","overlay-gradient":""}},"ast-content-background-meta":{"desktop":{"background-color":"var(--ast-global-color-5)","background-image":"","background-repeat":"repeat","background-position":"center center","background-size":"auto","background-attachment":"scroll","background-type":"","background-media":"","overlay-type":"","overlay-color":"","overlay-opacity":"","overlay-gradient":""},"tablet":{"background-color":"var(--ast-global-color-5)","background-image":"","background-repeat":"repeat","background-position":"center center","background-size":"auto","background-attachment":"scroll","background-type":"","background-media":"","overlay-type":"","overlay-color":"","overlay-opacity":"","overlay-gradient":""},"mobile":{"background-color":"var(--ast-global-color-5)","background-image":"","background-repeat":"repeat","background-position":"center center","background-size":"auto","background-attachment":"scroll","background-type":"","background-media":"","overlay-type":"","overlay-color":"","overlay-opacity":"","overlay-gradient":""}},"iawp_total_views":5},"product_brand":[],"product_cat":[214],"product_tag":[],"class_list":{"0":"post-16505","1":"product","2":"type-product","3":"status-publish","4":"has-post-thumbnail","6":"product_cat-dvi-vga","7":"desktop-align-left","8":"tablet-align-left","9":"mobile-align-left","11":"first","12":"instock","13":"shipping-taxable","14":"purchasable","15":"product-type-simple"},"acf":[],"_links":{"self":[{"href":"https:\/\/www.fjpremium.com\/es\/wp-json\/wp\/v2\/product\/16505","targetHints":{"allow":["GET"]}}],"collection":[{"href":"https:\/\/www.fjpremium.com\/es\/wp-json\/wp\/v2\/product"}],"about":[{"href":"https:\/\/www.fjpremium.com\/es\/wp-json\/wp\/v2\/types\/product"}],"wp:featuredmedia":[{"embeddable":true,"href":"https:\/\/www.fjpremium.com\/es\/wp-json\/wp\/v2\/media\/16529"}],"wp:attachment":[{"href":"https:\/\/www.fjpremium.com\/es\/wp-json\/wp\/v2\/media?parent=16505"}],"wp:term":[{"taxonomy":"product_brand","embeddable":true,"href":"https:\/\/www.fjpremium.com\/es\/wp-json\/wp\/v2\/product_brand?post=16505"},{"taxonomy":"product_cat","embeddable":true,"href":"https:\/\/www.fjpremium.com\/es\/wp-json\/wp\/v2\/product_cat?post=16505"},{"taxonomy":"product_tag","embeddable":true,"href":"https:\/\/www.fjpremium.com\/es\/wp-json\/wp\/v2\/product_tag?post=16505"}],"curies":[{"name":"wp","href":"https:\/\/api.w.org\/{rel}","templated":true}]}}