{"id":16504,"date":"2020-10-23T14:53:00","date_gmt":"2020-10-23T06:53:00","guid":{"rendered":"https:\/\/www.fjpremium.com\/?post_type=product&#038;p=16504"},"modified":"2023-10-07T09:58:08","modified_gmt":"2023-10-07T01:58:08","slug":"vga-to-vga-pc-computer-monitor-cable","status":"publish","type":"product","link":"https:\/\/www.fjpremium.com\/es\/product\/vga-to-vga-pc-computer-monitor-cable\/","title":{"rendered":"VGA a VGA PC Monitor Cable"},"content":{"rendered":"<p>Con un cable de pantalla 3+7 macho-macho 1080p super VGA, nuestro cable es el dispositivo ideal para todas las aplicaciones de cine en casa y audio-v\u00eddeo de sobremesa.<\/p>\n<p>Alcanza hasta 2048\u00d71536 (QXGA), lo que lo convierte en un potente complemento para su instalaci\u00f3n audiovisual. Y no s\u00f3lo eso, tambi\u00e9n es resistente a las interferencias EMI\/RFI, lo que garantiza una transmisi\u00f3n de se\u00f1al limpia y sin perturbaciones.<\/p>\n<p>Al incorporar conectores chapados en oro de 24 K, este cable VGA a VGA para monitor de ordenador garantiza una transferencia de se\u00f1al superior.<\/p>\n<p>Para mantener un rendimiento duradero, sus conductores est\u00e1n totalmente blindados. Como caracter\u00edstica clave, desde 1920\u00d71200 (WUXGA) a 640\u00d7480 (VGA), pasando por 1080P (Full HD), lo tiene todo cubierto.<\/p>\n<p>Sus especificaciones:<\/p>\n<ul>\n<li>Conductor del cable: Cobre desnudo<\/li>\n<li>Calibre del cable: 30AWG (1-10M), 28AWG(15-30M)<\/li>\n<li>Aislamiento: HDPE<\/li>\n<li>Cubierta: PVC<\/li>\n<li>Conforme: RoHS, REACH<\/li>\n<\/ul>\n<p>Adem\u00e1s, se incluyen n\u00facleos de ferrita de alta calidad para minimizar la diafon\u00eda y proteger contra EMI y RFI. P\u00f3ngase en contacto con nosotros hoy mismo y a\u00f1ada este cable a su inventario.<\/p>","protected":false},"excerpt":{"rendered":"<p>Conecte el PC, el proyector o el televisor con el cable VGA a VGA para monitor de ordenador de FARSINCE, dise\u00f1ado para una transmisi\u00f3n de se\u00f1al de alta calidad y sin interferencias.<\/p>","protected":false},"featured_media":16521,"template":"","meta":{"_acf_changed":false,"_seopress_robots_primary_cat":"","_seopress_titles_title":"Best VGA to VGA PC Computer Monitor Cable - FARSINCE","_seopress_titles_desc":"","_seopress_robots_index":"","_seopress_analysis_target_kw":"VGA to VGA PC Computer Monitor Cable","site-sidebar-layout":"default","site-content-layout":"default","ast-site-content-layout":"default","site-content-style":"default","site-sidebar-style":"default","ast-global-header-display":"","ast-banner-title-visibility":"","ast-main-header-display":"","ast-hfb-above-header-display":"","ast-hfb-below-header-display":"","ast-hfb-mobile-header-display":"","site-post-title":"","ast-breadcrumbs-content":"","ast-featured-img":"","footer-sml-layout":"","ast-disable-related-posts":"","theme-transparent-header-meta":"default","adv-header-id-meta":"","stick-header-meta":"","header-above-stick-meta":"","header-main-stick-meta":"","header-below-stick-meta":"","astra-migrate-meta-layouts":"set","ast-page-background-enabled":"default","ast-page-background-meta":{"desktop":{"background-color":"","background-image":"","background-repeat":"repeat","background-position":"center center","background-size":"auto","background-attachment":"scroll","background-type":"","background-media":"","overlay-type":"","overlay-color":"","overlay-opacity":"","overlay-gradient":""},"tablet":{"background-color":"","background-image":"","background-repeat":"repeat","background-position":"center center","background-size":"auto","background-attachment":"scroll","background-type":"","background-media":"","overlay-type":"","overlay-color":"","overlay-opacity":"","overlay-gradient":""},"mobile":{"background-color":"","background-image":"","background-repeat":"repeat","background-position":"center center","background-size":"auto","background-attachment":"scroll","background-type":"","background-media":"","overlay-type":"","overlay-color":"","overlay-opacity":"","overlay-gradient":""}},"ast-content-background-meta":{"desktop":{"background-color":"var(--ast-global-color-5)","background-image":"","background-repeat":"repeat","background-position":"center center","background-size":"auto","background-attachment":"scroll","background-type":"","background-media":"","overlay-type":"","overlay-color":"","overlay-opacity":"","overlay-gradient":""},"tablet":{"background-color":"var(--ast-global-color-5)","background-image":"","background-repeat":"repeat","background-position":"center center","background-size":"auto","background-attachment":"scroll","background-type":"","background-media":"","overlay-type":"","overlay-color":"","overlay-opacity":"","overlay-gradient":""},"mobile":{"background-color":"var(--ast-global-color-5)","background-image":"","background-repeat":"repeat","background-position":"center center","background-size":"auto","background-attachment":"scroll","background-type":"","background-media":"","overlay-type":"","overlay-color":"","overlay-opacity":"","overlay-gradient":""}},"iawp_total_views":12},"product_brand":[],"product_cat":[214],"product_tag":[],"class_list":{"0":"post-16504","1":"product","2":"type-product","3":"status-publish","4":"has-post-thumbnail","6":"product_cat-dvi-vga","7":"desktop-align-left","8":"tablet-align-left","9":"mobile-align-left","11":"first","12":"instock","13":"shipping-taxable","14":"purchasable","15":"product-type-simple"},"acf":[],"_links":{"self":[{"href":"https:\/\/www.fjpremium.com\/es\/wp-json\/wp\/v2\/product\/16504","targetHints":{"allow":["GET"]}}],"collection":[{"href":"https:\/\/www.fjpremium.com\/es\/wp-json\/wp\/v2\/product"}],"about":[{"href":"https:\/\/www.fjpremium.com\/es\/wp-json\/wp\/v2\/types\/product"}],"wp:featuredmedia":[{"embeddable":true,"href":"https:\/\/www.fjpremium.com\/es\/wp-json\/wp\/v2\/media\/16521"}],"wp:attachment":[{"href":"https:\/\/www.fjpremium.com\/es\/wp-json\/wp\/v2\/media?parent=16504"}],"wp:term":[{"taxonomy":"product_brand","embeddable":true,"href":"https:\/\/www.fjpremium.com\/es\/wp-json\/wp\/v2\/product_brand?post=16504"},{"taxonomy":"product_cat","embeddable":true,"href":"https:\/\/www.fjpremium.com\/es\/wp-json\/wp\/v2\/product_cat?post=16504"},{"taxonomy":"product_tag","embeddable":true,"href":"https:\/\/www.fjpremium.com\/es\/wp-json\/wp\/v2\/product_tag?post=16504"}],"curies":[{"name":"wp","href":"https:\/\/api.w.org\/{rel}","templated":true}]}}