{"id":16502,"date":"2020-10-23T14:52:58","date_gmt":"2020-10-23T06:52:58","guid":{"rendered":"https:\/\/www.fjpremium.com\/?post_type=product&#038;p=16502"},"modified":"2023-10-07T16:58:03","modified_gmt":"2023-10-07T08:58:03","slug":"dvi-a-male-to-vga-hd15pin-male-video-cable","status":"publish","type":"product","link":"https:\/\/www.fjpremium.com\/es\/product\/dvi-a-male-to-vga-hd15pin-male-video-cable\/","title":{"rendered":"Cable de v\u00eddeo HD15PIN macho a macho DVI-A a VGA"},"content":{"rendered":"<p>Dise\u00f1ado para aquellos que buscan una conexi\u00f3n impecable entre dispositivos digitales y anal\u00f3gicos, nuestro cable DVI-A a VGA es un cambio de juego para los entusiastas del cine en casa, los audi\u00f3filos y los jugadores.<\/p>\n<p>Ofrece una s\u00f3lida protecci\u00f3n EMI\/RFI gracias a sus conductores totalmente blindados. Y junto con los conectores chapados en oro de 24 K, garantiza una claridad de se\u00f1al pr\u00edstina hasta una resoluci\u00f3n de 1600\u00d71200@60 (1080p).<\/p>\n<p>Fabricado para durar, este producto garantiza un rendimiento constante a lo largo de los a\u00f1os.<\/p>\n<p>Sus especificaciones:<\/p>\n<ul>\n<li>Conductor del cable: Cobre desnudo<\/li>\n<li>Calibre del cable: 30AWG<\/li>\n<li>Aislamiento: HDPE<\/li>\n<li>Blindaje: Papel de aluminio, trenzado<\/li>\n<li>Cubierta: PVC<\/li>\n<li>DE: 5,5 mm<\/li>\n<li>Conforme: RoHS, REACH<\/li>\n<\/ul>\n<p>Adem\u00e1s, su dise\u00f1o incorpora tornillos para una conexi\u00f3n firme, eliminando cualquier preocupaci\u00f3n de conexi\u00f3n suelta o interrumpida. En consecuencia, p\u00f3ngase en contacto con nosotros hoy mismo y a\u00f1\u00e1dalo a su inventario.<\/p>","protected":false},"excerpt":{"rendered":"<p>Experimente la precisi\u00f3n y el rendimiento con el cable DVI-A a VGA de FARSINCE, totalmente blindado con conectores de oro, que consigue una n\u00edtida claridad a 1080p.<\/p>","protected":false},"featured_media":16507,"template":"","meta":{"_acf_changed":false,"_seopress_robots_primary_cat":"","_seopress_titles_title":"HD15PIN Video Male to Male DVI-A to VGA Cable - FARSINCE","_seopress_titles_desc":"","_seopress_robots_index":"","site-sidebar-layout":"default","site-content-layout":"default","ast-site-content-layout":"default","site-content-style":"default","site-sidebar-style":"default","ast-global-header-display":"","ast-banner-title-visibility":"","ast-main-header-display":"","ast-hfb-above-header-display":"","ast-hfb-below-header-display":"","ast-hfb-mobile-header-display":"","site-post-title":"","ast-breadcrumbs-content":"","ast-featured-img":"","footer-sml-layout":"","ast-disable-related-posts":"","theme-transparent-header-meta":"default","adv-header-id-meta":"","stick-header-meta":"","header-above-stick-meta":"","header-main-stick-meta":"","header-below-stick-meta":"","astra-migrate-meta-layouts":"set","ast-page-background-enabled":"default","ast-page-background-meta":{"desktop":{"background-color":"","background-image":"","background-repeat":"repeat","background-position":"center center","background-size":"auto","background-attachment":"scroll","background-type":"","background-media":"","overlay-type":"","overlay-color":"","overlay-opacity":"","overlay-gradient":""},"tablet":{"background-color":"","background-image":"","background-repeat":"repeat","background-position":"center center","background-size":"auto","background-attachment":"scroll","background-type":"","background-media":"","overlay-type":"","overlay-color":"","overlay-opacity":"","overlay-gradient":""},"mobile":{"background-color":"","background-image":"","background-repeat":"repeat","background-position":"center center","background-size":"auto","background-attachment":"scroll","background-type":"","background-media":"","overlay-type":"","overlay-color":"","overlay-opacity":"","overlay-gradient":""}},"ast-content-background-meta":{"desktop":{"background-color":"var(--ast-global-color-5)","background-image":"","background-repeat":"repeat","background-position":"center center","background-size":"auto","background-attachment":"scroll","background-type":"","background-media":"","overlay-type":"","overlay-color":"","overlay-opacity":"","overlay-gradient":""},"tablet":{"background-color":"var(--ast-global-color-5)","background-image":"","background-repeat":"repeat","background-position":"center center","background-size":"auto","background-attachment":"scroll","background-type":"","background-media":"","overlay-type":"","overlay-color":"","overlay-opacity":"","overlay-gradient":""},"mobile":{"background-color":"var(--ast-global-color-5)","background-image":"","background-repeat":"repeat","background-position":"center center","background-size":"auto","background-attachment":"scroll","background-type":"","background-media":"","overlay-type":"","overlay-color":"","overlay-opacity":"","overlay-gradient":""}},"iawp_total_views":2},"product_brand":[],"product_cat":[214],"product_tag":[],"class_list":{"0":"post-16502","1":"product","2":"type-product","3":"status-publish","4":"has-post-thumbnail","6":"product_cat-dvi-vga","7":"desktop-align-left","8":"tablet-align-left","9":"mobile-align-left","11":"first","12":"instock","13":"shipping-taxable","14":"purchasable","15":"product-type-simple"},"acf":[],"_links":{"self":[{"href":"https:\/\/www.fjpremium.com\/es\/wp-json\/wp\/v2\/product\/16502","targetHints":{"allow":["GET"]}}],"collection":[{"href":"https:\/\/www.fjpremium.com\/es\/wp-json\/wp\/v2\/product"}],"about":[{"href":"https:\/\/www.fjpremium.com\/es\/wp-json\/wp\/v2\/types\/product"}],"wp:featuredmedia":[{"embeddable":true,"href":"https:\/\/www.fjpremium.com\/es\/wp-json\/wp\/v2\/media\/16507"}],"wp:attachment":[{"href":"https:\/\/www.fjpremium.com\/es\/wp-json\/wp\/v2\/media?parent=16502"}],"wp:term":[{"taxonomy":"product_brand","embeddable":true,"href":"https:\/\/www.fjpremium.com\/es\/wp-json\/wp\/v2\/product_brand?post=16502"},{"taxonomy":"product_cat","embeddable":true,"href":"https:\/\/www.fjpremium.com\/es\/wp-json\/wp\/v2\/product_cat?post=16502"},{"taxonomy":"product_tag","embeddable":true,"href":"https:\/\/www.fjpremium.com\/es\/wp-json\/wp\/v2\/product_tag?post=16502"}],"curies":[{"name":"wp","href":"https:\/\/api.w.org\/{rel}","templated":true}]}}