{"id":16494,"date":"2020-10-23T14:48:38","date_gmt":"2020-10-23T06:48:38","guid":{"rendered":"https:\/\/www.fjpremium.com\/?post_type=product&#038;p=16494"},"modified":"2023-10-07T10:01:11","modified_gmt":"2023-10-07T02:01:11","slug":"dvi-d-dual-link-241-digital-video-connection-cable","status":"publish","type":"product","link":"https:\/\/www.fjpremium.com\/es\/product\/dvi-d-dual-link-241-digital-video-connection-cable\/","title":{"rendered":"Cable de conexi\u00f3n de v\u00eddeo digital DVI-D Dual Link 24+1"},"content":{"rendered":"<p>Este cable de alta calidad conecta el ordenador port\u00e1til o de sobremesa a varios dispositivos de visualizaci\u00f3n, como televisores de alta definici\u00f3n, monitores LCD y proyectores.<\/p>\n<p>Con resoluciones de hasta 2580*1600@60Hz, le garantiza una calidad cristalina en todos los detalles.<\/p>\n<p>Lo que distingue a nuestro cable de conexi\u00f3n de v\u00eddeo son sus conductores totalmente apantallados. Estos eliminan todas las posibilidades de interferencias electromagn\u00e9ticas y de radiofrecuencia, prometiendo toda una vida de rendimiento ininterrumpido.<\/p>\n<p>El exclusivo dise\u00f1o del tornillo garantiza una conexi\u00f3n segura, proporcion\u00e1ndole la fiabilidad necesaria.<\/p>\n<p>Sus especificaciones:<\/p>\n<ul>\n<li>Conductor del cable: Cobre desnudo<\/li>\n<li>Calibre del cable: 30AWG<\/li>\n<li>Aislamiento: HDPE<\/li>\n<li>Blindaje: Papel de aluminio, trenzado<\/li>\n<li>Cubierta: PVC<\/li>\n<\/ul>\n<p>Adem\u00e1s, al cumplir plenamente las normas RoHS y REACH, encarna la m\u00e1xima calidad. P\u00f3ngase en contacto con nosotros y asegure su inversi\u00f3n hoy mismo.<\/p>","protected":false},"excerpt":{"rendered":"<p>Lleve la experiencia de visualizaci\u00f3n al siguiente nivel con el cable de conexi\u00f3n de v\u00eddeo digital FARSINCE DVI-D dual link 24+1, que garantiza una conexi\u00f3n perfecta y una calidad n\u00edtida de hasta 2580*1600@60Hz.<\/p>","protected":false},"featured_media":16495,"template":"","meta":{"_acf_changed":false,"_seopress_robots_primary_cat":"","_seopress_titles_title":"DVI-D Dual Link 24+1 Digital Video Connection Cable - Farsince","_seopress_titles_desc":"Take the display experience to the next level with the FARSINCE DVI-D dual link 24+1 digital video connection cable, ensuring seamless connection.","_seopress_robots_index":"","site-sidebar-layout":"default","site-content-layout":"default","ast-site-content-layout":"default","site-content-style":"default","site-sidebar-style":"default","ast-global-header-display":"","ast-banner-title-visibility":"","ast-main-header-display":"","ast-hfb-above-header-display":"","ast-hfb-below-header-display":"","ast-hfb-mobile-header-display":"","site-post-title":"","ast-breadcrumbs-content":"","ast-featured-img":"","footer-sml-layout":"","ast-disable-related-posts":"","theme-transparent-header-meta":"default","adv-header-id-meta":"","stick-header-meta":"","header-above-stick-meta":"","header-main-stick-meta":"","header-below-stick-meta":"","astra-migrate-meta-layouts":"set","ast-page-background-enabled":"default","ast-page-background-meta":{"desktop":{"background-color":"","background-image":"","background-repeat":"repeat","background-position":"center center","background-size":"auto","background-attachment":"scroll","background-type":"","background-media":"","overlay-type":"","overlay-color":"","overlay-opacity":"","overlay-gradient":""},"tablet":{"background-color":"","background-image":"","background-repeat":"repeat","background-position":"center center","background-size":"auto","background-attachment":"scroll","background-type":"","background-media":"","overlay-type":"","overlay-color":"","overlay-opacity":"","overlay-gradient":""},"mobile":{"background-color":"","background-image":"","background-repeat":"repeat","background-position":"center center","background-size":"auto","background-attachment":"scroll","background-type":"","background-media":"","overlay-type":"","overlay-color":"","overlay-opacity":"","overlay-gradient":""}},"ast-content-background-meta":{"desktop":{"background-color":"var(--ast-global-color-5)","background-image":"","background-repeat":"repeat","background-position":"center center","background-size":"auto","background-attachment":"scroll","background-type":"","background-media":"","overlay-type":"","overlay-color":"","overlay-opacity":"","overlay-gradient":""},"tablet":{"background-color":"var(--ast-global-color-5)","background-image":"","background-repeat":"repeat","background-position":"center center","background-size":"auto","background-attachment":"scroll","background-type":"","background-media":"","overlay-type":"","overlay-color":"","overlay-opacity":"","overlay-gradient":""},"mobile":{"background-color":"var(--ast-global-color-5)","background-image":"","background-repeat":"repeat","background-position":"center center","background-size":"auto","background-attachment":"scroll","background-type":"","background-media":"","overlay-type":"","overlay-color":"","overlay-opacity":"","overlay-gradient":""}},"iawp_total_views":4},"product_brand":[],"product_cat":[214],"product_tag":[],"class_list":{"0":"post-16494","1":"product","2":"type-product","3":"status-publish","4":"has-post-thumbnail","6":"product_cat-dvi-vga","7":"desktop-align-left","8":"tablet-align-left","9":"mobile-align-left","11":"first","12":"instock","13":"shipping-taxable","14":"purchasable","15":"product-type-simple"},"acf":[],"_links":{"self":[{"href":"https:\/\/www.fjpremium.com\/es\/wp-json\/wp\/v2\/product\/16494","targetHints":{"allow":["GET"]}}],"collection":[{"href":"https:\/\/www.fjpremium.com\/es\/wp-json\/wp\/v2\/product"}],"about":[{"href":"https:\/\/www.fjpremium.com\/es\/wp-json\/wp\/v2\/types\/product"}],"wp:featuredmedia":[{"embeddable":true,"href":"https:\/\/www.fjpremium.com\/es\/wp-json\/wp\/v2\/media\/16495"}],"wp:attachment":[{"href":"https:\/\/www.fjpremium.com\/es\/wp-json\/wp\/v2\/media?parent=16494"}],"wp:term":[{"taxonomy":"product_brand","embeddable":true,"href":"https:\/\/www.fjpremium.com\/es\/wp-json\/wp\/v2\/product_brand?post=16494"},{"taxonomy":"product_cat","embeddable":true,"href":"https:\/\/www.fjpremium.com\/es\/wp-json\/wp\/v2\/product_cat?post=16494"},{"taxonomy":"product_tag","embeddable":true,"href":"https:\/\/www.fjpremium.com\/es\/wp-json\/wp\/v2\/product_tag?post=16494"}],"curies":[{"name":"wp","href":"https:\/\/api.w.org\/{rel}","templated":true}]}}