{"id":16481,"date":"2020-09-21T16:46:59","date_gmt":"2020-09-21T08:46:59","guid":{"rendered":"https:\/\/www.fjpremium.com\/?post_type=product&#038;p=16481"},"modified":"2023-12-14T13:58:55","modified_gmt":"2023-12-14T05:58:55","slug":"braided-usb-type-c-to-lightning-fast-charging-cable-pd-cable-18w-quick-charger-cable-for-iphone","status":"publish","type":"product","link":"https:\/\/www.fjpremium.com\/es\/product\/braided-usb-type-c-to-lightning-fast-charging-cable-pd-cable-18w-quick-charger-cable-for-iphone\/","title":{"rendered":"Cable trenzado de carga r\u00e1pida USB tipo C a Lightning PD Cable para iPhone"},"content":{"rendered":"<p>Este cable de carga r\u00e1pida Lightning PD es ideal para conectar tu iPhone, iPad, Mac, AirPods o iPod con conector Lightning a tu Mac con USB-C o Thunderbolt 3 (USB-C).<\/p>\n<p>Es compatible con la tecnolog\u00eda de carga r\u00e1pida 9V 2A y proporciona una impresionante velocidad de transferencia de datos de hasta 480 Mbps. Adem\u00e1s, se puede emparejar con el adaptador de corriente USB-C de 18 W, 30 W, 61 W o 96 W de Apple para cargar el dispositivo iOS de forma r\u00e1pida y eficiente.<\/p>\n<p>Lo que distingue a nuestro cable es su construcci\u00f3n superior. El dise\u00f1o trenzado de algod\u00f3n sin enredos, combinado con una carcasa met\u00e1lica de aluminio, proporciona durabilidad y protecci\u00f3n adicionales.<\/p>\n<p>Adem\u00e1s, est\u00e1 dise\u00f1ado para resistir al menos 6.000 ciclos de pruebas de flexi\u00f3n, y las juntas moldeadas sin costuras contribuyen a su longevidad y atractivo est\u00e9tico.<\/p>\n<p>El cable tiene una cubierta de PVC flexible, un conector macho USB 2.0 de tipo C y un conector macho Lightning de 8 clavijas. Todos los contactos est\u00e1n chapados en oro para una conductividad \u00f3ptima, y la cubierta est\u00e1 niquelada para una mayor longevidad.<\/p>\n<p>Adem\u00e1s, el conductor del cable consta de una l\u00ednea de alimentaci\u00f3n de 70\/0,08 mm2 y una l\u00ednea de datos de 16\/0,08 mm3, aisladas con HDPE.<\/p>\n<p>Con un calibre de cable de 22AWG y un di\u00e1metro exterior de 3,8\u00b10,2 mm, est\u00e1 dise\u00f1ado para ser robusto pero flexible. Y cumple plenamente la normativa RoHS, lo que garantiza su seguridad y respeto por el medio ambiente.<\/p>\n<p>En resumen, respaldado por una garant\u00eda FARSINCE de 2 a\u00f1os, este cable de carga r\u00e1pida Lightning PD Cable est\u00e1 probado para funcionar seg\u00fan los est\u00e1ndares de la industria, ofreciendo una soluci\u00f3n fiable y de alta calidad para todas sus necesidades de carga y transferencia de datos.<\/p>\n<h2>Informaci\u00f3n sobre pedidos:<\/h2>\n<ul>\n<li>FS21005-010: 1.0m<\/li>\n<li>FS21005-020: 2,0 m<\/li>\n<\/ul>","protected":false},"excerpt":{"rendered":"<p>Mejora tu experiencia de carga con nuestro cable trenzado de carga r\u00e1pida USB tipo C a Lightning, perfectamente compatible con una amplia gama de dispositivos Apple.<\/p>","protected":false},"featured_media":16482,"template":"","meta":{"_acf_changed":false,"_seopress_robots_primary_cat":"","_seopress_titles_title":"Lightning Fast Charging Cable - Farsince","_seopress_titles_desc":"","_seopress_robots_index":"","site-sidebar-layout":"default","site-content-layout":"default","ast-site-content-layout":"default","site-content-style":"default","site-sidebar-style":"default","ast-global-header-display":"","ast-banner-title-visibility":"","ast-main-header-display":"","ast-hfb-above-header-display":"","ast-hfb-below-header-display":"","ast-hfb-mobile-header-display":"","site-post-title":"","ast-breadcrumbs-content":"","ast-featured-img":"","footer-sml-layout":"","ast-disable-related-posts":"","theme-transparent-header-meta":"default","adv-header-id-meta":"","stick-header-meta":"","header-above-stick-meta":"","header-main-stick-meta":"","header-below-stick-meta":"","astra-migrate-meta-layouts":"default","ast-page-background-enabled":"default","ast-page-background-meta":{"desktop":{"background-color":"","background-image":"","background-repeat":"repeat","background-position":"center center","background-size":"auto","background-attachment":"scroll","background-type":"","background-media":"","overlay-type":"","overlay-color":"","overlay-opacity":"","overlay-gradient":""},"tablet":{"background-color":"","background-image":"","background-repeat":"repeat","background-position":"center center","background-size":"auto","background-attachment":"scroll","background-type":"","background-media":"","overlay-type":"","overlay-color":"","overlay-opacity":"","overlay-gradient":""},"mobile":{"background-color":"","background-image":"","background-repeat":"repeat","background-position":"center center","background-size":"auto","background-attachment":"scroll","background-type":"","background-media":"","overlay-type":"","overlay-color":"","overlay-opacity":"","overlay-gradient":""}},"ast-content-background-meta":{"desktop":{"background-color":"var(--ast-global-color-5)","background-image":"","background-repeat":"repeat","background-position":"center center","background-size":"auto","background-attachment":"scroll","background-type":"","background-media":"","overlay-type":"","overlay-color":"","overlay-opacity":"","overlay-gradient":""},"tablet":{"background-color":"var(--ast-global-color-5)","background-image":"","background-repeat":"repeat","background-position":"center center","background-size":"auto","background-attachment":"scroll","background-type":"","background-media":"","overlay-type":"","overlay-color":"","overlay-opacity":"","overlay-gradient":""},"mobile":{"background-color":"var(--ast-global-color-5)","background-image":"","background-repeat":"repeat","background-position":"center center","background-size":"auto","background-attachment":"scroll","background-type":"","background-media":"","overlay-type":"","overlay-color":"","overlay-opacity":"","overlay-gradient":""}},"iawp_total_views":4},"product_brand":[],"product_cat":[636],"product_tag":[],"class_list":{"0":"post-16481","1":"product","2":"type-product","3":"status-publish","4":"has-post-thumbnail","6":"product_cat-usb-2-0-cables","7":"desktop-align-left","8":"tablet-align-left","9":"mobile-align-left","11":"first","12":"instock","13":"shipping-taxable","14":"purchasable","15":"product-type-simple"},"acf":[],"_links":{"self":[{"href":"https:\/\/www.fjpremium.com\/es\/wp-json\/wp\/v2\/product\/16481","targetHints":{"allow":["GET"]}}],"collection":[{"href":"https:\/\/www.fjpremium.com\/es\/wp-json\/wp\/v2\/product"}],"about":[{"href":"https:\/\/www.fjpremium.com\/es\/wp-json\/wp\/v2\/types\/product"}],"wp:featuredmedia":[{"embeddable":true,"href":"https:\/\/www.fjpremium.com\/es\/wp-json\/wp\/v2\/media\/16482"}],"wp:attachment":[{"href":"https:\/\/www.fjpremium.com\/es\/wp-json\/wp\/v2\/media?parent=16481"}],"wp:term":[{"taxonomy":"product_brand","embeddable":true,"href":"https:\/\/www.fjpremium.com\/es\/wp-json\/wp\/v2\/product_brand?post=16481"},{"taxonomy":"product_cat","embeddable":true,"href":"https:\/\/www.fjpremium.com\/es\/wp-json\/wp\/v2\/product_cat?post=16481"},{"taxonomy":"product_tag","embeddable":true,"href":"https:\/\/www.fjpremium.com\/es\/wp-json\/wp\/v2\/product_tag?post=16481"}],"curies":[{"name":"wp","href":"https:\/\/api.w.org\/{rel}","templated":true}]}}