{"id":16472,"date":"2020-09-21T16:44:06","date_gmt":"2020-09-21T08:44:06","guid":{"rendered":"https:\/\/www.fjpremium.com\/?post_type=product&#038;p=16472"},"modified":"2023-12-14T13:58:55","modified_gmt":"2023-12-14T05:58:55","slug":"braided-usb-2-0-type-c-to-type-c-3a-quick-charging-cable","status":"publish","type":"product","link":"https:\/\/www.fjpremium.com\/es\/product\/braided-usb-2-0-type-c-to-type-c-3a-quick-charging-cable\/","title":{"rendered":"Cable trenzado de carga r\u00e1pida USB 2.0 Tipo C a Tipo C 3A"},"content":{"rendered":"<p>Nuestro cable de carga r\u00e1pida de alto rendimiento es una opci\u00f3n ideal para conectar dispositivos con un puerto USB-C a un ordenador, tableta u otro dispositivo con un puerto USB-C.<\/p>\n<p>Est\u00e1 equipado con tecnolog\u00eda de carga r\u00e1pida de 5 V y 3 A y admite una tasa de transferencia de datos de alta velocidad de hasta 480 Mbps.<\/p>\n<p>El conector USB-C de este cable presenta un dise\u00f1o sim\u00e9trico, lo que lo hace f\u00e1cil de usar y sin complicaciones.<\/p>\n<p>No importa si lo enchufas al rev\u00e9s o al derecho; se enchufar\u00e1 a la primera, todas las veces, evitando da\u00f1os en el puerto del conector.<\/p>\n<p>El cable de carga r\u00e1pida est\u00e1 dise\u00f1ado con una cubierta de PVC flexible y conectores moldeados de alivio de tensi\u00f3n para una mayor durabilidad.<\/p>\n<p>El dise\u00f1o trenzado de algod\u00f3n y la carcasa met\u00e1lica de aluminio aumentan a\u00fan m\u00e1s su robustez y protecci\u00f3n.<\/p>\n<p>Adem\u00e1s, el cable est\u00e1 dise\u00f1ado para resistir interferencias EMI\/RFI gracias a su blindaje de l\u00e1mina y trenza.<\/p>\n<p>La construcci\u00f3n de par trenzado ayuda a reducir la diafon\u00eda, garantizando una transferencia de datos de alta velocidad y sin errores.<\/p>\n<p>Adem\u00e1s, nuestro cable cuenta con un conector USB 2.0 Tipo C macho en ambos extremos, con contactos chapados en oro y una cubierta niquelada para una conductividad y longevidad \u00f3ptimas.<\/p>\n<p>Y el conductor del cable consta de una l\u00ednea de alimentaci\u00f3n de 70\/0,08 mm2 y una l\u00ednea de datos de 16\/0,08 mm3, aisladas con HDPE.<\/p>\n<p>Con un calibre de cable de 22AWG y un di\u00e1metro exterior de 3,8\u00b10,2 mm, est\u00e1 dise\u00f1ado para ser resistente pero flexible.<\/p>\n<p>Y cumple plenamente la normativa RoHS, lo que garantiza su seguridad y compatibilidad medioambiental.<\/p>\n<p>Nuestro cable trenzado de carga r\u00e1pida USB 2.0 Tipo C a Tipo C 3A, probado para cumplir los est\u00e1ndares del sector y respaldado por una garant\u00eda FARSINCE de 2 a\u00f1os, es una soluci\u00f3n fiable para todas sus necesidades de carga y transferencia de datos.<\/p>\n<h2>Informaci\u00f3n sobre pedidos:<\/h2>\n<ul>\n<li>FS21004-003: 0,3 m<\/li>\n<li>FS21004-005: 0,5 m<\/li>\n<li>FS21004-010: 1.0m<\/li>\n<li>FS21004-015: 1.5m<\/li>\n<li>FS21004-020: 2,0 m<\/li>\n<\/ul>","protected":false},"excerpt":{"rendered":"<p>Disfruta de una capacidad de carga y transferencia de datos de nivel superior con este cable trenzado de carga r\u00e1pida USB 2.0 Tipo C a Tipo C 3A.<\/p>","protected":false},"featured_media":16473,"template":"","meta":{"_acf_changed":false,"_seopress_robots_primary_cat":"","_seopress_titles_title":"Type C to Type C 3A Quick Charging Cable - Farsince","_seopress_titles_desc":"","_seopress_robots_index":"","site-sidebar-layout":"default","site-content-layout":"default","ast-site-content-layout":"default","site-content-style":"default","site-sidebar-style":"default","ast-global-header-display":"","ast-banner-title-visibility":"","ast-main-header-display":"","ast-hfb-above-header-display":"","ast-hfb-below-header-display":"","ast-hfb-mobile-header-display":"","site-post-title":"","ast-breadcrumbs-content":"","ast-featured-img":"","footer-sml-layout":"","ast-disable-related-posts":"","theme-transparent-header-meta":"default","adv-header-id-meta":"","stick-header-meta":"","header-above-stick-meta":"","header-main-stick-meta":"","header-below-stick-meta":"","astra-migrate-meta-layouts":"default","ast-page-background-enabled":"default","ast-page-background-meta":{"desktop":{"background-color":"","background-image":"","background-repeat":"repeat","background-position":"center center","background-size":"auto","background-attachment":"scroll","background-type":"","background-media":"","overlay-type":"","overlay-color":"","overlay-opacity":"","overlay-gradient":""},"tablet":{"background-color":"","background-image":"","background-repeat":"repeat","background-position":"center center","background-size":"auto","background-attachment":"scroll","background-type":"","background-media":"","overlay-type":"","overlay-color":"","overlay-opacity":"","overlay-gradient":""},"mobile":{"background-color":"","background-image":"","background-repeat":"repeat","background-position":"center center","background-size":"auto","background-attachment":"scroll","background-type":"","background-media":"","overlay-type":"","overlay-color":"","overlay-opacity":"","overlay-gradient":""}},"ast-content-background-meta":{"desktop":{"background-color":"var(--ast-global-color-5)","background-image":"","background-repeat":"repeat","background-position":"center center","background-size":"auto","background-attachment":"scroll","background-type":"","background-media":"","overlay-type":"","overlay-color":"","overlay-opacity":"","overlay-gradient":""},"tablet":{"background-color":"var(--ast-global-color-5)","background-image":"","background-repeat":"repeat","background-position":"center center","background-size":"auto","background-attachment":"scroll","background-type":"","background-media":"","overlay-type":"","overlay-color":"","overlay-opacity":"","overlay-gradient":""},"mobile":{"background-color":"var(--ast-global-color-5)","background-image":"","background-repeat":"repeat","background-position":"center center","background-size":"auto","background-attachment":"scroll","background-type":"","background-media":"","overlay-type":"","overlay-color":"","overlay-opacity":"","overlay-gradient":""}},"iawp_total_views":10},"product_brand":[],"product_cat":[636],"product_tag":[],"class_list":{"0":"post-16472","1":"product","2":"type-product","3":"status-publish","4":"has-post-thumbnail","6":"product_cat-usb-2-0-cables","7":"desktop-align-left","8":"tablet-align-left","9":"mobile-align-left","11":"first","12":"instock","13":"shipping-taxable","14":"purchasable","15":"product-type-simple"},"acf":[],"_links":{"self":[{"href":"https:\/\/www.fjpremium.com\/es\/wp-json\/wp\/v2\/product\/16472","targetHints":{"allow":["GET"]}}],"collection":[{"href":"https:\/\/www.fjpremium.com\/es\/wp-json\/wp\/v2\/product"}],"about":[{"href":"https:\/\/www.fjpremium.com\/es\/wp-json\/wp\/v2\/types\/product"}],"wp:featuredmedia":[{"embeddable":true,"href":"https:\/\/www.fjpremium.com\/es\/wp-json\/wp\/v2\/media\/16473"}],"wp:attachment":[{"href":"https:\/\/www.fjpremium.com\/es\/wp-json\/wp\/v2\/media?parent=16472"}],"wp:term":[{"taxonomy":"product_brand","embeddable":true,"href":"https:\/\/www.fjpremium.com\/es\/wp-json\/wp\/v2\/product_brand?post=16472"},{"taxonomy":"product_cat","embeddable":true,"href":"https:\/\/www.fjpremium.com\/es\/wp-json\/wp\/v2\/product_cat?post=16472"},{"taxonomy":"product_tag","embeddable":true,"href":"https:\/\/www.fjpremium.com\/es\/wp-json\/wp\/v2\/product_tag?post=16472"}],"curies":[{"name":"wp","href":"https:\/\/api.w.org\/{rel}","templated":true}]}}