{"id":16468,"date":"2020-09-21T16:41:59","date_gmt":"2020-09-21T08:41:59","guid":{"rendered":"https:\/\/www.fjpremium.com\/?post_type=product&#038;p=16468"},"modified":"2023-12-14T13:58:56","modified_gmt":"2023-12-14T05:58:56","slug":"braided-usb-2-0-a-male-to-lightning-8pin-male-2-4a-fast-charger-sync-charging-cable","status":"publish","type":"product","link":"https:\/\/www.fjpremium.com\/es\/product\/braided-usb-2-0-a-male-to-lightning-8pin-male-2-4a-fast-charger-sync-charging-cable\/","title":{"rendered":"Cable trenzado USB 2.0 A macho a Lightning 8pin macho 2.4A de carga r\u00e1pida, sincronizaci\u00f3n y carga"},"content":{"rendered":"<p>Dise\u00f1ado espec\u00edficamente para proporcionar una sincronizaci\u00f3n y carga r\u00e1pidas para la \u00faltima generaci\u00f3n de dispositivos Apple, este cable cuenta con tecnolog\u00eda de carga r\u00e1pida de 5 V y 2,4 A.<\/p>\n<p>Con una velocidad de transferencia de hasta 480 Mbps, la gesti\u00f3n de sus datos es r\u00e1pida y sin esfuerzo.<\/p>\n<p>Tambi\u00e9n destaca su dise\u00f1o trenzado de nailon sin enredos, probado para soportar un m\u00ednimo de 6.000 ciclos de flexi\u00f3n, lo que garantiza su fiabilidad y longevidad.<\/p>\n<p>Complementado por las juntas moldeadas de metal de aluminio, el cable de carga y sincronizaci\u00f3n de carga r\u00e1pida de 2,4 A garantiza la robustez y mejora el atractivo est\u00e9tico.<\/p>\n<p>Sus especificaciones:<\/p>\n<ul>\n<li>Contacto dorado, carcasa niquelada<\/li>\n<li>Conductor del cable: L\u00ednea de alimentaci\u00f3n 30\/0,1mm2, L\u00ednea de datos 7\/0,1mm2<\/li>\n<li>Aislamiento: HDPE<\/li>\n<li>Calibre del cable: 23AWG<\/li>\n<li>Carcasa: Carcasa de aluminio<\/li>\n<li>Chaqueta: PVC+ Algod\u00f3n trenzado<\/li>\n<li>Di\u00e1metro exterior: 3,8\u00b10,2 mm<\/li>\n<li>Conformidad: RoHS<\/li>\n<\/ul>\n<p>Adem\u00e1s, garantizamos su rendimiento de alta calidad con una s\u00f3lida garant\u00eda de 2 a\u00f1os, lo que la convierte en una s\u00f3lida inversi\u00f3n. En resumen, p\u00f3ngase en contacto con nosotros hoy mismo y a\u00f1\u00e1dalo a su inventario.<\/p>","protected":false},"excerpt":{"rendered":"<p>Encienda dispositivos Apple y transfiera datos sin problemas con el cable de carga y sincronizaci\u00f3n del cargador r\u00e1pido de 2,4 A de FARSINCE, dise\u00f1ado para ofrecer durabilidad y velocidad.<\/p>","protected":false},"featured_media":16469,"template":"","meta":{"_acf_changed":false,"_seopress_robots_primary_cat":"","_seopress_titles_title":"Braided USB 2.0 A Male to Lightning 8Pin Male 2.4A Fast Charger Cable - Farsince","_seopress_titles_desc":"Charge your Apple devices with Farsince&#039;s Braided USB 2.0 A Male to Lightning 8Pin Male 2.4A Fast Charger Cable. Our cable supports fast charging and data transfer, making it perfect for your iPhone, iPad, or iPod.","_seopress_robots_index":"","site-sidebar-layout":"default","site-content-layout":"default","ast-site-content-layout":"default","site-content-style":"default","site-sidebar-style":"default","ast-global-header-display":"","ast-banner-title-visibility":"","ast-main-header-display":"","ast-hfb-above-header-display":"","ast-hfb-below-header-display":"","ast-hfb-mobile-header-display":"","site-post-title":"","ast-breadcrumbs-content":"","ast-featured-img":"","footer-sml-layout":"","ast-disable-related-posts":"","theme-transparent-header-meta":"default","adv-header-id-meta":"","stick-header-meta":"","header-above-stick-meta":"","header-main-stick-meta":"","header-below-stick-meta":"","astra-migrate-meta-layouts":"set","ast-page-background-enabled":"default","ast-page-background-meta":{"desktop":{"background-color":"","background-image":"","background-repeat":"repeat","background-position":"center center","background-size":"auto","background-attachment":"scroll","background-type":"","background-media":"","overlay-type":"","overlay-color":"","overlay-opacity":"","overlay-gradient":""},"tablet":{"background-color":"","background-image":"","background-repeat":"repeat","background-position":"center center","background-size":"auto","background-attachment":"scroll","background-type":"","background-media":"","overlay-type":"","overlay-color":"","overlay-opacity":"","overlay-gradient":""},"mobile":{"background-color":"","background-image":"","background-repeat":"repeat","background-position":"center center","background-size":"auto","background-attachment":"scroll","background-type":"","background-media":"","overlay-type":"","overlay-color":"","overlay-opacity":"","overlay-gradient":""}},"ast-content-background-meta":{"desktop":{"background-color":"var(--ast-global-color-5)","background-image":"","background-repeat":"repeat","background-position":"center center","background-size":"auto","background-attachment":"scroll","background-type":"","background-media":"","overlay-type":"","overlay-color":"","overlay-opacity":"","overlay-gradient":""},"tablet":{"background-color":"var(--ast-global-color-5)","background-image":"","background-repeat":"repeat","background-position":"center center","background-size":"auto","background-attachment":"scroll","background-type":"","background-media":"","overlay-type":"","overlay-color":"","overlay-opacity":"","overlay-gradient":""},"mobile":{"background-color":"var(--ast-global-color-5)","background-image":"","background-repeat":"repeat","background-position":"center center","background-size":"auto","background-attachment":"scroll","background-type":"","background-media":"","overlay-type":"","overlay-color":"","overlay-opacity":"","overlay-gradient":""}},"iawp_total_views":3},"product_brand":[],"product_cat":[636],"product_tag":[],"class_list":{"0":"post-16468","1":"product","2":"type-product","3":"status-publish","4":"has-post-thumbnail","6":"product_cat-usb-2-0-cables","7":"desktop-align-left","8":"tablet-align-left","9":"mobile-align-left","11":"first","12":"instock","13":"shipping-taxable","14":"purchasable","15":"product-type-simple"},"acf":[],"_links":{"self":[{"href":"https:\/\/www.fjpremium.com\/es\/wp-json\/wp\/v2\/product\/16468","targetHints":{"allow":["GET"]}}],"collection":[{"href":"https:\/\/www.fjpremium.com\/es\/wp-json\/wp\/v2\/product"}],"about":[{"href":"https:\/\/www.fjpremium.com\/es\/wp-json\/wp\/v2\/types\/product"}],"wp:featuredmedia":[{"embeddable":true,"href":"https:\/\/www.fjpremium.com\/es\/wp-json\/wp\/v2\/media\/16469"}],"wp:attachment":[{"href":"https:\/\/www.fjpremium.com\/es\/wp-json\/wp\/v2\/media?parent=16468"}],"wp:term":[{"taxonomy":"product_brand","embeddable":true,"href":"https:\/\/www.fjpremium.com\/es\/wp-json\/wp\/v2\/product_brand?post=16468"},{"taxonomy":"product_cat","embeddable":true,"href":"https:\/\/www.fjpremium.com\/es\/wp-json\/wp\/v2\/product_cat?post=16468"},{"taxonomy":"product_tag","embeddable":true,"href":"https:\/\/www.fjpremium.com\/es\/wp-json\/wp\/v2\/product_tag?post=16468"}],"curies":[{"name":"wp","href":"https:\/\/api.w.org\/{rel}","templated":true}]}}