{"id":16450,"date":"2020-09-21T16:33:57","date_gmt":"2020-09-21T08:33:57","guid":{"rendered":"https:\/\/www.fjpremium.com\/?post_type=product&#038;p=16450"},"modified":"2023-12-14T13:58:58","modified_gmt":"2023-12-14T05:58:58","slug":"braided-charging-cable-3a-android-micro-usb-fast-charging-data-cable-for-mobile-phone","status":"publish","type":"product","link":"https:\/\/www.fjpremium.com\/es\/product\/braided-charging-cable-3a-android-micro-usb-fast-charging-data-cable-for-mobile-phone\/","title":{"rendered":"Cable de carga trenzado 3a Android Micro USB Cable de datos de carga r\u00e1pida"},"content":{"rendered":"<p>Este cable de carga trenzado cuenta con un cable USB 2.0 A macho a Micro B macho, ambos con contactos chapados en oro y una cubierta niquelada, por lo que es perfecto para una amplia gama de dispositivos como tel\u00e9fonos m\u00f3viles Android, reproductores MP3 y MP4, sistemas GPS, PDA, tabletas, c\u00e1maras digitales y mucho m\u00e1s.<\/p>\n<p>Es compatible con la tecnolog\u00eda de carga r\u00e1pida de 5 V y 3 A, lo que garantiza una carga r\u00e1pida y potente para tus dispositivos.<\/p>\n<p>Con una velocidad de transferencia de hasta 480 Mbps, nuestro cable permite una transferencia de datos fluida entre sus dispositivos.<\/p>\n<p>El dise\u00f1o trenzado de nailon sin enredos garantiza que el cable resista al menos 6.000 ciclos de pruebas de flexi\u00f3n, lo que lo hace muy duradero y fiable.<\/p>\n<p>Las uniones met\u00e1licas de aluminio moldeado sin juntas mejoran la durabilidad y el atractivo aspecto del cable.<\/p>\n<p>Entre las principales caracter\u00edsticas de este cable de carga trenzado destacan su compatibilidad con una amplia gama de dispositivos, su trenzado de algod\u00f3n de alta calidad y su carcasa met\u00e1lica de aluminio para una mayor protecci\u00f3n, y su compatibilidad con la transferencia de datos a alta velocidad de hasta 480 Mbps.<\/p>\n<p>Est\u00e1 dise\u00f1ado para soportar la comunicaci\u00f3n y las funciones USB 2.0 y tiene una cubierta de PVC flexible, blindaje de l\u00e1mina y trenzado y construcci\u00f3n de par trenzado para un rendimiento \u00f3ptimo.<\/p>\n<p>Adem\u00e1s, el conductor del cable comprende una l\u00ednea de alimentaci\u00f3n de 30\/0,1 mm2 y una l\u00ednea de datos de 7\/0,1 mm2, aisladas con HDPE.<\/p>\n<p>Y el calibre del cable es de 23AWG, lo que garantiza su durabilidad y rendimiento. Adem\u00e1s, tiene un di\u00e1metro exterior de 3,8\u00b10,2 mm y cumple la normativa RoHS.<\/p>\n<p>En conclusi\u00f3n, este cable de alta calidad, probado para cumplir con los est\u00e1ndares del sector y respaldado por una garant\u00eda FARSINCE de 2 a\u00f1os, es la mejor opci\u00f3n para todas sus necesidades de carga y transferencia de datos.<\/p>\n<h2>Informaci\u00f3n sobre pedidos:<\/h2>\n<ul>\n<li>FS21001-003: 0,3 m<\/li>\n<li>FS21001-005: 0,5 m<\/li>\n<li>FS21001-010: 1.0m<\/li>\n<li>FS21001-015: 1.5m<\/li>\n<li>FS21001-020: 2,0 m<\/li>\n<\/ul>","protected":false},"excerpt":{"rendered":"<p>Descubra nuestro cable de carga trenzado, su soluci\u00f3n para una carga y transferencia de datos r\u00e1pidas y eficaces entre dispositivos USB port\u00e1tiles y puertos micro-USB.<\/p>","protected":false},"featured_media":16451,"template":"","meta":{"_acf_changed":false,"_seopress_robots_primary_cat":"","_seopress_titles_title":"Best Braided Charging Cable - Farsince","_seopress_titles_desc":"","_seopress_robots_index":"","site-sidebar-layout":"default","site-content-layout":"default","ast-site-content-layout":"default","site-content-style":"default","site-sidebar-style":"default","ast-global-header-display":"","ast-banner-title-visibility":"","ast-main-header-display":"","ast-hfb-above-header-display":"","ast-hfb-below-header-display":"","ast-hfb-mobile-header-display":"","site-post-title":"","ast-breadcrumbs-content":"","ast-featured-img":"","footer-sml-layout":"","ast-disable-related-posts":"","theme-transparent-header-meta":"default","adv-header-id-meta":"","stick-header-meta":"","header-above-stick-meta":"","header-main-stick-meta":"","header-below-stick-meta":"","astra-migrate-meta-layouts":"default","ast-page-background-enabled":"default","ast-page-background-meta":{"desktop":{"background-color":"","background-image":"","background-repeat":"repeat","background-position":"center center","background-size":"auto","background-attachment":"scroll","background-type":"","background-media":"","overlay-type":"","overlay-color":"","overlay-opacity":"","overlay-gradient":""},"tablet":{"background-color":"","background-image":"","background-repeat":"repeat","background-position":"center center","background-size":"auto","background-attachment":"scroll","background-type":"","background-media":"","overlay-type":"","overlay-color":"","overlay-opacity":"","overlay-gradient":""},"mobile":{"background-color":"","background-image":"","background-repeat":"repeat","background-position":"center center","background-size":"auto","background-attachment":"scroll","background-type":"","background-media":"","overlay-type":"","overlay-color":"","overlay-opacity":"","overlay-gradient":""}},"ast-content-background-meta":{"desktop":{"background-color":"var(--ast-global-color-5)","background-image":"","background-repeat":"repeat","background-position":"center center","background-size":"auto","background-attachment":"scroll","background-type":"","background-media":"","overlay-type":"","overlay-color":"","overlay-opacity":"","overlay-gradient":""},"tablet":{"background-color":"var(--ast-global-color-5)","background-image":"","background-repeat":"repeat","background-position":"center center","background-size":"auto","background-attachment":"scroll","background-type":"","background-media":"","overlay-type":"","overlay-color":"","overlay-opacity":"","overlay-gradient":""},"mobile":{"background-color":"var(--ast-global-color-5)","background-image":"","background-repeat":"repeat","background-position":"center center","background-size":"auto","background-attachment":"scroll","background-type":"","background-media":"","overlay-type":"","overlay-color":"","overlay-opacity":"","overlay-gradient":""}},"iawp_total_views":11},"product_brand":[],"product_cat":[636],"product_tag":[],"class_list":{"0":"post-16450","1":"product","2":"type-product","3":"status-publish","4":"has-post-thumbnail","6":"product_cat-usb-2-0-cables","7":"desktop-align-left","8":"tablet-align-left","9":"mobile-align-left","11":"first","12":"instock","13":"shipping-taxable","14":"purchasable","15":"product-type-simple"},"acf":[],"_links":{"self":[{"href":"https:\/\/www.fjpremium.com\/es\/wp-json\/wp\/v2\/product\/16450","targetHints":{"allow":["GET"]}}],"collection":[{"href":"https:\/\/www.fjpremium.com\/es\/wp-json\/wp\/v2\/product"}],"about":[{"href":"https:\/\/www.fjpremium.com\/es\/wp-json\/wp\/v2\/types\/product"}],"wp:featuredmedia":[{"embeddable":true,"href":"https:\/\/www.fjpremium.com\/es\/wp-json\/wp\/v2\/media\/16451"}],"wp:attachment":[{"href":"https:\/\/www.fjpremium.com\/es\/wp-json\/wp\/v2\/media?parent=16450"}],"wp:term":[{"taxonomy":"product_brand","embeddable":true,"href":"https:\/\/www.fjpremium.com\/es\/wp-json\/wp\/v2\/product_brand?post=16450"},{"taxonomy":"product_cat","embeddable":true,"href":"https:\/\/www.fjpremium.com\/es\/wp-json\/wp\/v2\/product_cat?post=16450"},{"taxonomy":"product_tag","embeddable":true,"href":"https:\/\/www.fjpremium.com\/es\/wp-json\/wp\/v2\/product_tag?post=16450"}],"curies":[{"name":"wp","href":"https:\/\/api.w.org\/{rel}","templated":true}]}}