{"id":16428,"date":"2020-09-09T16:13:36","date_gmt":"2020-09-09T08:13:36","guid":{"rendered":"https:\/\/www.fjpremium.com\/?post_type=product&#038;p=16428"},"modified":"2023-05-24T14:21:43","modified_gmt":"2023-05-24T06:21:43","slug":"high-quality-lfh59-dms-59-to-dual-vga-female-y-splitter-graphics-card-monitor-cable","status":"publish","type":"product","link":"https:\/\/www.fjpremium.com\/es\/product\/high-quality-lfh59-dms-59-to-dual-vga-female-y-splitter-graphics-card-monitor-cable\/","title":{"rendered":"LFH59 (DMS-59) a doble VGA hembra Y Splitter Monitor Tarjeta gr\u00e1fica Cable"},"content":{"rendered":"<p>Meticulosamente dise\u00f1ado para ofrecer un rendimiento excepcional, nuestro cable de tarjeta gr\u00e1fica le permite conectar sin problemas dos monitores DisplayPort a su tarjeta gr\u00e1fica equipada con DMS\/LFH.<\/p>\n<p>Lo que diferencia a este cable de tarjeta gr\u00e1fica es su compatibilidad con una amplia gama de tarjetas de v\u00eddeo DMS-59. Admite altas resoluciones de hasta 4k x 2k (3840 x 2160) y ofrece un ancho de banda HBR2 m\u00e1ximo de 21,6 Gbps.<\/p>\n<p>Adem\u00e1s, es compatible con tarjetas gr\u00e1ficas DMS\/LFH 59 o DMS\/LFH 60, y admite marcas populares como Matrox, NVIDIA, PNY, ATI y HP.<\/p>\n<p>Adem\u00e1s de su versatilidad, ofrecemos una selecci\u00f3n de cables divisores DMS59, incluidas opciones para HDMI dual, DVI dual, VGA dual y DVI+VGA.<\/p>\n<p>Esta gama de ofertas le permite personalizar su configuraci\u00f3n en funci\u00f3n de sus necesidades espec\u00edficas.<\/p>\n<p>Los conectores moldeados de calidad superior de nuestro cable garantizan la longevidad, mientras que la robusta construcci\u00f3n moldeada, combinada con los contactos chapados en oro y el conductor de cobre desnudo del cable, garantizan un rendimiento fiable.<\/p>\n<p>Adem\u00e1s, el cable cuenta con un conector DMS 59 pines macho y un conector DisplayPort 20P hembra de 2 puertos, HDMI hembra de 2 puertos, DVI hembra de 2 puertos, VGA hembra de 2 puertos o DVI hembra+ VGA hembra.<\/p>\n<p>Est\u00e1 aislado con PE SKIN\/HDPE espumado y cuenta con un calibre de cable de 28AWG.<\/p>\n<p>Est\u00e1 triplemente apantallado con papel de aluminio de par trenzado, papel de aluminio general y trenzado para una protecci\u00f3n robusta.<\/p>\n<p>La carcasa es de pl\u00e1stico moldeado por inyecci\u00f3n, y la cubierta es de PVC, con un di\u00e1metro exterior de 7,3\u00b10,2 mm.<\/p>\n<p>Tambi\u00e9n cumple las normas RoHS y REACH, lo que da fe de su seguridad y calidad.<\/p>\n<p>En resumen, elija este cable de tarjeta gr\u00e1fica para disfrutar de una experiencia digital mejorada y de alta resoluci\u00f3n.<\/p>\n<h2>Descargar:<\/h2>\n<ul>\n<li>Ficha de datos del cable de monitor de tarjeta gr\u00e1fica DMS-59 Y Spliter<\/li>\n<\/ul>\n<h2>Informaci\u00f3n sobre pedidos:<\/h2>\n<ul>\n<li>FS12601: DMS-59 a doble DisplayPort hembra cable divisor, 0,25M<\/li>\n<li>FS12602: DMS-59 a doble HDMI hembra cable divisor, 0,25M<\/li>\n<li>FS12603: DMS-59 a Dual DVI-I Dual link Hembra Spliter Cable, 0.25M<\/li>\n<li>FS12604: DMS-59 a doble VGA hembra cable divisor, 0,25M<\/li>\n<li>FS12605: Cable divisor de DMS-59 a DVI hembra + VGA hembra, 0,25M<\/li>\n<\/ul>","protected":false},"excerpt":{"rendered":"<p>Mejore su experiencia digital con el cable para tarjeta gr\u00e1fica divisor en Y LFH59 (DMS-59) a VGA hembra de alta calidad de FARSINCE.<\/p>","protected":false},"featured_media":16441,"template":"","meta":{"_acf_changed":false,"_seopress_robots_primary_cat":"","_seopress_titles_title":"Y Splitter Monitor Graphics Card Cable - Farsince","_seopress_titles_desc":"","_seopress_robots_index":"","site-sidebar-layout":"default","site-content-layout":"default","ast-site-content-layout":"default","site-content-style":"default","site-sidebar-style":"default","ast-global-header-display":"","ast-banner-title-visibility":"","ast-main-header-display":"","ast-hfb-above-header-display":"","ast-hfb-below-header-display":"","ast-hfb-mobile-header-display":"","site-post-title":"","ast-breadcrumbs-content":"","ast-featured-img":"","footer-sml-layout":"","ast-disable-related-posts":"","theme-transparent-header-meta":"default","adv-header-id-meta":"","stick-header-meta":"","header-above-stick-meta":"","header-main-stick-meta":"","header-below-stick-meta":"","astra-migrate-meta-layouts":"default","ast-page-background-enabled":"default","ast-page-background-meta":{"desktop":{"background-color":"","background-image":"","background-repeat":"repeat","background-position":"center center","background-size":"auto","background-attachment":"scroll","background-type":"","background-media":"","overlay-type":"","overlay-color":"","overlay-opacity":"","overlay-gradient":""},"tablet":{"background-color":"","background-image":"","background-repeat":"repeat","background-position":"center center","background-size":"auto","background-attachment":"scroll","background-type":"","background-media":"","overlay-type":"","overlay-color":"","overlay-opacity":"","overlay-gradient":""},"mobile":{"background-color":"","background-image":"","background-repeat":"repeat","background-position":"center center","background-size":"auto","background-attachment":"scroll","background-type":"","background-media":"","overlay-type":"","overlay-color":"","overlay-opacity":"","overlay-gradient":""}},"ast-content-background-meta":{"desktop":{"background-color":"var(--ast-global-color-5)","background-image":"","background-repeat":"repeat","background-position":"center center","background-size":"auto","background-attachment":"scroll","background-type":"","background-media":"","overlay-type":"","overlay-color":"","overlay-opacity":"","overlay-gradient":""},"tablet":{"background-color":"var(--ast-global-color-5)","background-image":"","background-repeat":"repeat","background-position":"center center","background-size":"auto","background-attachment":"scroll","background-type":"","background-media":"","overlay-type":"","overlay-color":"","overlay-opacity":"","overlay-gradient":""},"mobile":{"background-color":"var(--ast-global-color-5)","background-image":"","background-repeat":"repeat","background-position":"center center","background-size":"auto","background-attachment":"scroll","background-type":"","background-media":"","overlay-type":"","overlay-color":"","overlay-opacity":"","overlay-gradient":""}},"iawp_total_views":24},"product_brand":[],"product_cat":[212],"product_tag":[],"class_list":{"0":"post-16428","1":"product","2":"type-product","3":"status-publish","4":"has-post-thumbnail","6":"product_cat-displayport","7":"desktop-align-left","8":"tablet-align-left","9":"mobile-align-left","11":"first","12":"instock","13":"shipping-taxable","14":"purchasable","15":"product-type-simple"},"acf":[],"_links":{"self":[{"href":"https:\/\/www.fjpremium.com\/es\/wp-json\/wp\/v2\/product\/16428","targetHints":{"allow":["GET"]}}],"collection":[{"href":"https:\/\/www.fjpremium.com\/es\/wp-json\/wp\/v2\/product"}],"about":[{"href":"https:\/\/www.fjpremium.com\/es\/wp-json\/wp\/v2\/types\/product"}],"wp:featuredmedia":[{"embeddable":true,"href":"https:\/\/www.fjpremium.com\/es\/wp-json\/wp\/v2\/media\/16441"}],"wp:attachment":[{"href":"https:\/\/www.fjpremium.com\/es\/wp-json\/wp\/v2\/media?parent=16428"}],"wp:term":[{"taxonomy":"product_brand","embeddable":true,"href":"https:\/\/www.fjpremium.com\/es\/wp-json\/wp\/v2\/product_brand?post=16428"},{"taxonomy":"product_cat","embeddable":true,"href":"https:\/\/www.fjpremium.com\/es\/wp-json\/wp\/v2\/product_cat?post=16428"},{"taxonomy":"product_tag","embeddable":true,"href":"https:\/\/www.fjpremium.com\/es\/wp-json\/wp\/v2\/product_tag?post=16428"}],"curies":[{"name":"wp","href":"https:\/\/api.w.org\/{rel}","templated":true}]}}