{"id":16427,"date":"2020-09-09T16:13:33","date_gmt":"2020-09-09T08:13:33","guid":{"rendered":"https:\/\/www.fjpremium.com\/?post_type=product&#038;p=16427"},"modified":"2023-10-07T13:54:53","modified_gmt":"2023-10-07T05:54:53","slug":"high-quality-lfh59-dms-59-to-dual-dvi-i-dual-link-female-y-splitter-graphics-card-monitor-cable","status":"publish","type":"product","link":"https:\/\/www.fjpremium.com\/es\/product\/high-quality-lfh59-dms-59-to-dual-dvi-i-dual-link-female-y-splitter-graphics-card-monitor-cable\/","title":{"rendered":"De alta calidad LFH59 (DMS-59) a Dual DVI-I Dual link hembra Y Splitter Tarjeta Gr\u00e1fica Monitor Cable"},"content":{"rendered":"<p>Perfectamente dise\u00f1ado para conectar dos monitores DisplayPort a su tarjeta gr\u00e1fica equipada con DMS\/LFH, el cable ofrece asombrosas resoluciones 4K x 2K (3840 x 2160) y admite un ancho de banda HBR2 m\u00e1ximo de 21,6 Gbps.<\/p>\n<p>Compatible con la mayor\u00eda de las tarjetas de v\u00eddeo DMS-59, incluidas Matrox, NVIDIA, PNY, ATI y HP, abre las puertas a la visualizaci\u00f3n en ultra alta definici\u00f3n.<\/p>\n<p>Satisfacemos diversas necesidades ofreciendo cables divisores de DMS59 a HDMI dual, DVI, VGA y DVI+VGA.<\/p>\n<p>Adem\u00e1s, los conectores moldeados de calidad superior, los contactos chapados en oro y la robusta construcci\u00f3n moldeada de nuestro cable para monitor de tarjeta gr\u00e1fica prometen longevidad y rendimiento constante.<\/p>\n<p>Sus especificaciones:<\/p>\n<ul>\n<li>Conductor del cable: Cobre desnudo<\/li>\n<li>Aislamiento: PE SKIN\/HDPE espumado<\/li>\n<li>Calibre del cable: 28AWG<\/li>\n<li>Triple apantallado: par trenzado de papel de aluminio, papel de aluminio general, trenzado<\/li>\n<li>Carcasa: Moldeo por inyecci\u00f3n de pl\u00e1stico<\/li>\n<li>Cubierta: PVC<\/li>\n<li>Di\u00e1metro exterior: 7,3\u00b10,2 mm<\/li>\n<li>Conformidad: RoHS, REACH<\/li>\n<\/ul>\n<p>En conclusi\u00f3n, p\u00f3ngase en contacto con nosotros hoy mismo e invierta en ella para experimentar el verdadero poder de la imagen de alta calidad.<\/p>\n<p>&nbsp;<\/p>","protected":false},"excerpt":{"rendered":"<p>Libere un rendimiento gr\u00e1fico superior con el cable de monitor de tarjeta gr\u00e1fica divisor en Y de FARSINCE, que admite im\u00e1genes de alta definici\u00f3n con una resoluci\u00f3n de hasta 4K x 2K.<\/p>","protected":false},"featured_media":16440,"template":"","meta":{"_acf_changed":false,"_seopress_robots_primary_cat":"","_seopress_titles_title":"Y Splitter Graphics Card Monitor Cable - Farsince","_seopress_titles_desc":"","_seopress_robots_index":"","_seopress_analysis_target_kw":"Graphics Card Monitor Cable","site-sidebar-layout":"default","site-content-layout":"default","ast-site-content-layout":"default","site-content-style":"default","site-sidebar-style":"default","ast-global-header-display":"","ast-banner-title-visibility":"","ast-main-header-display":"","ast-hfb-above-header-display":"","ast-hfb-below-header-display":"","ast-hfb-mobile-header-display":"","site-post-title":"","ast-breadcrumbs-content":"","ast-featured-img":"","footer-sml-layout":"","ast-disable-related-posts":"","theme-transparent-header-meta":"default","adv-header-id-meta":"","stick-header-meta":"","header-above-stick-meta":"","header-main-stick-meta":"","header-below-stick-meta":"","astra-migrate-meta-layouts":"set","ast-page-background-enabled":"default","ast-page-background-meta":{"desktop":{"background-color":"","background-image":"","background-repeat":"repeat","background-position":"center center","background-size":"auto","background-attachment":"scroll","background-type":"","background-media":"","overlay-type":"","overlay-color":"","overlay-opacity":"","overlay-gradient":""},"tablet":{"background-color":"","background-image":"","background-repeat":"repeat","background-position":"center center","background-size":"auto","background-attachment":"scroll","background-type":"","background-media":"","overlay-type":"","overlay-color":"","overlay-opacity":"","overlay-gradient":""},"mobile":{"background-color":"","background-image":"","background-repeat":"repeat","background-position":"center center","background-size":"auto","background-attachment":"scroll","background-type":"","background-media":"","overlay-type":"","overlay-color":"","overlay-opacity":"","overlay-gradient":""}},"ast-content-background-meta":{"desktop":{"background-color":"var(--ast-global-color-5)","background-image":"","background-repeat":"repeat","background-position":"center center","background-size":"auto","background-attachment":"scroll","background-type":"","background-media":"","overlay-type":"","overlay-color":"","overlay-opacity":"","overlay-gradient":""},"tablet":{"background-color":"var(--ast-global-color-5)","background-image":"","background-repeat":"repeat","background-position":"center center","background-size":"auto","background-attachment":"scroll","background-type":"","background-media":"","overlay-type":"","overlay-color":"","overlay-opacity":"","overlay-gradient":""},"mobile":{"background-color":"var(--ast-global-color-5)","background-image":"","background-repeat":"repeat","background-position":"center center","background-size":"auto","background-attachment":"scroll","background-type":"","background-media":"","overlay-type":"","overlay-color":"","overlay-opacity":"","overlay-gradient":""}},"iawp_total_views":8},"product_brand":[],"product_cat":[212],"product_tag":[],"class_list":{"0":"post-16427","1":"product","2":"type-product","3":"status-publish","4":"has-post-thumbnail","6":"product_cat-displayport","7":"desktop-align-left","8":"tablet-align-left","9":"mobile-align-left","11":"first","12":"instock","13":"shipping-taxable","14":"purchasable","15":"product-type-simple"},"acf":[],"_links":{"self":[{"href":"https:\/\/www.fjpremium.com\/es\/wp-json\/wp\/v2\/product\/16427","targetHints":{"allow":["GET"]}}],"collection":[{"href":"https:\/\/www.fjpremium.com\/es\/wp-json\/wp\/v2\/product"}],"about":[{"href":"https:\/\/www.fjpremium.com\/es\/wp-json\/wp\/v2\/types\/product"}],"wp:featuredmedia":[{"embeddable":true,"href":"https:\/\/www.fjpremium.com\/es\/wp-json\/wp\/v2\/media\/16440"}],"wp:attachment":[{"href":"https:\/\/www.fjpremium.com\/es\/wp-json\/wp\/v2\/media?parent=16427"}],"wp:term":[{"taxonomy":"product_brand","embeddable":true,"href":"https:\/\/www.fjpremium.com\/es\/wp-json\/wp\/v2\/product_brand?post=16427"},{"taxonomy":"product_cat","embeddable":true,"href":"https:\/\/www.fjpremium.com\/es\/wp-json\/wp\/v2\/product_cat?post=16427"},{"taxonomy":"product_tag","embeddable":true,"href":"https:\/\/www.fjpremium.com\/es\/wp-json\/wp\/v2\/product_tag?post=16427"}],"curies":[{"name":"wp","href":"https:\/\/api.w.org\/{rel}","templated":true}]}}