{"id":16426,"date":"2020-09-09T16:13:32","date_gmt":"2020-09-09T08:13:32","guid":{"rendered":"https:\/\/www.fjpremium.com\/?post_type=product&#038;p=16426"},"modified":"2023-10-07T14:13:15","modified_gmt":"2023-10-07T06:13:15","slug":"high-quality-lfh59-dms-59-to-hdmi-female-y-splitter-graphics-card-monitor-cable","status":"publish","type":"product","link":"https:\/\/www.fjpremium.com\/es\/product\/high-quality-lfh59-dms-59-to-hdmi-female-y-splitter-graphics-card-monitor-cable\/","title":{"rendered":"De alta calidad LFH59 (DMS-59) a HDMI hembra Y Splitter Cable Monitor"},"content":{"rendered":"<p>Fabricado con precisi\u00f3n y delicadeza, nuestro cable cuenta con conectores moldeados de calidad superior que garantizan un rendimiento duradero. Su robusta construcci\u00f3n y sus contactos chapados en oro garantizan su fiabilidad.<\/p>\n<p>Lo que realmente diferencia a este cable de monitor con divisor en Y es su compatibilidad con altas resoluciones de hasta 4k x 2k (3840 x 2160), lo que ofrece una claridad y unos efectos visuales impresionantes que dejan un impacto duradero.<\/p>\n<p>Con un ancho de banda HBR2 m\u00e1ximo de 21,6 Gbps, est\u00e1 equipado para gestionar incluso las tareas m\u00e1s exigentes.<\/p>\n<p>Sus especificaciones<\/p>\n<ul>\n<li>Conductor del cable: Cobre desnudo<\/li>\n<li>Aislamiento: PE SKIN\/HDPE espumado<\/li>\n<li>Calibre del cable: 28AWG<\/li>\n<li>Triple apantallado: par trenzado de papel de aluminio, papel de aluminio general, trenzado<\/li>\n<li>Carcasa: Moldeo por inyecci\u00f3n de pl\u00e1stico<\/li>\n<li>Cubierta: PVC<\/li>\n<li>Di\u00e1metro exterior: 7,3\u00b10,2 mm<\/li>\n<li>Conformidad: RoHS, REACH<\/li>\n<\/ul>\n<p>Adem\u00e1s, al ser compatible con tarjetas gr\u00e1ficas DMS\/LFH 59 o DMS\/LFH 60, incluidas marcas de renombre como Matrox, NVIDIA, PNY, ATI y HP, garantiza una integraci\u00f3n perfecta en la configuraci\u00f3n existente.<\/p>\n<p>En general, p\u00f3ngase en contacto con nosotros hoy mismo y actualice su colecci\u00f3n mayorista con este cable de primera calidad.<\/p>","protected":false},"excerpt":{"rendered":"<p>Libere todo el potencial de la tarjeta gr\u00e1fica equipada con DMS\/LFH con el cable de monitor divisor en Y, que conecta a la perfecci\u00f3n dos monitores DisplayPort a su sistema.<\/p>","protected":false},"featured_media":16439,"template":"","meta":{"_acf_changed":false,"_seopress_robots_primary_cat":"","_seopress_titles_title":"LFH59 (DMS-59) to HDMI female Y Splitter Monitor Cable - Farsince","_seopress_titles_desc":"","_seopress_robots_index":"","site-sidebar-layout":"default","site-content-layout":"default","ast-site-content-layout":"default","site-content-style":"default","site-sidebar-style":"default","ast-global-header-display":"","ast-banner-title-visibility":"","ast-main-header-display":"","ast-hfb-above-header-display":"","ast-hfb-below-header-display":"","ast-hfb-mobile-header-display":"","site-post-title":"","ast-breadcrumbs-content":"","ast-featured-img":"","footer-sml-layout":"","ast-disable-related-posts":"","theme-transparent-header-meta":"default","adv-header-id-meta":"","stick-header-meta":"","header-above-stick-meta":"","header-main-stick-meta":"","header-below-stick-meta":"","astra-migrate-meta-layouts":"set","ast-page-background-enabled":"default","ast-page-background-meta":{"desktop":{"background-color":"","background-image":"","background-repeat":"repeat","background-position":"center center","background-size":"auto","background-attachment":"scroll","background-type":"","background-media":"","overlay-type":"","overlay-color":"","overlay-opacity":"","overlay-gradient":""},"tablet":{"background-color":"","background-image":"","background-repeat":"repeat","background-position":"center center","background-size":"auto","background-attachment":"scroll","background-type":"","background-media":"","overlay-type":"","overlay-color":"","overlay-opacity":"","overlay-gradient":""},"mobile":{"background-color":"","background-image":"","background-repeat":"repeat","background-position":"center center","background-size":"auto","background-attachment":"scroll","background-type":"","background-media":"","overlay-type":"","overlay-color":"","overlay-opacity":"","overlay-gradient":""}},"ast-content-background-meta":{"desktop":{"background-color":"var(--ast-global-color-5)","background-image":"","background-repeat":"repeat","background-position":"center center","background-size":"auto","background-attachment":"scroll","background-type":"","background-media":"","overlay-type":"","overlay-color":"","overlay-opacity":"","overlay-gradient":""},"tablet":{"background-color":"var(--ast-global-color-5)","background-image":"","background-repeat":"repeat","background-position":"center center","background-size":"auto","background-attachment":"scroll","background-type":"","background-media":"","overlay-type":"","overlay-color":"","overlay-opacity":"","overlay-gradient":""},"mobile":{"background-color":"var(--ast-global-color-5)","background-image":"","background-repeat":"repeat","background-position":"center center","background-size":"auto","background-attachment":"scroll","background-type":"","background-media":"","overlay-type":"","overlay-color":"","overlay-opacity":"","overlay-gradient":""}},"iawp_total_views":11},"product_brand":[],"product_cat":[212],"product_tag":[],"class_list":{"0":"post-16426","1":"product","2":"type-product","3":"status-publish","4":"has-post-thumbnail","6":"product_cat-displayport","7":"desktop-align-left","8":"tablet-align-left","9":"mobile-align-left","11":"first","12":"instock","13":"shipping-taxable","14":"purchasable","15":"product-type-simple"},"acf":[],"_links":{"self":[{"href":"https:\/\/www.fjpremium.com\/es\/wp-json\/wp\/v2\/product\/16426","targetHints":{"allow":["GET"]}}],"collection":[{"href":"https:\/\/www.fjpremium.com\/es\/wp-json\/wp\/v2\/product"}],"about":[{"href":"https:\/\/www.fjpremium.com\/es\/wp-json\/wp\/v2\/types\/product"}],"wp:featuredmedia":[{"embeddable":true,"href":"https:\/\/www.fjpremium.com\/es\/wp-json\/wp\/v2\/media\/16439"}],"wp:attachment":[{"href":"https:\/\/www.fjpremium.com\/es\/wp-json\/wp\/v2\/media?parent=16426"}],"wp:term":[{"taxonomy":"product_brand","embeddable":true,"href":"https:\/\/www.fjpremium.com\/es\/wp-json\/wp\/v2\/product_brand?post=16426"},{"taxonomy":"product_cat","embeddable":true,"href":"https:\/\/www.fjpremium.com\/es\/wp-json\/wp\/v2\/product_cat?post=16426"},{"taxonomy":"product_tag","embeddable":true,"href":"https:\/\/www.fjpremium.com\/es\/wp-json\/wp\/v2\/product_tag?post=16426"}],"curies":[{"name":"wp","href":"https:\/\/api.w.org\/{rel}","templated":true}]}}