{"id":16425,"date":"2020-09-09T16:13:31","date_gmt":"2020-09-09T08:13:31","guid":{"rendered":"https:\/\/www.fjpremium.com\/?post_type=product&#038;p=16425"},"modified":"2023-10-07T17:19:27","modified_gmt":"2023-10-07T09:19:27","slug":"high-quality-lfh59-dms-59-to-dual-displayport-female-y-splitter-graphics-card-monitor-cable","status":"publish","type":"product","link":"https:\/\/www.fjpremium.com\/es\/product\/high-quality-lfh59-dms-59-to-dual-displayport-female-y-splitter-graphics-card-monitor-cable\/","title":{"rendered":"LFH59 (DMS-59) a Dual DisplayPort hembra Y Splitter Cables para Monitores"},"content":{"rendered":"<p>Dise\u00f1ados espec\u00edficamente para conectar sin problemas dos monitores DisplayPort a tarjetas gr\u00e1ficas equipadas con DMS\/LFH, estos cables para monitores le garantizan el verdadero poder de unas im\u00e1genes superiores.<\/p>\n<p>Con capacidad para soportar impresionantes resoluciones de hasta 4k x 2k (3840 x 2160), garantizan una experiencia visual envolvente con la ayuda de un s\u00f3lido ancho de banda HBR2 de 21,6 Gbps.<\/p>\n<p>Adem\u00e1s, la compatibilidad es enorme, desde marcas de tarjetas gr\u00e1ficas de renombre como Matrox hasta NVIDIA y ATI.<\/p>\n<p>Gracias a sus contactos chapados en oro y a su robusta construcci\u00f3n moldeada, los cables son duraderos y fiables.<\/p>\n<p>Sus especificaciones:<\/p>\n<ul>\n<li>Conductor del cable: Cobre desnudo<\/li>\n<li>Aislamiento: PE SKIN\/HDPE espumado<\/li>\n<li>Calibre del cable: 28AWG<\/li>\n<li>Triple apantallado: par trenzado de papel de aluminio, papel de aluminio general, trenzado<\/li>\n<li>Carcasa: Moldeo por inyecci\u00f3n de pl\u00e1stico<\/li>\n<li>Cubierta: PVC<\/li>\n<li>Di\u00e1metro exterior: 7,3\u00b10,2 mm<\/li>\n<li>Conformidad: RoHS, REACH<\/li>\n<\/ul>\n<p>Ampl\u00ede sus capacidades de visualizaci\u00f3n con opciones adicionales, ya que tambi\u00e9n ofrecemos variantes para cables divisores dobles HDMI, DVI, VGA y DVI+VGA. As\u00ed pues, p\u00f3ngase en contacto con nosotros hoy mismo y solic\u00edtelos.<\/p>","protected":false},"excerpt":{"rendered":"<p>Aproveche la potencia de los cables divisores DisplayPort a LFH59 de alta calidad de FARSINCE para monitores, lo que garantiza la compatibilidad con las principales marcas de tarjetas gr\u00e1ficas.<\/p>","protected":false},"featured_media":16429,"template":"","meta":{"_acf_changed":false,"_seopress_robots_primary_cat":"","_seopress_titles_title":"Best Y Splitter Cables for Monitors - Farsince","_seopress_titles_desc":"","_seopress_robots_index":"","site-sidebar-layout":"default","site-content-layout":"default","ast-site-content-layout":"default","site-content-style":"default","site-sidebar-style":"default","ast-global-header-display":"","ast-banner-title-visibility":"","ast-main-header-display":"","ast-hfb-above-header-display":"","ast-hfb-below-header-display":"","ast-hfb-mobile-header-display":"","site-post-title":"","ast-breadcrumbs-content":"","ast-featured-img":"","footer-sml-layout":"","ast-disable-related-posts":"","theme-transparent-header-meta":"default","adv-header-id-meta":"","stick-header-meta":"","header-above-stick-meta":"","header-main-stick-meta":"","header-below-stick-meta":"","astra-migrate-meta-layouts":"set","ast-page-background-enabled":"default","ast-page-background-meta":{"desktop":{"background-color":"","background-image":"","background-repeat":"repeat","background-position":"center center","background-size":"auto","background-attachment":"scroll","background-type":"","background-media":"","overlay-type":"","overlay-color":"","overlay-opacity":"","overlay-gradient":""},"tablet":{"background-color":"","background-image":"","background-repeat":"repeat","background-position":"center center","background-size":"auto","background-attachment":"scroll","background-type":"","background-media":"","overlay-type":"","overlay-color":"","overlay-opacity":"","overlay-gradient":""},"mobile":{"background-color":"","background-image":"","background-repeat":"repeat","background-position":"center center","background-size":"auto","background-attachment":"scroll","background-type":"","background-media":"","overlay-type":"","overlay-color":"","overlay-opacity":"","overlay-gradient":""}},"ast-content-background-meta":{"desktop":{"background-color":"var(--ast-global-color-5)","background-image":"","background-repeat":"repeat","background-position":"center center","background-size":"auto","background-attachment":"scroll","background-type":"","background-media":"","overlay-type":"","overlay-color":"","overlay-opacity":"","overlay-gradient":""},"tablet":{"background-color":"var(--ast-global-color-5)","background-image":"","background-repeat":"repeat","background-position":"center center","background-size":"auto","background-attachment":"scroll","background-type":"","background-media":"","overlay-type":"","overlay-color":"","overlay-opacity":"","overlay-gradient":""},"mobile":{"background-color":"var(--ast-global-color-5)","background-image":"","background-repeat":"repeat","background-position":"center center","background-size":"auto","background-attachment":"scroll","background-type":"","background-media":"","overlay-type":"","overlay-color":"","overlay-opacity":"","overlay-gradient":""}},"iawp_total_views":6},"product_brand":[],"product_cat":[212],"product_tag":[],"class_list":{"0":"post-16425","1":"product","2":"type-product","3":"status-publish","4":"has-post-thumbnail","6":"product_cat-displayport","7":"desktop-align-left","8":"tablet-align-left","9":"mobile-align-left","11":"first","12":"instock","13":"shipping-taxable","14":"purchasable","15":"product-type-simple"},"acf":[],"_links":{"self":[{"href":"https:\/\/www.fjpremium.com\/es\/wp-json\/wp\/v2\/product\/16425","targetHints":{"allow":["GET"]}}],"collection":[{"href":"https:\/\/www.fjpremium.com\/es\/wp-json\/wp\/v2\/product"}],"about":[{"href":"https:\/\/www.fjpremium.com\/es\/wp-json\/wp\/v2\/types\/product"}],"wp:featuredmedia":[{"embeddable":true,"href":"https:\/\/www.fjpremium.com\/es\/wp-json\/wp\/v2\/media\/16429"}],"wp:attachment":[{"href":"https:\/\/www.fjpremium.com\/es\/wp-json\/wp\/v2\/media?parent=16425"}],"wp:term":[{"taxonomy":"product_brand","embeddable":true,"href":"https:\/\/www.fjpremium.com\/es\/wp-json\/wp\/v2\/product_brand?post=16425"},{"taxonomy":"product_cat","embeddable":true,"href":"https:\/\/www.fjpremium.com\/es\/wp-json\/wp\/v2\/product_cat?post=16425"},{"taxonomy":"product_tag","embeddable":true,"href":"https:\/\/www.fjpremium.com\/es\/wp-json\/wp\/v2\/product_tag?post=16425"}],"curies":[{"name":"wp","href":"https:\/\/api.w.org\/{rel}","templated":true}]}}