{"id":16411,"date":"2020-09-09T16:09:45","date_gmt":"2020-09-09T08:09:45","guid":{"rendered":"https:\/\/www.fjpremium.com\/?post_type=product&#038;p=16411"},"modified":"2023-10-07T17:22:22","modified_gmt":"2023-10-07T09:22:22","slug":"mini-displayport-1-2-thunderbolt-2-to-displayport-coupler-mini-dp-to-dp-adapter-4k-60hz","status":"publish","type":"product","link":"https:\/\/www.fjpremium.com\/es\/product\/mini-displayport-1-2-thunderbolt-2-to-displayport-coupler-mini-dp-to-dp-adapter-4k-60hz\/","title":{"rendered":"Mini DisplayPort 1.2 (Thunderbolt 2) a DisplayPort Acoplador Mini DP Adaptador 4K 60hz"},"content":{"rendered":"<p>Dise\u00f1ado por expertos, el acoplador adaptador facilita la conexi\u00f3n de v\u00eddeo desde un Chromebook o port\u00e1til equipado con mini DisplayPort directamente a pantallas con entradas DisplayPort.<\/p>\n<p>Proporciona unos efectos visuales incomparables con soporte para resoluciones tan altas como 4K@30 (3840\u00d72160, Ultra HD) y 1080P (Full HD). Y puedes sumergirte en audio sin p\u00e9rdidas, desde formatos 7.1 a 2 canales.<\/p>\n<p>Fabricado para cumplir los est\u00e1ndares DisplayPort 1.2, nuestro adaptador mini DP garantiza un rendimiento \u00f3ptimo para aplicaciones de gama alta. Se trata de un adaptador unidireccional dise\u00f1ado exclusivamente para conversiones de Mini DisplayPort a HDMI.<\/p>\n<p>Para una integridad de se\u00f1al impecable, cuenta con conductores totalmente blindados resistentes a EMI\/RFI y conectores chapados en oro de 24 K.<\/p>\n<p>Sus especificaciones:<\/p>\n<ul>\n<li>Contacto dorado; carcasa dorada<\/li>\n<li>Carcasa: Carcasa ABS<\/li>\n<li>Chipset: ninguno<\/li>\n<li>Cubierta: PVC<\/li>\n<li>Conformidad: RoHS, REACH<\/li>\n<\/ul>\n<p>Adem\u00e1s, est\u00e1 respaldado por una garant\u00eda Farsince de 5 a\u00f1os. P\u00f3ngase en contacto con nosotros hoy mismo y a\u00f1ada este adaptador a su inventario.<\/p>","protected":false},"excerpt":{"rendered":"<p>Experimente una conectividad superior con el acoplador adaptador mini DP de FARSINCE, que admite hasta 4K@30 y garantiza v\u00eddeo y audio impecables.<\/p>","protected":false},"featured_media":16413,"template":"","meta":{"_acf_changed":false,"_seopress_robots_primary_cat":"","_seopress_titles_title":"Best Mini DP Adapter 4K 60hz - Farsince","_seopress_titles_desc":"","_seopress_robots_index":"","site-sidebar-layout":"default","site-content-layout":"default","ast-site-content-layout":"default","site-content-style":"default","site-sidebar-style":"default","ast-global-header-display":"","ast-banner-title-visibility":"","ast-main-header-display":"","ast-hfb-above-header-display":"","ast-hfb-below-header-display":"","ast-hfb-mobile-header-display":"","site-post-title":"","ast-breadcrumbs-content":"","ast-featured-img":"","footer-sml-layout":"","ast-disable-related-posts":"","theme-transparent-header-meta":"default","adv-header-id-meta":"","stick-header-meta":"","header-above-stick-meta":"","header-main-stick-meta":"","header-below-stick-meta":"","astra-migrate-meta-layouts":"set","ast-page-background-enabled":"default","ast-page-background-meta":{"desktop":{"background-color":"","background-image":"","background-repeat":"repeat","background-position":"center center","background-size":"auto","background-attachment":"scroll","background-type":"","background-media":"","overlay-type":"","overlay-color":"","overlay-opacity":"","overlay-gradient":""},"tablet":{"background-color":"","background-image":"","background-repeat":"repeat","background-position":"center center","background-size":"auto","background-attachment":"scroll","background-type":"","background-media":"","overlay-type":"","overlay-color":"","overlay-opacity":"","overlay-gradient":""},"mobile":{"background-color":"","background-image":"","background-repeat":"repeat","background-position":"center center","background-size":"auto","background-attachment":"scroll","background-type":"","background-media":"","overlay-type":"","overlay-color":"","overlay-opacity":"","overlay-gradient":""}},"ast-content-background-meta":{"desktop":{"background-color":"var(--ast-global-color-5)","background-image":"","background-repeat":"repeat","background-position":"center center","background-size":"auto","background-attachment":"scroll","background-type":"","background-media":"","overlay-type":"","overlay-color":"","overlay-opacity":"","overlay-gradient":""},"tablet":{"background-color":"var(--ast-global-color-5)","background-image":"","background-repeat":"repeat","background-position":"center center","background-size":"auto","background-attachment":"scroll","background-type":"","background-media":"","overlay-type":"","overlay-color":"","overlay-opacity":"","overlay-gradient":""},"mobile":{"background-color":"var(--ast-global-color-5)","background-image":"","background-repeat":"repeat","background-position":"center center","background-size":"auto","background-attachment":"scroll","background-type":"","background-media":"","overlay-type":"","overlay-color":"","overlay-opacity":"","overlay-gradient":""}},"iawp_total_views":4},"product_brand":[],"product_cat":[212],"product_tag":[],"class_list":{"0":"post-16411","1":"product","2":"type-product","3":"status-publish","4":"has-post-thumbnail","6":"product_cat-displayport","7":"desktop-align-left","8":"tablet-align-left","9":"mobile-align-left","11":"first","12":"instock","13":"shipping-taxable","14":"purchasable","15":"product-type-simple"},"acf":[],"_links":{"self":[{"href":"https:\/\/www.fjpremium.com\/es\/wp-json\/wp\/v2\/product\/16411","targetHints":{"allow":["GET"]}}],"collection":[{"href":"https:\/\/www.fjpremium.com\/es\/wp-json\/wp\/v2\/product"}],"about":[{"href":"https:\/\/www.fjpremium.com\/es\/wp-json\/wp\/v2\/types\/product"}],"wp:featuredmedia":[{"embeddable":true,"href":"https:\/\/www.fjpremium.com\/es\/wp-json\/wp\/v2\/media\/16413"}],"wp:attachment":[{"href":"https:\/\/www.fjpremium.com\/es\/wp-json\/wp\/v2\/media?parent=16411"}],"wp:term":[{"taxonomy":"product_brand","embeddable":true,"href":"https:\/\/www.fjpremium.com\/es\/wp-json\/wp\/v2\/product_brand?post=16411"},{"taxonomy":"product_cat","embeddable":true,"href":"https:\/\/www.fjpremium.com\/es\/wp-json\/wp\/v2\/product_cat?post=16411"},{"taxonomy":"product_tag","embeddable":true,"href":"https:\/\/www.fjpremium.com\/es\/wp-json\/wp\/v2\/product_tag?post=16411"}],"curies":[{"name":"wp","href":"https:\/\/api.w.org\/{rel}","templated":true}]}}