{"id":16402,"date":"2020-09-09T16:07:25","date_gmt":"2020-09-09T08:07:25","guid":{"rendered":"https:\/\/www.fjpremium.com\/?post_type=product&#038;p=16402"},"modified":"2023-10-07T17:23:48","modified_gmt":"2023-10-07T09:23:48","slug":"mini-displayport-mini-dp-thunderbolt-2-to-4k-hdmi-2-0-coupler-hdmi-out-to-displayport-in-adapter-up-to-4k-60hz","status":"publish","type":"product","link":"https:\/\/www.fjpremium.com\/es\/product\/mini-displayport-mini-dp-thunderbolt-2-to-4k-hdmi-2-0-coupler-hdmi-out-to-displayport-in-adapter-up-to-4k-60hz\/","title":{"rendered":"Mini DisplayPort Mini DP (Thunderbolt 2) a 4K HDMI 2.0 Acoplador Displayport a HDMI Adaptador 4k 60hz"},"content":{"rendered":"<p>Nuestro adaptador de alta calidad est\u00e1 dise\u00f1ado con precisi\u00f3n para conectar sin problemas su Chromebook o port\u00e1til con mini DisplayPort a pantallas HDMI.<\/p>\n<p>Transforma sin esfuerzo las se\u00f1ales de v\u00eddeo digital de Mini DisplayPort en HDMI, lo que permite disfrutar de im\u00e1genes ultran\u00edtidas de hasta 4K@30 (3840\u00d72160, Ultra HD) y 1080P (Full HD). Tambi\u00e9n garantiza una experiencia de audio impecable, compatible con 7.1, 5.1 o 2 canales digitales.<\/p>\n<p>Este adaptador, dise\u00f1ado conforme a las normas DisplayPort 1.2, satisface las exigencias de las aplicaciones de alto rendimiento.<\/p>\n<p>Con una construcci\u00f3n robusta, promete un rendimiento duradero. Los conductores totalmente blindados mantienen a raya las interferencias EMI\/RFI, mientras que los conectores chapados en oro de 24 K garantizan una integridad \u00f3ptima de la se\u00f1al.<\/p>\n<p>Sus especificaciones:<\/p>\n<ul>\n<li>Carcasa: Carcasa ABS<\/li>\n<li>Chipset: PS8121E<\/li>\n<li>Cubierta: PVC<\/li>\n<li>Conformidad: RoHS, REACH<\/li>\n<\/ul>\n<p>Adem\u00e1s, cuenta con la garant\u00eda de 2 a\u00f1os de FARSINCE. Por lo tanto, p\u00f3ngase en contacto con nosotros hoy mismo e invierta en el adaptador Displayport a HDMI 4k 60hz.<\/p>","protected":false},"excerpt":{"rendered":"<p>Presentamos el adaptador Displayport a HDMI 4k 60hz de FARSINCE, dise\u00f1ado con precisi\u00f3n para la excelencia y protegido por una garant\u00eda de 2 a\u00f1os.<\/p>","protected":false},"featured_media":16403,"template":"","meta":{"_acf_changed":false,"_seopress_robots_primary_cat":"","_seopress_titles_title":"Best Displayport to HDMI Adapter 4k 60hz - Farsince","_seopress_titles_desc":"","_seopress_robots_index":"","site-sidebar-layout":"default","site-content-layout":"default","ast-site-content-layout":"default","site-content-style":"default","site-sidebar-style":"default","ast-global-header-display":"","ast-banner-title-visibility":"","ast-main-header-display":"","ast-hfb-above-header-display":"","ast-hfb-below-header-display":"","ast-hfb-mobile-header-display":"","site-post-title":"","ast-breadcrumbs-content":"","ast-featured-img":"","footer-sml-layout":"","ast-disable-related-posts":"","theme-transparent-header-meta":"default","adv-header-id-meta":"","stick-header-meta":"","header-above-stick-meta":"","header-main-stick-meta":"","header-below-stick-meta":"","astra-migrate-meta-layouts":"set","ast-page-background-enabled":"default","ast-page-background-meta":{"desktop":{"background-color":"","background-image":"","background-repeat":"repeat","background-position":"center center","background-size":"auto","background-attachment":"scroll","background-type":"","background-media":"","overlay-type":"","overlay-color":"","overlay-opacity":"","overlay-gradient":""},"tablet":{"background-color":"","background-image":"","background-repeat":"repeat","background-position":"center center","background-size":"auto","background-attachment":"scroll","background-type":"","background-media":"","overlay-type":"","overlay-color":"","overlay-opacity":"","overlay-gradient":""},"mobile":{"background-color":"","background-image":"","background-repeat":"repeat","background-position":"center center","background-size":"auto","background-attachment":"scroll","background-type":"","background-media":"","overlay-type":"","overlay-color":"","overlay-opacity":"","overlay-gradient":""}},"ast-content-background-meta":{"desktop":{"background-color":"var(--ast-global-color-5)","background-image":"","background-repeat":"repeat","background-position":"center center","background-size":"auto","background-attachment":"scroll","background-type":"","background-media":"","overlay-type":"","overlay-color":"","overlay-opacity":"","overlay-gradient":""},"tablet":{"background-color":"var(--ast-global-color-5)","background-image":"","background-repeat":"repeat","background-position":"center center","background-size":"auto","background-attachment":"scroll","background-type":"","background-media":"","overlay-type":"","overlay-color":"","overlay-opacity":"","overlay-gradient":""},"mobile":{"background-color":"var(--ast-global-color-5)","background-image":"","background-repeat":"repeat","background-position":"center center","background-size":"auto","background-attachment":"scroll","background-type":"","background-media":"","overlay-type":"","overlay-color":"","overlay-opacity":"","overlay-gradient":""}},"iawp_total_views":5},"product_brand":[],"product_cat":[212],"product_tag":[],"class_list":{"0":"post-16402","1":"product","2":"type-product","3":"status-publish","4":"has-post-thumbnail","6":"product_cat-displayport","7":"desktop-align-left","8":"tablet-align-left","9":"mobile-align-left","11":"first","12":"instock","13":"shipping-taxable","14":"purchasable","15":"product-type-simple"},"acf":[],"_links":{"self":[{"href":"https:\/\/www.fjpremium.com\/es\/wp-json\/wp\/v2\/product\/16402","targetHints":{"allow":["GET"]}}],"collection":[{"href":"https:\/\/www.fjpremium.com\/es\/wp-json\/wp\/v2\/product"}],"about":[{"href":"https:\/\/www.fjpremium.com\/es\/wp-json\/wp\/v2\/types\/product"}],"wp:featuredmedia":[{"embeddable":true,"href":"https:\/\/www.fjpremium.com\/es\/wp-json\/wp\/v2\/media\/16403"}],"wp:attachment":[{"href":"https:\/\/www.fjpremium.com\/es\/wp-json\/wp\/v2\/media?parent=16402"}],"wp:term":[{"taxonomy":"product_brand","embeddable":true,"href":"https:\/\/www.fjpremium.com\/es\/wp-json\/wp\/v2\/product_brand?post=16402"},{"taxonomy":"product_cat","embeddable":true,"href":"https:\/\/www.fjpremium.com\/es\/wp-json\/wp\/v2\/product_cat?post=16402"},{"taxonomy":"product_tag","embeddable":true,"href":"https:\/\/www.fjpremium.com\/es\/wp-json\/wp\/v2\/product_tag?post=16402"}],"curies":[{"name":"wp","href":"https:\/\/api.w.org\/{rel}","templated":true}]}}