{"id":16392,"date":"2020-09-09T16:02:39","date_gmt":"2020-09-09T08:02:39","guid":{"rendered":"https:\/\/www.fjpremium.com\/?post_type=product&#038;p=16392"},"modified":"2023-10-07T14:50:45","modified_gmt":"2023-10-07T06:50:45","slug":"mini-displayport-to-mini-displayport-cable-mini-dp-male-to-mini-dp-male-cable-4k-resolution","status":"publish","type":"product","link":"https:\/\/www.fjpremium.com\/es\/product\/mini-displayport-to-mini-displayport-cable-mini-dp-male-to-mini-dp-male-cable-4k-resolution\/","title":{"rendered":"Cable de Mini DisplayPort a Mini DisplayPort DP macho a DP macho Resoluci\u00f3n 4K"},"content":{"rendered":"<p>Este vers\u00e1til cable conecta sin esfuerzo dispositivos equipados con Mini DisplayPort o Thunderbolt 2, como MacBooks, port\u00e1tiles u ordenadores de sobremesa, a televisores HD, monitores, proyectores y otros dispositivos con entrada Mini DisplayPort o Thunderbolt 2.<\/p>\n<p>Garantiza unas im\u00e1genes impresionantes al admitir resoluciones de hasta 4K*2K (3840\u00d72160, Ultra HD) y 1080P (Full HD). As\u00ed disfrutar\u00e1s de una transmisi\u00f3n impecable de se\u00f1ales de v\u00eddeo y audio para disfrutar de streaming de v\u00eddeo y juegos envolventes.<\/p>\n<p>El cable DP macho a DP macho cumple la norma DisplayPort 1.2 y ofrece compatibilidad de alto rendimiento.<\/p>\n<p>Sus especificaciones:<\/p>\n<ul>\n<li>Conductor del cable: Cobre esta\u00f1ado<\/li>\n<li>Aislamiento: PE SKIN\/HDPE espumado<\/li>\n<li>Calibre del cable: 32AWG<\/li>\n<li>Triple apantallado: par trenzado de papel de aluminio, papel de aluminio general, trenzado<\/li>\n<li>Carcasa: Carcasa de ABS o moldeado por inyecci\u00f3n<\/li>\n<li>Cubierta: PVC<\/li>\n<li>Di\u00e1metro exterior: 4,8\u00b10,2 mm<\/li>\n<li>Conformidad: RoHS, REACH<\/li>\n<\/ul>\n<p>Adem\u00e1s, sus conductores totalmente blindados proporcionan inmunidad a las interferencias EMI\/RFI, y los conectores chapados en oro garantizan una transferencia de se\u00f1al superior.<\/p>\n<p>En consecuencia, p\u00f3ngase en contacto con nosotros hoy mismo y a\u00f1\u00e1dalo a su inventario para experimentar un rendimiento fiable y de gran ancho de banda.<\/p>","protected":false},"excerpt":{"rendered":"<p>Experimente una conectividad de audio y v\u00eddeo sin fisuras con el cable DP macho a DP macho de FARSINCE, su soluci\u00f3n para mejorar el cine en casa y las aplicaciones de sobremesa.<\/p>","protected":false},"featured_media":16393,"template":"","meta":{"_acf_changed":false,"_seopress_robots_primary_cat":"","_seopress_titles_title":"Best DP Male to DP Male Cable 4K Resolution - Farsince","_seopress_titles_desc":"","_seopress_robots_index":"","site-sidebar-layout":"default","site-content-layout":"default","ast-site-content-layout":"default","site-content-style":"default","site-sidebar-style":"default","ast-global-header-display":"","ast-banner-title-visibility":"","ast-main-header-display":"","ast-hfb-above-header-display":"","ast-hfb-below-header-display":"","ast-hfb-mobile-header-display":"","site-post-title":"","ast-breadcrumbs-content":"","ast-featured-img":"","footer-sml-layout":"","ast-disable-related-posts":"","theme-transparent-header-meta":"default","adv-header-id-meta":"","stick-header-meta":"","header-above-stick-meta":"","header-main-stick-meta":"","header-below-stick-meta":"","astra-migrate-meta-layouts":"set","ast-page-background-enabled":"default","ast-page-background-meta":{"desktop":{"background-color":"","background-image":"","background-repeat":"repeat","background-position":"center center","background-size":"auto","background-attachment":"scroll","background-type":"","background-media":"","overlay-type":"","overlay-color":"","overlay-opacity":"","overlay-gradient":""},"tablet":{"background-color":"","background-image":"","background-repeat":"repeat","background-position":"center center","background-size":"auto","background-attachment":"scroll","background-type":"","background-media":"","overlay-type":"","overlay-color":"","overlay-opacity":"","overlay-gradient":""},"mobile":{"background-color":"","background-image":"","background-repeat":"repeat","background-position":"center center","background-size":"auto","background-attachment":"scroll","background-type":"","background-media":"","overlay-type":"","overlay-color":"","overlay-opacity":"","overlay-gradient":""}},"ast-content-background-meta":{"desktop":{"background-color":"var(--ast-global-color-5)","background-image":"","background-repeat":"repeat","background-position":"center center","background-size":"auto","background-attachment":"scroll","background-type":"","background-media":"","overlay-type":"","overlay-color":"","overlay-opacity":"","overlay-gradient":""},"tablet":{"background-color":"var(--ast-global-color-5)","background-image":"","background-repeat":"repeat","background-position":"center center","background-size":"auto","background-attachment":"scroll","background-type":"","background-media":"","overlay-type":"","overlay-color":"","overlay-opacity":"","overlay-gradient":""},"mobile":{"background-color":"var(--ast-global-color-5)","background-image":"","background-repeat":"repeat","background-position":"center center","background-size":"auto","background-attachment":"scroll","background-type":"","background-media":"","overlay-type":"","overlay-color":"","overlay-opacity":"","overlay-gradient":""}},"iawp_total_views":5},"product_brand":[],"product_cat":[460,212],"product_tag":[],"class_list":{"0":"post-16392","1":"product","2":"type-product","3":"status-publish","4":"has-post-thumbnail","6":"product_cat-featured-products","7":"product_cat-displayport","8":"desktop-align-left","9":"tablet-align-left","10":"mobile-align-left","12":"first","13":"instock","14":"shipping-taxable","15":"purchasable","16":"product-type-simple"},"acf":[],"_links":{"self":[{"href":"https:\/\/www.fjpremium.com\/es\/wp-json\/wp\/v2\/product\/16392","targetHints":{"allow":["GET"]}}],"collection":[{"href":"https:\/\/www.fjpremium.com\/es\/wp-json\/wp\/v2\/product"}],"about":[{"href":"https:\/\/www.fjpremium.com\/es\/wp-json\/wp\/v2\/types\/product"}],"wp:featuredmedia":[{"embeddable":true,"href":"https:\/\/www.fjpremium.com\/es\/wp-json\/wp\/v2\/media\/16393"}],"wp:attachment":[{"href":"https:\/\/www.fjpremium.com\/es\/wp-json\/wp\/v2\/media?parent=16392"}],"wp:term":[{"taxonomy":"product_brand","embeddable":true,"href":"https:\/\/www.fjpremium.com\/es\/wp-json\/wp\/v2\/product_brand?post=16392"},{"taxonomy":"product_cat","embeddable":true,"href":"https:\/\/www.fjpremium.com\/es\/wp-json\/wp\/v2\/product_cat?post=16392"},{"taxonomy":"product_tag","embeddable":true,"href":"https:\/\/www.fjpremium.com\/es\/wp-json\/wp\/v2\/product_tag?post=16392"}],"curies":[{"name":"wp","href":"https:\/\/api.w.org\/{rel}","templated":true}]}}