{"id":16357,"date":"2020-09-09T15:54:07","date_gmt":"2020-09-09T07:54:07","guid":{"rendered":"https:\/\/www.fjpremium.com\/?post_type=product&#038;p=16357"},"modified":"2023-10-07T17:25:06","modified_gmt":"2023-10-07T09:25:06","slug":"right-left-up-down-displayport-male-to-displayport-female-dp-to-dp-extender-coupler-adapter-up-to-4k","status":"publish","type":"product","link":"https:\/\/www.fjpremium.com\/es\/product\/right-left-up-down-displayport-male-to-displayport-female-dp-to-dp-extender-coupler-adapter-up-to-4k\/","title":{"rendered":"Derecha izquierda arriba abajo Adaptador DisplayPort a DisplayPort DP a DP adaptador de acoplador extensor hasta 4K"},"content":{"rendered":"<p>Este vers\u00e1til adaptador de DisplayPort a DisplayPort, disponible en \u00e1ngulos direccionales izquierdo, derecho, arriba y abajo, garantiza una sincronizaci\u00f3n impecable de audio y v\u00eddeo.<\/p>\n<p>Es perfecto para ampliar su cable DisplayPort actual a dispositivos con entrada DisplayPort, incluidos monitores HD, proyectores, port\u00e1tiles y ordenadores de sobremesa.<\/p>\n<p>El dise\u00f1o en \u00e1ngulo de 90 grados brilla en espacios reducidos, resultando indispensable para esas esquinas de mesa ajustadas y huecos de pared estrechos, permitiendo incluso la instalaci\u00f3n bajo soportes de montaje.<\/p>\n<p>Sus especificaciones:<\/p>\n<ul>\n<li>Conector 1: DisplayPort 1.2v 20 Pin macho<\/li>\n<li>Conector 2: DisplayPort 1.2v 20 Pin hembra<\/li>\n<li>Contacto dorado; carcasa dorada<\/li>\n<li>Carcasa: Carcasa ABS<\/li>\n<li>Conformidad: RoHS, REACH<\/li>\n<\/ul>\n<p>Adem\u00e1s, compatible con una resoluci\u00f3n de v\u00eddeo de hasta 4K@60Hz, la funcionalidad plug-and-play garantiza una configuraci\u00f3n sencilla y sin complicaciones. Por lo tanto, p\u00f3ngase en contacto con nosotros hoy mismo y solicite el adaptador.<\/p>","protected":false},"excerpt":{"rendered":"<p>Presentamos el adaptador DisplayPort a DisplayPort de derecha a izquierda de arriba a abajo de FARSINCE, disponible en cuatro \u00e1ngulos direccionales y compatible con hasta 4K a 60 Hz, perfecto para espacios reducidos.<\/p>","protected":false},"featured_media":16384,"template":"","meta":{"_acf_changed":false,"_seopress_robots_primary_cat":"","_seopress_titles_title":"Best DisplayPort to DisplayPort Adapter - Farsince","_seopress_titles_desc":"Presenting FARSINCE&#039;s right left up down DisplayPort to  DisplayPort adapter, supporting up to 4K@60Hz, perfect for tight spaces.","_seopress_robots_index":"","site-sidebar-layout":"default","site-content-layout":"default","ast-site-content-layout":"default","site-content-style":"default","site-sidebar-style":"default","ast-global-header-display":"","ast-banner-title-visibility":"","ast-main-header-display":"","ast-hfb-above-header-display":"","ast-hfb-below-header-display":"","ast-hfb-mobile-header-display":"","site-post-title":"","ast-breadcrumbs-content":"","ast-featured-img":"","footer-sml-layout":"","ast-disable-related-posts":"","theme-transparent-header-meta":"default","adv-header-id-meta":"","stick-header-meta":"","header-above-stick-meta":"","header-main-stick-meta":"","header-below-stick-meta":"","astra-migrate-meta-layouts":"set","ast-page-background-enabled":"default","ast-page-background-meta":{"desktop":{"background-color":"","background-image":"","background-repeat":"repeat","background-position":"center center","background-size":"auto","background-attachment":"scroll","background-type":"","background-media":"","overlay-type":"","overlay-color":"","overlay-opacity":"","overlay-gradient":""},"tablet":{"background-color":"","background-image":"","background-repeat":"repeat","background-position":"center center","background-size":"auto","background-attachment":"scroll","background-type":"","background-media":"","overlay-type":"","overlay-color":"","overlay-opacity":"","overlay-gradient":""},"mobile":{"background-color":"","background-image":"","background-repeat":"repeat","background-position":"center center","background-size":"auto","background-attachment":"scroll","background-type":"","background-media":"","overlay-type":"","overlay-color":"","overlay-opacity":"","overlay-gradient":""}},"ast-content-background-meta":{"desktop":{"background-color":"var(--ast-global-color-5)","background-image":"","background-repeat":"repeat","background-position":"center center","background-size":"auto","background-attachment":"scroll","background-type":"","background-media":"","overlay-type":"","overlay-color":"","overlay-opacity":"","overlay-gradient":""},"tablet":{"background-color":"var(--ast-global-color-5)","background-image":"","background-repeat":"repeat","background-position":"center center","background-size":"auto","background-attachment":"scroll","background-type":"","background-media":"","overlay-type":"","overlay-color":"","overlay-opacity":"","overlay-gradient":""},"mobile":{"background-color":"var(--ast-global-color-5)","background-image":"","background-repeat":"repeat","background-position":"center center","background-size":"auto","background-attachment":"scroll","background-type":"","background-media":"","overlay-type":"","overlay-color":"","overlay-opacity":"","overlay-gradient":""}},"iawp_total_views":4},"product_brand":[],"product_cat":[212],"product_tag":[],"class_list":{"0":"post-16357","1":"product","2":"type-product","3":"status-publish","4":"has-post-thumbnail","6":"product_cat-displayport","7":"desktop-align-left","8":"tablet-align-left","9":"mobile-align-left","11":"first","12":"instock","13":"shipping-taxable","14":"purchasable","15":"product-type-simple"},"acf":[],"_links":{"self":[{"href":"https:\/\/www.fjpremium.com\/es\/wp-json\/wp\/v2\/product\/16357","targetHints":{"allow":["GET"]}}],"collection":[{"href":"https:\/\/www.fjpremium.com\/es\/wp-json\/wp\/v2\/product"}],"about":[{"href":"https:\/\/www.fjpremium.com\/es\/wp-json\/wp\/v2\/types\/product"}],"wp:featuredmedia":[{"embeddable":true,"href":"https:\/\/www.fjpremium.com\/es\/wp-json\/wp\/v2\/media\/16384"}],"wp:attachment":[{"href":"https:\/\/www.fjpremium.com\/es\/wp-json\/wp\/v2\/media?parent=16357"}],"wp:term":[{"taxonomy":"product_brand","embeddable":true,"href":"https:\/\/www.fjpremium.com\/es\/wp-json\/wp\/v2\/product_brand?post=16357"},{"taxonomy":"product_cat","embeddable":true,"href":"https:\/\/www.fjpremium.com\/es\/wp-json\/wp\/v2\/product_cat?post=16357"},{"taxonomy":"product_tag","embeddable":true,"href":"https:\/\/www.fjpremium.com\/es\/wp-json\/wp\/v2\/product_tag?post=16357"}],"curies":[{"name":"wp","href":"https:\/\/api.w.org\/{rel}","templated":true}]}}