{"id":16355,"date":"2020-09-09T15:54:05","date_gmt":"2020-09-09T07:54:05","guid":{"rendered":"https:\/\/www.fjpremium.com\/?post_type=product&#038;p=16355"},"modified":"2023-10-07T17:26:39","modified_gmt":"2023-10-07T09:26:39","slug":"displayport-male-to-mini-displayport-female-dp-to-mini-dp-extension-coupler-adapter-4k-60hz","status":"publish","type":"product","link":"https:\/\/www.fjpremium.com\/es\/product\/displayport-male-to-mini-displayport-female-dp-to-mini-dp-extension-coupler-adapter-4k-60hz\/","title":{"rendered":"Adaptador DisplayPort macho a Mini DisplayPort hembra DP a Mini DP 4K 60hz"},"content":{"rendered":"<p>Dise\u00f1ado para un alto rendimiento, el adaptador convierte sin esfuerzo un cable DisplayPort en una interfaz con dispositivos mini DisplayPort.<\/p>\n<p>Construido con materiales de primera calidad, garantiza que pueda aprovechar los cables DisplayPort existentes para sincronizar con dispositivos con una interfaz mini DisplayPort.<\/p>\n<p>Adem\u00e1s, al conectar el ordenador con DisplayPort a un televisor de alta definici\u00f3n, monitor o proyector con una entrada mini DP, se garantiza una calidad impecable con una resoluci\u00f3n de hasta 4K@60Hz.<\/p>\n<p>Sus especificaciones:<\/p>\n<ul>\n<li>Conector 1: DisplayPort 1.2v 20 Pin macho<\/li>\n<li>Conector 2: Mini DisplayPort hembra<\/li>\n<li>Contacto dorado; carcasa dorada<\/li>\n<li>Carcasa: Carcasa ABS<\/li>\n<li>Conformidad: RoHS, REACH<\/li>\n<\/ul>\n<p>Disfrutar\u00e1 de una configuraci\u00f3n sin complicaciones, tanto si su objetivo es una pantalla de escritorio ampliada como una pantalla duplicada. En resumen, p\u00f3ngase en contacto con nosotros hoy mismo y a\u00f1ada nuestro adaptador DP a mini DP a su inventario.<\/p>","protected":false},"excerpt":{"rendered":"<p>Maximice la compatibilidad del dispositivo con el adaptador DP a mini DP de FARSINCE, duradero, compatible y dise\u00f1ado para la excelencia, logrando im\u00e1genes pr\u00edstinas de 4K@60Hz.<\/p>","protected":false},"featured_media":16370,"template":"","meta":{"_acf_changed":false,"_seopress_robots_primary_cat":"","_seopress_titles_title":"Best DP to Mini DP Adapter 4K 60hz - Farsince","_seopress_titles_desc":"","_seopress_robots_index":"","site-sidebar-layout":"default","site-content-layout":"default","ast-site-content-layout":"default","site-content-style":"default","site-sidebar-style":"default","ast-global-header-display":"","ast-banner-title-visibility":"","ast-main-header-display":"","ast-hfb-above-header-display":"","ast-hfb-below-header-display":"","ast-hfb-mobile-header-display":"","site-post-title":"","ast-breadcrumbs-content":"","ast-featured-img":"","footer-sml-layout":"","ast-disable-related-posts":"","theme-transparent-header-meta":"default","adv-header-id-meta":"","stick-header-meta":"","header-above-stick-meta":"","header-main-stick-meta":"","header-below-stick-meta":"","astra-migrate-meta-layouts":"set","ast-page-background-enabled":"default","ast-page-background-meta":{"desktop":{"background-color":"","background-image":"","background-repeat":"repeat","background-position":"center center","background-size":"auto","background-attachment":"scroll","background-type":"","background-media":"","overlay-type":"","overlay-color":"","overlay-opacity":"","overlay-gradient":""},"tablet":{"background-color":"","background-image":"","background-repeat":"repeat","background-position":"center center","background-size":"auto","background-attachment":"scroll","background-type":"","background-media":"","overlay-type":"","overlay-color":"","overlay-opacity":"","overlay-gradient":""},"mobile":{"background-color":"","background-image":"","background-repeat":"repeat","background-position":"center center","background-size":"auto","background-attachment":"scroll","background-type":"","background-media":"","overlay-type":"","overlay-color":"","overlay-opacity":"","overlay-gradient":""}},"ast-content-background-meta":{"desktop":{"background-color":"var(--ast-global-color-5)","background-image":"","background-repeat":"repeat","background-position":"center center","background-size":"auto","background-attachment":"scroll","background-type":"","background-media":"","overlay-type":"","overlay-color":"","overlay-opacity":"","overlay-gradient":""},"tablet":{"background-color":"var(--ast-global-color-5)","background-image":"","background-repeat":"repeat","background-position":"center center","background-size":"auto","background-attachment":"scroll","background-type":"","background-media":"","overlay-type":"","overlay-color":"","overlay-opacity":"","overlay-gradient":""},"mobile":{"background-color":"var(--ast-global-color-5)","background-image":"","background-repeat":"repeat","background-position":"center center","background-size":"auto","background-attachment":"scroll","background-type":"","background-media":"","overlay-type":"","overlay-color":"","overlay-opacity":"","overlay-gradient":""}},"iawp_total_views":4},"product_brand":[],"product_cat":[212],"product_tag":[],"class_list":{"0":"post-16355","1":"product","2":"type-product","3":"status-publish","4":"has-post-thumbnail","6":"product_cat-displayport","7":"desktop-align-left","8":"tablet-align-left","9":"mobile-align-left","11":"first","12":"instock","13":"shipping-taxable","14":"purchasable","15":"product-type-simple"},"acf":[],"_links":{"self":[{"href":"https:\/\/www.fjpremium.com\/es\/wp-json\/wp\/v2\/product\/16355","targetHints":{"allow":["GET"]}}],"collection":[{"href":"https:\/\/www.fjpremium.com\/es\/wp-json\/wp\/v2\/product"}],"about":[{"href":"https:\/\/www.fjpremium.com\/es\/wp-json\/wp\/v2\/types\/product"}],"wp:featuredmedia":[{"embeddable":true,"href":"https:\/\/www.fjpremium.com\/es\/wp-json\/wp\/v2\/media\/16370"}],"wp:attachment":[{"href":"https:\/\/www.fjpremium.com\/es\/wp-json\/wp\/v2\/media?parent=16355"}],"wp:term":[{"taxonomy":"product_brand","embeddable":true,"href":"https:\/\/www.fjpremium.com\/es\/wp-json\/wp\/v2\/product_brand?post=16355"},{"taxonomy":"product_cat","embeddable":true,"href":"https:\/\/www.fjpremium.com\/es\/wp-json\/wp\/v2\/product_cat?post=16355"},{"taxonomy":"product_tag","embeddable":true,"href":"https:\/\/www.fjpremium.com\/es\/wp-json\/wp\/v2\/product_tag?post=16355"}],"curies":[{"name":"wp","href":"https:\/\/api.w.org\/{rel}","templated":true}]}}