{"id":16353,"date":"2020-09-09T15:54:03","date_gmt":"2020-09-09T07:54:03","guid":{"rendered":"https:\/\/www.fjpremium.com\/?post_type=product&#038;p=16353"},"modified":"2023-10-07T17:30:44","modified_gmt":"2023-10-07T09:30:44","slug":"displayport-1-2-1-4-to-dvi-adapter-coupler-dp-to-dvi-converter-1080p","status":"publish","type":"product","link":"https:\/\/www.fjpremium.com\/es\/product\/displayport-1-2-1-4-to-dvi-adapter-coupler-dp-to-dvi-converter-1080p\/","title":{"rendered":"DisplayPort 1.2 1.4 a DVI Adaptador Acoplador DP a DVI Convertidor 1080p"},"content":{"rendered":"<p>Dise\u00f1ado para diversas aplicaciones, ya sea un sistema de cine en casa o un ordenador de sobremesa, este adaptador conecta sin problemas dispositivos equipados con DisplayPort (incluidos DP, DP++ y DisplayPort++), como ordenadores port\u00e1tiles y de sobremesa, a televisores de alta definici\u00f3n, monitores, proyectores o cualquier equipo compatible con DVI.<\/p>\n<p>Al ofrecer transmisiones de audio y v\u00eddeo, es ideal para una transmisi\u00f3n de v\u00eddeo envolvente o sesiones de juego atractivas. Adem\u00e1s, ofrece las im\u00e1genes m\u00e1s n\u00edtidas, ya que admite resoluciones de hasta 1080P (Full HD).<\/p>\n<p>La integridad del conversor DP a DVI se mantiene gracias a materiales de primera calidad, con inmunidad a\u00f1adida contra perturbaciones EMI\/RFI gracias a sus conductores totalmente blindados.<\/p>\n<p>La excelencia de la se\u00f1al queda a\u00fan m\u00e1s garantizada con sus conectores chapados en oro de 24 quilates.<\/p>\n<p>Sus especificaciones:<\/p>\n<ul>\n<li>Conductor del cable: Cobre esta\u00f1ado<\/li>\n<li>Carcasa: Carcasa ABS<\/li>\n<li>Chipset: PS8121E<\/li>\n<li>Cubierta: PVC<\/li>\n<li>Conformidad: RoHS, REACH<\/li>\n<\/ul>\n<p>Y con nuestro compromiso con la calidad, supera la prueba del tiempo y los puntos de referencia del sector, reforzado con una garant\u00eda de 2 a\u00f1os. En resumen, p\u00f3ngase en contacto con nosotros hoy mismo y solicite nuestro producto.<\/p>","protected":false},"excerpt":{"rendered":"<p>Experimente una conectividad audiovisual inigualable con el convertidor DP a DVI de Farsince, que ofrece im\u00e1genes impecables de hasta 1080P a 60 Hz y una transmisi\u00f3n de audio impecable.<\/p>","protected":false},"featured_media":16358,"template":"","meta":{"_acf_changed":false,"_seopress_robots_primary_cat":"","_seopress_titles_title":"DP to DVI Converter 1080p - Farsince","_seopress_titles_desc":"","_seopress_robots_index":"","site-sidebar-layout":"default","site-content-layout":"default","ast-site-content-layout":"default","site-content-style":"default","site-sidebar-style":"default","ast-global-header-display":"","ast-banner-title-visibility":"","ast-main-header-display":"","ast-hfb-above-header-display":"","ast-hfb-below-header-display":"","ast-hfb-mobile-header-display":"","site-post-title":"","ast-breadcrumbs-content":"","ast-featured-img":"","footer-sml-layout":"","ast-disable-related-posts":"","theme-transparent-header-meta":"default","adv-header-id-meta":"","stick-header-meta":"","header-above-stick-meta":"","header-main-stick-meta":"","header-below-stick-meta":"","astra-migrate-meta-layouts":"set","ast-page-background-enabled":"default","ast-page-background-meta":{"desktop":{"background-color":"","background-image":"","background-repeat":"repeat","background-position":"center center","background-size":"auto","background-attachment":"scroll","background-type":"","background-media":"","overlay-type":"","overlay-color":"","overlay-opacity":"","overlay-gradient":""},"tablet":{"background-color":"","background-image":"","background-repeat":"repeat","background-position":"center center","background-size":"auto","background-attachment":"scroll","background-type":"","background-media":"","overlay-type":"","overlay-color":"","overlay-opacity":"","overlay-gradient":""},"mobile":{"background-color":"","background-image":"","background-repeat":"repeat","background-position":"center center","background-size":"auto","background-attachment":"scroll","background-type":"","background-media":"","overlay-type":"","overlay-color":"","overlay-opacity":"","overlay-gradient":""}},"ast-content-background-meta":{"desktop":{"background-color":"var(--ast-global-color-5)","background-image":"","background-repeat":"repeat","background-position":"center center","background-size":"auto","background-attachment":"scroll","background-type":"","background-media":"","overlay-type":"","overlay-color":"","overlay-opacity":"","overlay-gradient":""},"tablet":{"background-color":"var(--ast-global-color-5)","background-image":"","background-repeat":"repeat","background-position":"center center","background-size":"auto","background-attachment":"scroll","background-type":"","background-media":"","overlay-type":"","overlay-color":"","overlay-opacity":"","overlay-gradient":""},"mobile":{"background-color":"var(--ast-global-color-5)","background-image":"","background-repeat":"repeat","background-position":"center center","background-size":"auto","background-attachment":"scroll","background-type":"","background-media":"","overlay-type":"","overlay-color":"","overlay-opacity":"","overlay-gradient":""}},"iawp_total_views":28},"product_brand":[],"product_cat":[212],"product_tag":[],"class_list":{"0":"post-16353","1":"product","2":"type-product","3":"status-publish","4":"has-post-thumbnail","6":"product_cat-displayport","7":"desktop-align-left","8":"tablet-align-left","9":"mobile-align-left","11":"first","12":"instock","13":"shipping-taxable","14":"purchasable","15":"product-type-simple"},"acf":[],"_links":{"self":[{"href":"https:\/\/www.fjpremium.com\/es\/wp-json\/wp\/v2\/product\/16353","targetHints":{"allow":["GET"]}}],"collection":[{"href":"https:\/\/www.fjpremium.com\/es\/wp-json\/wp\/v2\/product"}],"about":[{"href":"https:\/\/www.fjpremium.com\/es\/wp-json\/wp\/v2\/types\/product"}],"wp:featuredmedia":[{"embeddable":true,"href":"https:\/\/www.fjpremium.com\/es\/wp-json\/wp\/v2\/media\/16358"}],"wp:attachment":[{"href":"https:\/\/www.fjpremium.com\/es\/wp-json\/wp\/v2\/media?parent=16353"}],"wp:term":[{"taxonomy":"product_brand","embeddable":true,"href":"https:\/\/www.fjpremium.com\/es\/wp-json\/wp\/v2\/product_brand?post=16353"},{"taxonomy":"product_cat","embeddable":true,"href":"https:\/\/www.fjpremium.com\/es\/wp-json\/wp\/v2\/product_cat?post=16353"},{"taxonomy":"product_tag","embeddable":true,"href":"https:\/\/www.fjpremium.com\/es\/wp-json\/wp\/v2\/product_tag?post=16353"}],"curies":[{"name":"wp","href":"https:\/\/api.w.org\/{rel}","templated":true}]}}