{"id":16344,"date":"2020-09-09T15:51:17","date_gmt":"2020-09-09T07:51:17","guid":{"rendered":"https:\/\/www.fjpremium.com\/?post_type=product&#038;p=16344"},"modified":"2023-10-07T17:45:48","modified_gmt":"2023-10-07T09:45:48","slug":"displayport-to-4k-hdmi-2-0-female-adapter-coupler-hdmi-out-to-displayport-in-coupler-up-to-4k-60hz","status":"publish","type":"product","link":"https:\/\/www.fjpremium.com\/es\/product\/displayport-to-4k-hdmi-2-0-female-adapter-coupler-hdmi-out-to-displayport-in-coupler-up-to-4k-60hz\/","title":{"rendered":"Adaptador de DisplayPort a HDMI 4K Acoplador de salida HDMI a entrada Displayport hasta 4K 60hz"},"content":{"rendered":"<p>El adaptador tiende un puente sin esfuerzo entre los dispositivos equipados con DisplayPort (como DP, DP++ y DisplayPort++) y los equipos compatibles con HDMI, como televisores de alta definici\u00f3n, monitores, proyectores, etc.<\/p>\n<p>Ya sea para transmitir v\u00eddeos o jugar, garantiza una transferencia fluida de las se\u00f1ales de audio y v\u00eddeo del ordenador a la pantalla.<\/p>\n<p>Gracias a la compatibilidad con resoluciones Ultra HD de hasta 4K*2K (3840\u00d72160) y Full HD a 1080P (1920\u00d71080), las im\u00e1genes son claras y n\u00edtidas.<\/p>\n<p>Construido con materiales de primera calidad, nuestro adaptador DisplayPort a HDMI 4K es duradero y eficiente.<\/p>\n<p>Sus conductores totalmente blindados resisten las interferencias EMI\/RFI, mientras que los conectores chapados en oro de 24 quilates garantizan una calidad de se\u00f1al \u00f3ptima.<\/p>\n<p>Sus especificaciones:<\/p>\n<ul>\n<li>Triple apantallado: par trenzado de papel de aluminio, papel de aluminio general, trenzado<\/li>\n<li>Carcasa: Carcasa ABS<\/li>\n<li>Chipset: PS8121E<\/li>\n<li>Cubierta: PVC<\/li>\n<li>Conformidad: RoHS, REACH<\/li>\n<\/ul>\n<p>Adem\u00e1s, al cumplir las normas del sector, est\u00e1 respaldado por nuestra garant\u00eda de 2 a\u00f1os. En conclusi\u00f3n, p\u00f3ngase en contacto con nosotros hoy mismo y a\u00f1ada este producto a su inventario.<\/p>","protected":false},"excerpt":{"rendered":"<p>Optimice las configuraciones visuales y de audio con el acoplador adaptador DisplayPort a HDMI 4K de FARSINCE, equipado con blindaje contra interferencias y una garant\u00eda de 2 a\u00f1os.<\/p>","protected":false},"featured_media":16345,"template":"","meta":{"_acf_changed":false,"_seopress_robots_primary_cat":"","_seopress_titles_title":"Best DisplayPort to 4K HDMI Adapter - Farsince","_seopress_titles_desc":"","_seopress_robots_index":"","site-sidebar-layout":"default","site-content-layout":"default","ast-site-content-layout":"default","site-content-style":"default","site-sidebar-style":"default","ast-global-header-display":"","ast-banner-title-visibility":"","ast-main-header-display":"","ast-hfb-above-header-display":"","ast-hfb-below-header-display":"","ast-hfb-mobile-header-display":"","site-post-title":"","ast-breadcrumbs-content":"","ast-featured-img":"","footer-sml-layout":"","ast-disable-related-posts":"","theme-transparent-header-meta":"default","adv-header-id-meta":"","stick-header-meta":"","header-above-stick-meta":"","header-main-stick-meta":"","header-below-stick-meta":"","astra-migrate-meta-layouts":"set","ast-page-background-enabled":"default","ast-page-background-meta":{"desktop":{"background-color":"","background-image":"","background-repeat":"repeat","background-position":"center center","background-size":"auto","background-attachment":"scroll","background-type":"","background-media":"","overlay-type":"","overlay-color":"","overlay-opacity":"","overlay-gradient":""},"tablet":{"background-color":"","background-image":"","background-repeat":"repeat","background-position":"center center","background-size":"auto","background-attachment":"scroll","background-type":"","background-media":"","overlay-type":"","overlay-color":"","overlay-opacity":"","overlay-gradient":""},"mobile":{"background-color":"","background-image":"","background-repeat":"repeat","background-position":"center center","background-size":"auto","background-attachment":"scroll","background-type":"","background-media":"","overlay-type":"","overlay-color":"","overlay-opacity":"","overlay-gradient":""}},"ast-content-background-meta":{"desktop":{"background-color":"var(--ast-global-color-5)","background-image":"","background-repeat":"repeat","background-position":"center center","background-size":"auto","background-attachment":"scroll","background-type":"","background-media":"","overlay-type":"","overlay-color":"","overlay-opacity":"","overlay-gradient":""},"tablet":{"background-color":"var(--ast-global-color-5)","background-image":"","background-repeat":"repeat","background-position":"center center","background-size":"auto","background-attachment":"scroll","background-type":"","background-media":"","overlay-type":"","overlay-color":"","overlay-opacity":"","overlay-gradient":""},"mobile":{"background-color":"var(--ast-global-color-5)","background-image":"","background-repeat":"repeat","background-position":"center center","background-size":"auto","background-attachment":"scroll","background-type":"","background-media":"","overlay-type":"","overlay-color":"","overlay-opacity":"","overlay-gradient":""}},"iawp_total_views":6},"product_brand":[],"product_cat":[212],"product_tag":[],"class_list":{"0":"post-16344","1":"product","2":"type-product","3":"status-publish","4":"has-post-thumbnail","6":"product_cat-displayport","7":"desktop-align-left","8":"tablet-align-left","9":"mobile-align-left","11":"first","12":"instock","13":"shipping-taxable","14":"purchasable","15":"product-type-simple"},"acf":[],"_links":{"self":[{"href":"https:\/\/www.fjpremium.com\/es\/wp-json\/wp\/v2\/product\/16344","targetHints":{"allow":["GET"]}}],"collection":[{"href":"https:\/\/www.fjpremium.com\/es\/wp-json\/wp\/v2\/product"}],"about":[{"href":"https:\/\/www.fjpremium.com\/es\/wp-json\/wp\/v2\/types\/product"}],"wp:featuredmedia":[{"embeddable":true,"href":"https:\/\/www.fjpremium.com\/es\/wp-json\/wp\/v2\/media\/16345"}],"wp:attachment":[{"href":"https:\/\/www.fjpremium.com\/es\/wp-json\/wp\/v2\/media?parent=16344"}],"wp:term":[{"taxonomy":"product_brand","embeddable":true,"href":"https:\/\/www.fjpremium.com\/es\/wp-json\/wp\/v2\/product_brand?post=16344"},{"taxonomy":"product_cat","embeddable":true,"href":"https:\/\/www.fjpremium.com\/es\/wp-json\/wp\/v2\/product_cat?post=16344"},{"taxonomy":"product_tag","embeddable":true,"href":"https:\/\/www.fjpremium.com\/es\/wp-json\/wp\/v2\/product_tag?post=16344"}],"curies":[{"name":"wp","href":"https:\/\/api.w.org\/{rel}","templated":true}]}}