{"id":16329,"date":"2020-09-09T15:41:20","date_gmt":"2020-09-09T07:41:20","guid":{"rendered":"https:\/\/www.fjpremium.com\/?post_type=product&#038;p=16329"},"modified":"2023-10-10T09:30:12","modified_gmt":"2023-10-10T01:30:12","slug":"displayport-dp-to-hdmi-to-vga-2-in-1-adapter-converter-4k-1080p","status":"publish","type":"product","link":"https:\/\/www.fjpremium.com\/es\/product\/displayport-dp-to-hdmi-to-vga-2-in-1-adapter-converter-4k-1080p\/","title":{"rendered":"2 en 1 Adaptador DisplayPort a HDMI VGA Convertidor 4K 1080P"},"content":{"rendered":"<p>Nuestro adaptador DisplayPort a HDMI VGA permite conectar dispositivos compatibles con DisplayPort, como ordenadores, port\u00e1tiles o decodificadores, directamente a televisores de alta definici\u00f3n, monitores o proyectores con puertos HDMI o VGA.<\/p>\n<p>HDMI puede emitir im\u00e1genes de hasta 4K*2K@30Hz, y VGA puede proporcionar hasta 1080P@60Hz. Sin embargo, recuerda que aunque tiene HDMI y VGA, solo puede funcionar con uno a la vez.<\/p>\n<p>Tambi\u00e9n admite modos de visualizaci\u00f3n vers\u00e1tiles, lo que le permite elegir entre los modos dobles espejo y ampliado para una experiencia de visualizaci\u00f3n a medida.<\/p>\n<p>Este adaptador ofrece una funci\u00f3n de configuraci\u00f3n est\u00e9reo. Si utilizas Windows 10, puedes gestionar f\u00e1cilmente la salida de audio seleccionando el dispositivo adecuado en los ajustes de sonido.<\/p>\n<p>Cuenta con conectores chapados en oro y conductores de cobre esta\u00f1ado, triplemente apantallados con papel de aluminio de par trenzado.<\/p>\n<p>La carcasa de ABS garantiza la durabilidad, y la cubierta de PVC a\u00f1ade una capa adicional de protecci\u00f3n.<\/p>\n<p>Sus especificaciones:<\/p>\n<ul>\n<li>Aislamiento: PE SKIN\/HDPE espumado<\/li>\n<li>Calibre del cable: 32AWG<\/li>\n<li>Di\u00e1metro exterior: 4,8\u00b10,2 mm<\/li>\n<\/ul>\n<p>Adem\u00e1s, cumple las normas RoHS y REACH, lo que garantiza su seguridad y fiabilidad. En general, p\u00f3ngase en contacto con nosotros hoy mismo e invierta en el adaptador.<\/p>","protected":false},"excerpt":{"rendered":"<p>Descubra el avanzado adaptador 2 en 1 DisplayPort a HDMI VGA de FARSINCE, una soluci\u00f3n plug-and-play sin complicaciones que actualiza la conexi\u00f3n digital sin esfuerzo.<\/p>","protected":false},"featured_media":16331,"template":"","meta":{"_acf_changed":false,"_seopress_robots_primary_cat":"","_seopress_titles_title":"Best 2 in 1 DisplayPort to HDMI VGA Adapter %%sep%% %%sitetitle%%","_seopress_titles_desc":"","_seopress_robots_index":"","site-sidebar-layout":"default","site-content-layout":"default","ast-site-content-layout":"default","site-content-style":"default","site-sidebar-style":"default","ast-global-header-display":"","ast-banner-title-visibility":"","ast-main-header-display":"","ast-hfb-above-header-display":"","ast-hfb-below-header-display":"","ast-hfb-mobile-header-display":"","site-post-title":"","ast-breadcrumbs-content":"","ast-featured-img":"","footer-sml-layout":"","ast-disable-related-posts":"","theme-transparent-header-meta":"default","adv-header-id-meta":"","stick-header-meta":"","header-above-stick-meta":"","header-main-stick-meta":"","header-below-stick-meta":"","astra-migrate-meta-layouts":"set","ast-page-background-enabled":"default","ast-page-background-meta":{"desktop":{"background-color":"","background-image":"","background-repeat":"repeat","background-position":"center center","background-size":"auto","background-attachment":"scroll","background-type":"","background-media":"","overlay-type":"","overlay-color":"","overlay-opacity":"","overlay-gradient":""},"tablet":{"background-color":"","background-image":"","background-repeat":"repeat","background-position":"center center","background-size":"auto","background-attachment":"scroll","background-type":"","background-media":"","overlay-type":"","overlay-color":"","overlay-opacity":"","overlay-gradient":""},"mobile":{"background-color":"","background-image":"","background-repeat":"repeat","background-position":"center center","background-size":"auto","background-attachment":"scroll","background-type":"","background-media":"","overlay-type":"","overlay-color":"","overlay-opacity":"","overlay-gradient":""}},"ast-content-background-meta":{"desktop":{"background-color":"var(--ast-global-color-5)","background-image":"","background-repeat":"repeat","background-position":"center center","background-size":"auto","background-attachment":"scroll","background-type":"","background-media":"","overlay-type":"","overlay-color":"","overlay-opacity":"","overlay-gradient":""},"tablet":{"background-color":"var(--ast-global-color-5)","background-image":"","background-repeat":"repeat","background-position":"center center","background-size":"auto","background-attachment":"scroll","background-type":"","background-media":"","overlay-type":"","overlay-color":"","overlay-opacity":"","overlay-gradient":""},"mobile":{"background-color":"var(--ast-global-color-5)","background-image":"","background-repeat":"repeat","background-position":"center center","background-size":"auto","background-attachment":"scroll","background-type":"","background-media":"","overlay-type":"","overlay-color":"","overlay-opacity":"","overlay-gradient":""}},"iawp_total_views":61},"product_brand":[],"product_cat":[212],"product_tag":[],"class_list":{"0":"post-16329","1":"product","2":"type-product","3":"status-publish","4":"has-post-thumbnail","6":"product_cat-displayport","7":"desktop-align-left","8":"tablet-align-left","9":"mobile-align-left","11":"first","12":"instock","13":"shipping-taxable","14":"purchasable","15":"product-type-simple"},"acf":[],"_links":{"self":[{"href":"https:\/\/www.fjpremium.com\/es\/wp-json\/wp\/v2\/product\/16329","targetHints":{"allow":["GET"]}}],"collection":[{"href":"https:\/\/www.fjpremium.com\/es\/wp-json\/wp\/v2\/product"}],"about":[{"href":"https:\/\/www.fjpremium.com\/es\/wp-json\/wp\/v2\/types\/product"}],"wp:featuredmedia":[{"embeddable":true,"href":"https:\/\/www.fjpremium.com\/es\/wp-json\/wp\/v2\/media\/16331"}],"wp:attachment":[{"href":"https:\/\/www.fjpremium.com\/es\/wp-json\/wp\/v2\/media?parent=16329"}],"wp:term":[{"taxonomy":"product_brand","embeddable":true,"href":"https:\/\/www.fjpremium.com\/es\/wp-json\/wp\/v2\/product_brand?post=16329"},{"taxonomy":"product_cat","embeddable":true,"href":"https:\/\/www.fjpremium.com\/es\/wp-json\/wp\/v2\/product_cat?post=16329"},{"taxonomy":"product_tag","embeddable":true,"href":"https:\/\/www.fjpremium.com\/es\/wp-json\/wp\/v2\/product_tag?post=16329"}],"curies":[{"name":"wp","href":"https:\/\/api.w.org\/{rel}","templated":true}]}}