{"id":16305,"date":"2020-09-09T15:24:36","date_gmt":"2020-09-09T07:24:36","guid":{"rendered":"https:\/\/www.fjpremium.com\/?post_type=product&#038;p=16305"},"modified":"2023-10-10T09:44:37","modified_gmt":"2023-10-10T01:44:37","slug":"displayport-dp-1-4-8k-cable-for-144hz-monitor-support-8k60hz-4k120hz","status":"publish","type":"product","link":"https:\/\/www.fjpremium.com\/es\/product\/displayport-dp-1-4-8k-cable-for-144hz-monitor-support-8k60hz-4k120hz\/","title":{"rendered":"DisplayPort DP 8K Cable para monitor de 144hz Soporte 8K@60hz, 4K@120hz"},"content":{"rendered":"<p>Nuestro cable est\u00e1 hecho para superar los l\u00edmites, facilitando asombrosas resoluciones de v\u00eddeo de hasta 8K (7680\u00d74320).<\/p>\n<p>No se limita a 8K, sino que se adapta perfectamente a 5K (5120\u00d72880 a 60 Hz), 4K Ultra HD (3840\u00d72160 a 60 Hz) y 1080P (Full HD), lo que garantiza experiencias visuales inigualables.<\/p>\n<p>M\u00e1s all\u00e1 de los efectos visuales, puedes sumergirte en un audio cautivador, pasando sin esfuerzo por canales digitales sin comprimir, ya sean 7.1, 5.1 o un simple 2.<\/p>\n<p>Reforzado con funciones avanzadas como el gran ancho de banda HBR3, la compresi\u00f3n de flujo de pantalla DSC 1.2 y la correcci\u00f3n de errores de avance FEC, este cable DP 8K ofrece un gran ancho de banda de 32,4 Gbps y 32 canales de audio para una experiencia multimedia superior.<\/p>\n<p>Sus especificaciones:<\/p>\n<ul>\n<li>Contacto dorado; carcasa dorada<\/li>\n<li>Conductor del cable: Cobre esta\u00f1ado<\/li>\n<li>Aislamiento: PE SKIN\/HDPE espumado<\/li>\n<li>Calibre del cable: 30AWG(1-3M), 28AWG(5M)<\/li>\n<li>Triple apantallado: par trenzado de papel de aluminio, conjunto de papel de aluminio, trenzado,<\/li>\n<li>Cubierta: PVC<\/li>\n<\/ul>\n<p>Adem\u00e1s, al estar dise\u00f1ado de conformidad con las normas RoHS y REACH y ser compatible con DisplayPort 1.2, es una mezcla de innovaci\u00f3n y compatibilidad. En consecuencia, p\u00f3ngase en contacto con nosotros hoy mismo y a\u00f1\u00e1dalo a su inventario.<\/p>","protected":false},"excerpt":{"rendered":"<p>Ad\u00e9ntrese en el futuro de la tecnolog\u00eda de visualizaci\u00f3n con el innovador cable DP 8K de Farsince, que ofrece audio envolvente y conectividad perfecta.<\/p>","protected":false},"featured_media":16306,"template":"","meta":{"_acf_changed":false,"_seopress_robots_primary_cat":"","_seopress_titles_title":"Best DisplayPort DP 8K Cable for 144hz Monitor %%sep%% %%sitetitle%%","_seopress_titles_desc":"","_seopress_robots_index":"","site-sidebar-layout":"default","site-content-layout":"default","ast-site-content-layout":"default","site-content-style":"default","site-sidebar-style":"default","ast-global-header-display":"","ast-banner-title-visibility":"","ast-main-header-display":"","ast-hfb-above-header-display":"","ast-hfb-below-header-display":"","ast-hfb-mobile-header-display":"","site-post-title":"","ast-breadcrumbs-content":"","ast-featured-img":"","footer-sml-layout":"","ast-disable-related-posts":"","theme-transparent-header-meta":"default","adv-header-id-meta":"","stick-header-meta":"","header-above-stick-meta":"","header-main-stick-meta":"","header-below-stick-meta":"","astra-migrate-meta-layouts":"set","ast-page-background-enabled":"default","ast-page-background-meta":{"desktop":{"background-color":"","background-image":"","background-repeat":"repeat","background-position":"center center","background-size":"auto","background-attachment":"scroll","background-type":"","background-media":"","overlay-type":"","overlay-color":"","overlay-opacity":"","overlay-gradient":""},"tablet":{"background-color":"","background-image":"","background-repeat":"repeat","background-position":"center center","background-size":"auto","background-attachment":"scroll","background-type":"","background-media":"","overlay-type":"","overlay-color":"","overlay-opacity":"","overlay-gradient":""},"mobile":{"background-color":"","background-image":"","background-repeat":"repeat","background-position":"center center","background-size":"auto","background-attachment":"scroll","background-type":"","background-media":"","overlay-type":"","overlay-color":"","overlay-opacity":"","overlay-gradient":""}},"ast-content-background-meta":{"desktop":{"background-color":"var(--ast-global-color-5)","background-image":"","background-repeat":"repeat","background-position":"center center","background-size":"auto","background-attachment":"scroll","background-type":"","background-media":"","overlay-type":"","overlay-color":"","overlay-opacity":"","overlay-gradient":""},"tablet":{"background-color":"var(--ast-global-color-5)","background-image":"","background-repeat":"repeat","background-position":"center center","background-size":"auto","background-attachment":"scroll","background-type":"","background-media":"","overlay-type":"","overlay-color":"","overlay-opacity":"","overlay-gradient":""},"mobile":{"background-color":"var(--ast-global-color-5)","background-image":"","background-repeat":"repeat","background-position":"center center","background-size":"auto","background-attachment":"scroll","background-type":"","background-media":"","overlay-type":"","overlay-color":"","overlay-opacity":"","overlay-gradient":""}},"iawp_total_views":11},"product_brand":[],"product_cat":[212],"product_tag":[],"class_list":{"0":"post-16305","1":"product","2":"type-product","3":"status-publish","4":"has-post-thumbnail","6":"product_cat-displayport","7":"desktop-align-left","8":"tablet-align-left","9":"mobile-align-left","11":"first","12":"instock","13":"shipping-taxable","14":"purchasable","15":"product-type-simple"},"acf":[],"_links":{"self":[{"href":"https:\/\/www.fjpremium.com\/es\/wp-json\/wp\/v2\/product\/16305","targetHints":{"allow":["GET"]}}],"collection":[{"href":"https:\/\/www.fjpremium.com\/es\/wp-json\/wp\/v2\/product"}],"about":[{"href":"https:\/\/www.fjpremium.com\/es\/wp-json\/wp\/v2\/types\/product"}],"wp:featuredmedia":[{"embeddable":true,"href":"https:\/\/www.fjpremium.com\/es\/wp-json\/wp\/v2\/media\/16306"}],"wp:attachment":[{"href":"https:\/\/www.fjpremium.com\/es\/wp-json\/wp\/v2\/media?parent=16305"}],"wp:term":[{"taxonomy":"product_brand","embeddable":true,"href":"https:\/\/www.fjpremium.com\/es\/wp-json\/wp\/v2\/product_brand?post=16305"},{"taxonomy":"product_cat","embeddable":true,"href":"https:\/\/www.fjpremium.com\/es\/wp-json\/wp\/v2\/product_cat?post=16305"},{"taxonomy":"product_tag","embeddable":true,"href":"https:\/\/www.fjpremium.com\/es\/wp-json\/wp\/v2\/product_tag?post=16305"}],"curies":[{"name":"wp","href":"https:\/\/api.w.org\/{rel}","templated":true}]}}